{"id":3723,"date":"2021-02-14T11:26:36","date_gmt":"2021-02-14T10:26:36","guid":{"rendered":"http:\/\/mdrncmp.webd.pro\/mdkfortest\/?page_id=3723"},"modified":"2026-03-31T07:57:24","modified_gmt":"2026-03-31T05:57:24","slug":"deklaracja-dostepnosci","status":"publish","type":"page","link":"https:\/\/mdkoswiecim.pl\/index.php\/deklaracja-dostepnosci\/","title":{"rendered":"Deklaracja dost\u0119pno\u015bci"},"content":{"rendered":"<p>[vc_row][vc_column][vc_column_text]<\/p>\n<h1>Deklaracja dost\u0119pno\u015bci<\/h1>\n<section id=\"a11y-wstep\"><span id=\"a11y-podmiot\">M\u0142odzie\u017cowy Dom Kultury w O\u015bwi\u0119cimiu<\/span> zobowi\u0105zuje si\u0119 zapewni\u0107 dost\u0119pno\u015b\u0107 swojej <span id=\"a11y-zakres\">strony internetowej<\/span> zgodnie z ustaw\u0105 z dnia 4 kwietnia 2019 r. o dost\u0119pno\u015bci cyfrowej stron internetowych i aplikacji mobilnych podmiot\u00f3w publicznych.Deklaracja dost\u0119pno\u015bci dotyczy strony <a id=\"a11y-url\" href=\"https:\/\/mdkoswiecim.pl\" target=\"_blank\" rel=\"noopener\">https:\/\/mdkoswiecim.pl<\/a>.<\/section>\n<section>\n<ul>\n<li>Data publikacji strony internetowej: <time id=\"a11y-data-publikacja\" datetime=\"2009-12-28\">28 grudnia 2009 r.<\/time><\/li>\n<li>Data ostatniej istotnej aktualizacji: <time id=\"a11y-data-aktualizacja\" datetime=\"2020-06-23\">23 wrze\u015bnia 2020 r.<\/time><\/li>\n<\/ul>\n<\/section>\n<section>\n<h2>Stan dost\u0119pno\u015bci cyfrowej<\/h2>\n<p id=\"a11y-status\">Ta strona internetowa jest cz\u0119\u015bciowo zgodna z za\u0142\u0105cznikiem do ustawy o dost\u0119pno\u015bci cyfrowej z dnia 4 kwietnia 2019 r. o dost\u0119pno\u015bci cyfrowej stron internetowych i aplikacji mobilnych podmiot\u00f3w publicznych z powodu [niezgodno\u015bci i wy\u0142\u0105cze\u0144] wymienionych poni\u017cej.<\/p>\n<\/section>\n<section>\n<h2>Niedost\u0119pne tre\u015bci<\/h2>\n<section>\n<h3>Niezgodno\u015b\u0107 z za\u0142\u0105cznikiem<\/h3>\n<ul>\n<li>Filmy nie posiadaj\u0105 audiodeskrypcji dla os\u00f3b niewidomych.<\/li>\n<li>Dokumenty PDF mog\u0105 nie posiada\u0107 wersji przystosowanej dla os\u00f3b niewidomych.<\/li>\n<li>Cz\u0119\u015b\u0107 z opublikowanych zdj\u0119\u0107 nie posiada opisu alternatywnego, maj\u0105 one charakter promocyjny i nie s\u0105 wykorzystywane do realizacji bie\u017c\u0105cych zada\u0144.<\/li>\n<li>Strona nie posiada wersji kontrastowej, mo\u017cliwo\u015bci zmiany rozmiaru tekstu, widocznego fokusa, wyr\u00f3\u017cnienia odno\u015bnik\u00f3w i tytu\u0142\u00f3w.<\/li>\n<\/ul>\n<\/section>\n<section>\n<h3>Tre\u015bci nieobj\u0119te przepisami<\/h3>\n<ul>\n<li>Publikowane zdj\u0119cia nie posiadaj\u0105 opisu alternatywnego, maj\u0105 one charakter promocyjny i nie s\u0105 wykorzystywane do realizacji bie\u017c\u0105cych zada\u0144.<\/li>\n<\/ul>\n<\/section>\n<\/section>\n<section>\n<h2>Przygotowanie deklaracji dost\u0119pno\u015bci<\/h2>\n<ul>\n<li>Data sporz\u0105dzenia deklaracji: <time id=\"a11y-data-sporzadzenie\" datetime=\"2026-03-30\">1 pa\u017adziernika 2020 r.<\/time><\/li>\n<li>Data ostatniego przegl\u0105du deklaracji: <time id=\"a11y-data-przeglad\" datetime=\"2026-03-25\">25 marca 2026 r.<\/time><\/li>\n<\/ul>\n<p>Deklaracj\u0119 sporz\u0105dzili\u015bmy na podstawie samooceny w oparciu o <a href=\"https:\/\/www.gov.pl\/attachment\/1a3e2bb5-6d60-4897-ac2f-07a8e91e70ed\">List\u0119 kontroln\u0105 do badania dost\u0119pno\u015bci cyfrowej strony internetowej v. 2.2 (docx, 0,12MB)<\/a>.<\/p>\n<\/section>\n<section>\n<h2>Informacje zwrotne i dane kontaktowe<\/h2>\n<p>Wszystkie problemy z dost\u0119pno\u015bci\u0105 cyfrow\u0105 tej strony internetowej mo\u017cesz zg\u0142osi\u0107 do <span id=\"a11y-kontakt\">Ewa Czerwik<\/span> &#8211; mejlowo <a id=\"a11y-email\" href=\"mailto:sekretariat.mdk@powiat.oswiecim.pl\">sekretariat.mdk@powiat.oswiecim.pl<\/a> lub telefonicznie <a id=\"a11y-telefon\" href=\"tel:338424264\">33 8424264<\/a>.<\/p>\n<p>Ka\u017cdy ma prawo wyst\u0105pi\u0107 z \u017c\u0105daniem zapewnienia dost\u0119pno\u015bci cyfrowej tej strony internetowej lub jej element\u00f3w.<\/p>\n<p>Zg\u0142aszaj\u0105c takie \u017c\u0105danie podaj:<\/p>\n<ul>\n<li>swoje imi\u0119 i nazwisko,<\/li>\n<li>swoje dane kontaktowe (np. numer telefonu, e-mail),<\/li>\n<li>dok\u0142adny adres strony internetowej, na kt\u00f3rej jest niedost\u0119pny cyfrowo element lub tre\u015b\u0107,<\/li>\n<li>opis na czym polega problem i jaki spos\u00f3b jego rozwi\u0105zania by\u0142by dla Ciebie najwygodniejszy.<\/li>\n<\/ul>\n<p>Na Twoje zg\u0142oszenie odpowiemy najszybciej jak to mo\u017cliwe, nie p\u00f3\u017aniej ni\u017c w ci\u0105gu 7 dni od jego otrzymania.<\/p>\n<p>Je\u017celi ten termin b\u0119dzie dla nas zbyt kr\u00f3tki poinformujemy Ci\u0119 o tym. W tej informacji podamy nowy termin, do kt\u00f3rego poprawimy zg\u0142oszone przez Ciebie b\u0142\u0119dy lub przygotujemy informacje w alternatywny spos\u00f3b. Ten nowy termin nie b\u0119dzie d\u0142u\u017cszy ni\u017c 2 miesi\u0105ce.<\/p>\n<p>Je\u017celi nie b\u0119dziemy w stanie zapewni\u0107 dost\u0119pno\u015bci cyfrowej strony internetowej lub tre\u015bci, wskazanej w Twoim \u017c\u0105daniu, zaproponujemy Ci dost\u0119p do nich w alternatywny spos\u00f3b.<\/p>\n<\/section>\n<section id=\"a11y-procedura\">\n<h2>Obs\u0142uga wniosk\u00f3w i skarg zwi\u0105zanych z dost\u0119pno\u015bci\u0105<\/h2>\n<p>Je\u017celi w odpowiedzi na Tw\u00f3j wniosek o zapewnienie dost\u0119pno\u015bci cyfrowej, odm\u00f3wimy zapewnienia \u017c\u0105danej przez Ciebie dost\u0119pno\u015bci cyfrowej, a Ty nie zgadzasz si\u0119 z t\u0105 odmow\u0105, masz prawo z\u0142o\u017cy\u0107 skarg\u0119.<\/p>\n<p>Skarg\u0119 masz prawo z\u0142o\u017cy\u0107 tak\u017ce, je\u015bli nie zgadzasz si\u0119 na skorzystanie z alternatywnego sposobu dost\u0119pu, kt\u00f3ry zaproponowali\u015bmy Ci w odpowiedzi na Tw\u00f3j wniosek o zapewnienie dost\u0119pno\u015bci cyfrowej.<\/p>\n<p>Ewentualn\u0105 skarg\u0119 z\u0142\u00f3\u017c listownie lub mailem do kierownictwa naszego urz\u0119du:<\/p>\n<ul>\n<li><span id=\"a11y-procedura-kierownik\">Alina Kwarciak<\/span>,<\/li>\n<li>Adres: <span id=\"a11y-procedura-adres\">ul. Olszewskiego 1, 32-600 O\u015bwi\u0119cim<\/span>,<\/li>\n<li>mejl: <a id=\"a11y-procedura-email\" href=\"mailto:sekretariat.mdk@powiat.oswiecim.pl\">sekretariat.mdk@powiat.oswiecim.pl<\/a>.<\/li>\n<\/ul>\n<p><a href=\"https:\/\/www.gov.pl\/web\/gov\/zloz-wniosek-o-zapewnienie-dostepnosci-cyfrowej-strony-internetowej-lub-aplikacji-mobilnej\">Pomocne mog\u0105 by\u0107 informacje, kt\u00f3re mo\u017cna znale\u017a\u0107 na rz\u0105dowym portalu gov.pl<\/a>.<\/p>\n<p>Mo\u017cesz tak\u017ce poinformowa\u0107 o tej sytuacji <a href=\"https:\/\/bip.brpo.gov.pl\/\">Rzecznika Praw Obywatelskich<\/a> i poprosi\u0107 o interwencj\u0119 w Twojej sprawie.<\/p>\n<\/section>\n<section>\n<h2>Pozosta\u0142e informacje<\/h2>\n<section id=\"a11y-architektura\">\n<h3>Dost\u0119pno\u015b\u0107 architektoniczna<\/h3>\n<section>\n<h4>M\u0142odzie\u017cowy Dom Kultury<\/h4>\n<address>\n<div>ul. Olszewskiego 1<\/div>\n<div>32-600 O\u015bwi\u0119cim<\/div>\n<\/address>\n<section>\n<h5>Parking<\/h5>\n<ul>\n<li>Nie mamy parkingu.<\/li>\n<\/ul>\n<\/section>\n<section>\n<h5>Pies asystuj\u0105cy<\/h5>\n<ul>\n<li>Mo\u017cesz przyj\u015b\u0107 z psem asystuj\u0105cym lub psem przewodnikiem. Pami\u0119taj o certyfikacie psa asystuj\u0105cego i za\u015bwiadczeniu o szczepieniu.<\/li>\n<\/ul>\n<\/section>\n<section>\n<h5>Wej\u015bcie do budynku<\/h5>\n<ul>\n<li>Do wej\u015bcia prowadz\u0105 schody.<\/li>\n<li>Przy schodach znajduje si\u0119 por\u0119cz.<\/li>\n<li>Drzwi musisz otworzy\u0107 r\u0119cznie.<\/li>\n<li>Otwieraj\u0105 si\u0119 na zewn\u0105trz.<\/li>\n<li>Otworzenie drzwi wymaga du\u017cej si\u0142y.<\/li>\n<\/ul>\n<\/section>\n<section>\n<h5>Przestrze\u0144 za wej\u015bciem<\/h5>\n<ul>\n<li>Pomieszczenie jest dobrze o\u015bwietlone.<\/li>\n<\/ul>\n<\/section>\n<section>\n<h5>Ci\u0105gi poziome<\/h5>\n<ul>\n<li>Pomieszczenia znajduj\u0105 si\u0119 na jednej kondygnacji, ale na r\u00f3\u017cnych poziomach.<\/li>\n<li>Cz\u0119\u015b\u0107 korytarzy nie jest dost\u0119pna dla os\u00f3b poruszaj\u0105cych si\u0119 na w\u00f3zkach.<\/li>\n<\/ul>\n<\/section>\n<section>\n<h5>Ci\u0105gi pionowe<\/h5>\n<ul>\n<li>Na inne kondygnacje mo\u017cesz si\u0119 dosta\u0107 za pomoc\u0105 schod\u00f3w<\/li>\n<\/ul>\n<section>\n<h6>Schody<\/h6>\n<ul>\n<li>Przy schodach znajduje si\u0119 por\u0119cz wzd\u0142u\u017c ca\u0142ego ci\u0105gu.<\/li>\n<\/ul>\n<\/section>\n<\/section>\n<section>\n<h5>Pomieszczenia<\/h5>\n<ul>\n<li>Pomieszczenia nie s\u0105 dost\u0119pne dla os\u00f3b na w\u00f3zkach.<\/li>\n<\/ul>\n<\/section>\n<section>\n<h5>\u0141azienka<\/h5>\n<ul>\n<li>Nie mamy dost\u0119pnej toalety.<\/li>\n<li>Drzwi otwieraj\u0105 si\u0119 na zewn\u0105trz.<\/li>\n<li>Nie ma pochwyt\u00f3w przy ust\u0119pie.<\/li>\n<\/ul>\n<\/section>\n<\/section>\n<\/section>\n<section id=\"a11y-komunikacja\">\n<h3>Dost\u0119pno\u015b\u0107 komunikacyjno-informacyjna<\/h3>\n<ul>\n<li>Aktualny raport z zapewnienia dost\u0119pno\u015bci: mdkoswiecim.pl<\/li>\n<li>Deklaracja dost\u0119pno\u015bci zosta\u0142a przygotowana w <a href=\"https:\/\/deklaracja-dostepnosci.info\/generator\">Generatorze Deklaracji Dost\u0119pno\u015bci<\/a>.<\/li>\n<\/ul>\n<\/section>\n<\/section>\n<p>DEKLARACJA DOST\u0118PNO\u015aCI &#8211; 2020 R.<\/p>\n<p>Deklaracja dost\u0119pno\u015bci zosta\u0142a przygotowana w oparciu o przepisy obowi\u0105zuj\u0105cego prawa w szczeg\u00f3lno\u015bci:<\/p>\n<p>1) Ustaw\u0119 z dnia 4 kwietnia 2019 r. o dost\u0119pno\u015bci cyfrowej stron internetowych i aplikacji mobilnych podmiot\u00f3w publicznych,<\/p>\n<p>2) Decyzj\u0119 wykonawcz\u0105 Komisji (UE) 2018\/1523 z dnia 11 pa\u017adziernika 2018 r. ustanawiaj\u0105ca wz\u00f3r o\u015bwiadczenia w sprawie dost\u0119pno\u015bci zgodnie z dyrektyw\u0105 Parlamentu Europejskiego i Rady (UE) 2016\/2102 w sprawie dost\u0119pno\u015bci stron internetowych i mobilnych aplikacji organ\u00f3w sektora publicznego,<\/p>\n<p>3) Warunkami technicznymi publikacji oraz struktura dokumentu elektronicznego \u201cDeklaracji Dost\u0119pno\u015bci\u201d opublikowanymi przez Ministerstwo Cyfryzacji \u2013 ich najnowsz\u0105 wersj\u0105 \u2013 dokument jest aktualizowany przez Ministerstwo Cyfryzacji ostatnia wersja 1.4 uwzgl\u0119dnia zmiany z 15.11.2019 r.<\/p>\n<p><strong>M\u0142odzie\u017cowy Dom Kultury w O\u015bwi\u0119cimiu<\/strong>\u00a0zobowi\u0105zuje si\u0119 zapewni\u0107 dost\u0119pno\u015b\u0107 strony plac\u00f3wki\u00a0<strong><u>https:\/\/mdkoswiecim.pl<\/u><\/strong>\u00a0zgodnie z\u00a0ustaw\u0105 z dnia 4 kwietnia 2019\u00a0r. o dost\u0119pno\u015bci cyfrowej stron internetowych i aplikacji mobilnych podmiot\u00f3w publicznych.<\/p>\n<p>Niniejsze o\u015bwiadczenie w sprawie dost\u0119pno\u015bci ma zastosowanie do strony MDK dost\u0119pnej pod adresem<strong><u>\u00a0https:\/\/mdkoswiecim.pl<\/u><\/strong><\/p>\n<p>Data publikacji strony internetowej:\u00a0<strong>28.12.2009 r.<\/strong><\/p>\n<p>Data ostatniej kluczowej aktualizacji:<strong>23.09.2020 r.<\/strong><\/p>\n<p><strong>Status pod wzgl\u0119dem zgodno\u015bci z ustaw\u0105<\/strong><\/p>\n<p>Strona internetowa jest cz\u0119\u015bciowo zgodna z ustaw\u0105 z dnia 4 kwietnia 2019 r. o dost\u0119pno\u015bci cyfrowej stron internetowych i aplikacji mobilnych podmiot\u00f3w publicznych z powodu niezgodno\u015bci lub wy\u0142\u0105cze\u0144 wymienionych poni\u017cej.<\/p>\n<ul>\n<li>Filmy nie posiadaj\u0105 audiodeskrypcji dla os\u00f3b niewidomych,<\/li>\n<li>Dokumenty PDF mog\u0105 nie posiada\u0107 wersji przystosowanej dla os\u00f3b niewidomych.<\/li>\n<li>Cz\u0119\u015b\u0107 z opublikowanych zdj\u0119\u0107 nie posiada opisu alternatywnego, maj\u0105 one charakter promocyjny i nie s\u0105 wykorzystywane do realizacji bie\u017c\u0105cych zada\u0144.<\/li>\n<li>Strona nie posiada wersji kontrastowej, mo\u017cliwo\u015bci zmiany rozmiaru tekstu, widocznego fokusa, wyr\u00f3\u017cnienia odno\u015bnik\u00f3w i tytu\u0142\u00f3w.<\/li>\n<\/ul>\n<p>Wy\u0142\u0105czenia:<\/p>\n<ul>\n<li>Publikowane zdj\u0119cia nie posiadaj\u0105 opisu alternatywnego, maj\u0105 one charakter promocyjny i nie s\u0105 wykorzystywane do realizacji bie\u017c\u0105cych zada\u0144.<\/li>\n<\/ul>\n<p><strong>Data sporz\u0105dzenia Deklaracji i metoda oceny dost\u0119pno\u015bci cyfrowej<\/strong><\/p>\n<p>Niniejsze o\u015bwiadczenie sporz\u0105dzono dnia\u00a0<strong>23.09.2020<\/strong>, zmodyfikowano dnia 01.10.2020 r.<\/p>\n<p>Deklaracj\u0119 sporz\u0105dzono na podstawie audytu dost\u0119pno\u015bci z dnia 25.09.2020 r. wykonanej przez Pracowni\u0119 Otus\/Bart\u0142omiej Filous.<\/p>\n<p><strong>Skr\u00f3ty klawiaturowe<\/strong><\/p>\n<p>Na stronie i podstronach\u00a0<strong><u>https:\/\/mdkoswiecim.pl<\/u><\/strong>\u00a0mo\u017cna u\u017cywa\u0107 standardowych skr\u00f3t\u00f3w klawiaturowych przegl\u0105darki.<\/p>\n<p><strong>Informacje zwrotne i dane kontaktowe<\/strong><\/p>\n<p>W przypadku problem\u00f3w z dost\u0119pno\u015bci\u0105 strony internetowej lub uwagami co do jej funkcjonowania prosimy o kontakt. Osob\u0105 kontaktow\u0105 jest\u00a0<strong>Ewa Czerwik, e-mail: sekretariat.mdk@powiat.oswiecim.pl<\/strong>\u00a0T\u0105 sam\u0105 drog\u0105 mo\u017cna sk\u0142ada\u0107 wnioski o udost\u0119pnienie informacji niedost\u0119pnej cyfrowo oraz sk\u0142ada\u0107 \u017c\u0105dania zapewnienia dost\u0119pno\u015bci cyfrowej.<\/p>\n<p>M\u0142odzie\u017cowy Dom Kultury w O\u015bwi\u0119cimiu<\/p>\n<p>ul. Olszewskiego 1<\/p>\n<p>32-600 O\u015bwi\u0119cim<\/p>\n<p>tel: 33 842 42 64<\/p>\n<p>mail: sekretariat.mdk@powiat.oswiecim.pl<\/p>\n<p><strong>Informacje na temat procedury<\/strong><\/p>\n<p>Ka\u017cdy ma prawo do wyst\u0105pienia z \u017c\u0105daniem zapewnienia dost\u0119pno\u015bci cyfrowej strony internetowej lub jakiego\u015b jej elementu. Mo\u017cna tak\u017ce za\u017c\u0105da\u0107 udost\u0119pnienia informacji za pomoc\u0105 alternatywnego sposobu dost\u0119pu, na przyk\u0142ad przez odczytanie niedost\u0119pnego cyfrowo dokumentu, opisanie zawarto\u015bci filmu bez audiodeskrypcji itp. \u017b\u0105danie powinno zawiera\u0107 dane osoby zg\u0142aszaj\u0105cej \u017c\u0105danie, wskazanie, o kt\u00f3r\u0105 stron\u0119 internetow\u0105 chodzi oraz spos\u00f3b kontaktu. Je\u017celi osoba \u017c\u0105daj\u0105ca zg\u0142asza potrzeb\u0119 otrzymania informacji za pomoc\u0105 alternatywnego sposobu dost\u0119pu, powinna tak\u017ce okre\u015bli\u0107 dogodny dla niej spos\u00f3b przedstawienia tej informacji. Podmiot publiczny powinien zrealizowa\u0107 \u017c\u0105danie niezw\u0142ocznie, nie p\u00f3\u017aniej ni\u017c w\u00a0ci\u0105gu 7 dni od dnia wyst\u0105pienia z \u017c\u0105daniem. Je\u017celi dotrzymanie tego terminu nie jest mo\u017cliwe, podmiot publiczny niezw\u0142ocznie informuje o tym wnosz\u0105cego \u017c\u0105danie, kiedy realizacja \u017c\u0105dania b\u0119dzie mo\u017cliwa, przy czym termin ten nie mo\u017ce by\u0107 d\u0142u\u017cszy ni\u017c 2 miesi\u0105ce od dnia wyst\u0105pienia z \u017c\u0105daniem. Je\u017celi zapewnienie dost\u0119pno\u015bci cyfrowej nie jest mo\u017cliwe, podmiot publiczny mo\u017ce zaproponowa\u0107 alternatywny spos\u00f3b dost\u0119pu do informacji. W\u00a0przypadku, gdy podmiot publiczny odm\u00f3wi realizacji \u017c\u0105dania zapewnienia dost\u0119pno\u015bci lub alternatywnego sposobu dost\u0119pu do informacji, wnosz\u0105cy \u017c\u0105danie mo\u017cne z\u0142o\u017cy\u0107 skarg\u0119 w\u00a0sprawie zapewniana dost\u0119pno\u015bci cyfrowej strony internetowej lub jej elementu. Po wyczerpaniu wskazanej wy\u017cej procedury mo\u017cna tak\u017ce z\u0142o\u017cy\u0107 wniosek do \u00a0Rzecznika Praw Obywatelskich \u2013\u00a0<a href=\"http:\/\/www.rpo.gov.pl\/\">http:\/\/www.rpo.gov.pl<\/a><\/p>\n<p><strong>Dost\u0119pno\u015b\u0107 architektoniczna<\/strong><\/p>\n<p>Budynek M\u0142odzie\u017cowego Domu Kultury w O\u015bwi\u0119cimiu, ul. Olszewskiego 1, 32-600 O\u015bwi\u0119cim nie oferuje specjalnych udogodnie\u0144 zwi\u0105zanych z niepe\u0142nosprawno\u015bci\u0105 ruchow\u0105.<\/p>\n<p>Do budynku mo\u017ce wej\u015b\u0107 osoba z psem asystuj\u0105cym oraz psem przewodnikiem.<\/p>\n<p>\u017baden z pracownik\u00f3w M\u0142odzie\u017cowego Domu Kultury nie pos\u0142uguje si\u0119 j\u0119zykiem migowym.<\/p>\n<p>Brak mo\u017cliwo\u015bci korzystania z t\u0142umacza migowego on-line.[\/vc_column_text][\/vc_column][vc_column][\/vc_column][vc_column][\/vc_column][\/vc_row]<\/p>\n","protected":false},"excerpt":{"rendered":"<p>[vc_row][vc_column][vc_column_text] Deklaracja dost\u0119pno\u015bci M\u0142odzie\u017cowy Dom Kultury w O\u015bwi\u0119cimiu zobowi\u0105zuje si\u0119 zapewni\u0107 dost\u0119pno\u015b\u0107 swojej strony internetowej zgodnie z ustaw\u0105 z dnia 4 kwietnia 2019 r. o dost\u0119pno\u015bci cyfrowej stron internetowych i aplikacji mobilnych podmiot\u00f3w publicznych.Deklaracja dost\u0119pno\u015bci dotyczy strony https:\/\/mdkoswiecim.pl. Data publikacji strony internetowej: 28 grudnia 2009 r. Data ostatniej istotnej aktualizacji: 23 wrze\u015bnia 2020 r. Stan [&hellip;]<\/p>\n","protected":false},"author":1,"featured_media":0,"parent":0,"menu_order":0,"comment_status":"closed","ping_status":"closed","template":"","meta":{"footnotes":""},"class_list":["post-3723","page","type-page","status-publish","hentry"],"yoast_head":"<!-- This site is optimized with the Yoast SEO plugin v16.1.1 - https:\/\/yoast.com\/wordpress\/plugins\/seo\/ -->\n<title>Deklaracja dost\u0119pno\u015bci - MDK<\/title>\n<link rel=\"canonical\" href=\"https:\/\/mdkoswiecim.pl\/index.php\/deklaracja-dostepnosci\/\" \/>\n<meta property=\"og:locale\" content=\"pl_PL\" \/>\n<meta property=\"og:type\" content=\"article\" \/>\n<meta property=\"og:title\" content=\"Deklaracja dost\u0119pno\u015bci - MDK\" \/>\n<meta property=\"og:description\" content=\"[vc_row][vc_column][vc_column_text] Deklaracja dost\u0119pno\u015bci M\u0142odzie\u017cowy Dom Kultury w O\u015bwi\u0119cimiu zobowi\u0105zuje si\u0119 zapewni\u0107 dost\u0119pno\u015b\u0107 swojej strony internetowej zgodnie z ustaw\u0105 z dnia 4 kwietnia 2019 r. o dost\u0119pno\u015bci cyfrowej stron internetowych i aplikacji mobilnych podmiot\u00f3w publicznych.Deklaracja dost\u0119pno\u015bci dotyczy strony https:\/\/mdkoswiecim.pl. Data publikacji strony internetowej: 28 grudnia 2009 r. Data ostatniej istotnej aktualizacji: 23 wrze\u015bnia 2020 r. Stan [&hellip;]\" \/>\n<meta property=\"og:url\" content=\"https:\/\/mdkoswiecim.pl\/index.php\/deklaracja-dostepnosci\/\" \/>\n<meta property=\"og:site_name\" content=\"MDK\" \/>\n<meta property=\"article:modified_time\" content=\"2026-03-31T05:57:24+00:00\" \/>\n<meta name=\"twitter:card\" content=\"summary_large_image\" \/>\n<meta name=\"twitter:label1\" content=\"Szacowany czas czytania\">\n\t<meta name=\"twitter:data1\" content=\"8 minut\">\n<script type=\"application\/ld+json\" class=\"yoast-schema-graph\">{\"@context\":\"https:\/\/schema.org\",\"@graph\":[{\"@type\":\"WebSite\",\"@id\":\"https:\/\/mdkoswiecim.pl\/#website\",\"url\":\"https:\/\/mdkoswiecim.pl\/\",\"name\":\"MDK\",\"description\":\"M\\u0142odzie\\u017cowy Dom Kultury w O\\u015bwi\\u0119cimiu\",\"potentialAction\":[{\"@type\":\"SearchAction\",\"target\":\"https:\/\/mdkoswiecim.pl\/?s={search_term_string}\",\"query-input\":\"required name=search_term_string\"}],\"inLanguage\":\"pl-PL\"},{\"@type\":\"WebPage\",\"@id\":\"https:\/\/mdkoswiecim.pl\/index.php\/deklaracja-dostepnosci\/#webpage\",\"url\":\"https:\/\/mdkoswiecim.pl\/index.php\/deklaracja-dostepnosci\/\",\"name\":\"Deklaracja dost\\u0119pno\\u015bci - MDK\",\"isPartOf\":{\"@id\":\"https:\/\/mdkoswiecim.pl\/#website\"},\"datePublished\":\"2021-02-14T10:26:36+00:00\",\"dateModified\":\"2026-03-31T05:57:24+00:00\",\"breadcrumb\":{\"@id\":\"https:\/\/mdkoswiecim.pl\/index.php\/deklaracja-dostepnosci\/#breadcrumb\"},\"inLanguage\":\"pl-PL\",\"potentialAction\":[{\"@type\":\"ReadAction\",\"target\":[\"https:\/\/mdkoswiecim.pl\/index.php\/deklaracja-dostepnosci\/\"]}]},{\"@type\":\"BreadcrumbList\",\"@id\":\"https:\/\/mdkoswiecim.pl\/index.php\/deklaracja-dostepnosci\/#breadcrumb\",\"itemListElement\":[{\"@type\":\"ListItem\",\"position\":1,\"item\":{\"@type\":\"WebPage\",\"@id\":\"https:\/\/mdkoswiecim.pl\/\",\"url\":\"https:\/\/mdkoswiecim.pl\/\",\"name\":\"Strona g\\u0142\\u00f3wna\"}},{\"@type\":\"ListItem\",\"position\":2,\"item\":{\"@type\":\"WebPage\",\"@id\":\"https:\/\/mdkoswiecim.pl\/index.php\/deklaracja-dostepnosci\/\",\"url\":\"https:\/\/mdkoswiecim.pl\/index.php\/deklaracja-dostepnosci\/\",\"name\":\"Deklaracja dost\\u0119pno\\u015bci\"}}]}]}<\/script>\n<!-- \/ Yoast SEO plugin. -->","_links":{"self":[{"href":"https:\/\/mdkoswiecim.pl\/index.php\/wp-json\/wp\/v2\/pages\/3723","targetHints":{"allow":["GET"]}}],"collection":[{"href":"https:\/\/mdkoswiecim.pl\/index.php\/wp-json\/wp\/v2\/pages"}],"about":[{"href":"https:\/\/mdkoswiecim.pl\/index.php\/wp-json\/wp\/v2\/types\/page"}],"author":[{"embeddable":true,"href":"https:\/\/mdkoswiecim.pl\/index.php\/wp-json\/wp\/v2\/users\/1"}],"replies":[{"embeddable":true,"href":"https:\/\/mdkoswiecim.pl\/index.php\/wp-json\/wp\/v2\/comments?post=3723"}],"version-history":[{"count":8,"href":"https:\/\/mdkoswiecim.pl\/index.php\/wp-json\/wp\/v2\/pages\/3723\/revisions"}],"predecessor-version":[{"id":26824,"href":"https:\/\/mdkoswiecim.pl\/index.php\/wp-json\/wp\/v2\/pages\/3723\/revisions\/26824"}],"wp:attachment":[{"href":"https:\/\/mdkoswiecim.pl\/index.php\/wp-json\/wp\/v2\/media?parent=3723"}],"curies":[{"name":"wp","href":"https:\/\/api.w.org\/{rel}","templated":true}]}}