{"id":3558,"date":"2021-02-12T21:19:04","date_gmt":"2021-02-12T20:19:04","guid":{"rendered":"http:\/\/mdrncmp.webd.pro\/mdkfortest\/?page_id=3558"},"modified":"2021-04-07T21:27:46","modified_gmt":"2021-04-07T19:27:46","slug":"techniki-uczenia-sie","status":"publish","type":"page","link":"https:\/\/mdkoswiecim.pl\/index.php\/techniki-uczenia-sie\/","title":{"rendered":"Techniki uczenia si\u0119"},"content":{"rendered":"<p>[vc_row][vc_column][vc_column_text]<span style=\"font-family: verdana, geneva, sans-serif;\">Zapraszamy do korzystania z naszych materia\u0142\u00f3w. Wystarczy klikn\u0105\u0107 w poni\u017csze linki. Powodzenia :<\/span>[\/vc_column_text][stm_btn_simple btn_link=&#8221;url:http%3A%2F%2Fmdkoswiecim.pl%2Fwp-content%2Fuploads%2F2021%2F02%2Fszybkie-czytanie-8.pdf&#8221; btn_link_text=&#8221;Szybkie czytanie 8&#8243;][vc_empty_space height=&#8221;15px&#8221;][stm_btn_simple btn_link=&#8221;url:http%3A%2F%2Fmdkoswiecim.pl%2Fwp-content%2Fuploads%2F2021%2F02%2Fszybkie-czytanie-7.pdf&#8221; btn_link_text=&#8221;Szybkie czytanie 7&#8243;][vc_empty_space height=&#8221;15px&#8221;][stm_btn_simple btn_link=&#8221;url:http%3A%2F%2Fmdkoswiecim.pl%2Fwp-content%2Fuploads%2F2021%2F02%2Fszybkie-czytanie-6.pdf&#8221; btn_link_text=&#8221;Szybkie czytanie 6&#8243;][vc_empty_space height=&#8221;15px&#8221;][stm_btn_simple btn_link=&#8221;url:http%3A%2F%2Fmdkoswiecim.pl%2Fwp-content%2Fuploads%2F2021%2F02%2Fszybkie-czytanie-5.pdf&#8221; btn_link_text=&#8221;Szybkie czytanie 5&#8243;][vc_empty_space height=&#8221;15px&#8221;][stm_btn_simple btn_link=&#8221;url:http%3A%2F%2Fmdkoswiecim.pl%2Fwp-content%2Fuploads%2F2021%2F02%2FSybkie-czytanie-4.pdf&#8221; btn_link_text=&#8221;Szybkie czytanie 4&#8243;][vc_empty_space height=&#8221;15px&#8221;][stm_btn_simple btn_link=&#8221;url:http%3A%2F%2Fmdkoswiecim.pl%2Fwp-content%2Fuploads%2F2021%2F02%2Fszybkie-czytanie-3.pdf&#8221; btn_link_text=&#8221;Szybkie czytanie 3&#8243;][vc_empty_space height=&#8221;15px&#8221;][stm_btn_simple btn_link=&#8221;url:http%3A%2F%2Fmdkoswiecim.pl%2Fwp-content%2Fuploads%2F2021%2F02%2Fszybkie-czytanie-2.pdf&#8221; btn_link_text=&#8221;Szybkie czytanie 2&#8243;][vc_empty_space height=&#8221;15px&#8221;][stm_btn_simple btn_link=&#8221;url:http%3A%2F%2Fmdkoswiecim.pl%2Fwp-content%2Fuploads%2F2021%2F02%2FSzykie-czytanie-1.pdf&#8221; btn_link_text=&#8221;Szybkie czytanie 1&#8243;][vc_empty_space height=&#8221;15px&#8221;][stm_btn_simple btn_link=&#8221;url:http%3A%2F%2Fmdkoswiecim.pl%2Fwp-content%2Fuploads%2F2021%2F02%2FTANGRAMY-2123.04.20-1.pdf&#8221; btn_link_text=&#8221;Tangramy&#8221;][vc_empty_space height=&#8221;15px&#8221;][stm_btn_simple btn_link=&#8221;url:http%3A%2F%2Fmdkoswiecim.pl%2Fwp-content%2Fuploads%2F2021%2F02%2FJak-uczyc-sie-na-odleglosc-skonwertowany.pdf&#8221; btn_link_text=&#8221;Jak uczy\u0107 si\u0119 na odleg\u0142o\u015b\u0107&#8221;][vc_empty_space height=&#8221;15px&#8221;][stm_btn_simple btn_link=&#8221;url:http%3A%2F%2Fmdkoswiecim.pl%2Fwp-content%2Fuploads%2F2021%2F02%2FTECHNIKI-1-skonwertowany.pdf&#8221; btn_link_text=&#8221;Techniki 1&#8243;][vc_empty_space height=&#8221;15px&#8221;][stm_btn_simple btn_link=&#8221;url:http%3A%2F%2Fmdkoswiecim.pl%2Fwp-content%2Fuploads%2F2021%2F02%2FTECHNIKI-2-skonwertowany.pdf&#8221; btn_link_text=&#8221;Techniki 2&#8243;][vc_empty_space height=&#8221;15px&#8221;][stm_btn_simple btn_link=&#8221;url:http%3A%2F%2Fmdkoswiecim.pl%2Fwp-content%2Fuploads%2F2021%2F02%2Fgry-i-techniki-sr.-1.04.2020-skonwertowany-1.pdf&#8221; btn_link_text=&#8221;Gry i techniki \u015br.&#8221;][vc_empty_space height=&#8221;15px&#8221;][stm_btn_simple btn_link=&#8221;url:http%3A%2F%2Fmdkoswiecim.pl%2Fwp-content%2Fuploads%2F2021%2F02%2Fgry-i-techniki-czw-2.04.2020-skonwertowany-1.pdf&#8221; btn_link_text=&#8221;Gry i techniki czw.&#8221;][vc_empty_space height=&#8221;15px&#8221;][stm_btn_simple btn_link=&#8221;url:http%3A%2F%2Fmdkoswiecim.pl%2Fwp-content%2Fuploads%2F2021%2F02%2Ftechniki-9.04.20-skonwertowany.pdf&#8221; btn_link_text=&#8221;Techniki 09.04.2020&#8243;][vc_empty_space height=&#8221;15px&#8221;][stm_btn_simple btn_link=&#8221;url:http%3A%2F%2Fmdkoswiecim.pl%2Fwp-content%2Fuploads%2F2021%2F02%2Fgry-i-techniki1416.20-1.pdf&#8221; btn_link_text=&#8221;Gry i techniki&#8221;][vc_empty_space height=&#8221;15px&#8221;][stm_btn_simple btn_link=&#8221;url:http%3A%2F%2Fmdkoswiecim.pl%2Fwp-content%2Fuploads%2F2021%2F02%2Ftechniki16.04.20-system-glowny-skonwertowany.pdf&#8221; btn_link_text=&#8221;Techniki 16.04.2020 system g\u0142\u00f3wny&#8221;][vc_empty_space height=&#8221;15px&#8221;][\/vc_column][\/vc_row]<\/p>\n","protected":false},"excerpt":{"rendered":"<p>[vc_row][vc_column][vc_column_text]Zapraszamy do korzystania z naszych materia\u0142\u00f3w. Wystarczy klikn\u0105\u0107 w poni\u017csze linki. Powodzenia :[\/vc_column_text][stm_btn_simple btn_link=&#8221;url:http%3A%2F%2Fmdkoswiecim.pl%2Fwp-content%2Fuploads%2F2021%2F02%2Fszybkie-czytanie-8.pdf&#8221; btn_link_text=&#8221;Szybkie czytanie 8&#8243;][vc_empty_space height=&#8221;15px&#8221;][stm_btn_simple btn_link=&#8221;url:http%3A%2F%2Fmdkoswiecim.pl%2Fwp-content%2Fuploads%2F2021%2F02%2Fszybkie-czytanie-7.pdf&#8221; btn_link_text=&#8221;Szybkie czytanie 7&#8243;][vc_empty_space height=&#8221;15px&#8221;][stm_btn_simple btn_link=&#8221;url:http%3A%2F%2Fmdkoswiecim.pl%2Fwp-content%2Fuploads%2F2021%2F02%2Fszybkie-czytanie-6.pdf&#8221; btn_link_text=&#8221;Szybkie czytanie 6&#8243;][vc_empty_space height=&#8221;15px&#8221;][stm_btn_simple btn_link=&#8221;url:http%3A%2F%2Fmdkoswiecim.pl%2Fwp-content%2Fuploads%2F2021%2F02%2Fszybkie-czytanie-5.pdf&#8221; btn_link_text=&#8221;Szybkie czytanie 5&#8243;][vc_empty_space height=&#8221;15px&#8221;][stm_btn_simple btn_link=&#8221;url:http%3A%2F%2Fmdkoswiecim.pl%2Fwp-content%2Fuploads%2F2021%2F02%2FSybkie-czytanie-4.pdf&#8221; btn_link_text=&#8221;Szybkie czytanie 4&#8243;][vc_empty_space height=&#8221;15px&#8221;][stm_btn_simple btn_link=&#8221;url:http%3A%2F%2Fmdkoswiecim.pl%2Fwp-content%2Fuploads%2F2021%2F02%2Fszybkie-czytanie-3.pdf&#8221; btn_link_text=&#8221;Szybkie czytanie 3&#8243;][vc_empty_space height=&#8221;15px&#8221;][stm_btn_simple btn_link=&#8221;url:http%3A%2F%2Fmdkoswiecim.pl%2Fwp-content%2Fuploads%2F2021%2F02%2Fszybkie-czytanie-2.pdf&#8221; btn_link_text=&#8221;Szybkie czytanie 2&#8243;][vc_empty_space height=&#8221;15px&#8221;][stm_btn_simple btn_link=&#8221;url:http%3A%2F%2Fmdkoswiecim.pl%2Fwp-content%2Fuploads%2F2021%2F02%2FSzykie-czytanie-1.pdf&#8221; btn_link_text=&#8221;Szybkie czytanie 1&#8243;][vc_empty_space height=&#8221;15px&#8221;][stm_btn_simple btn_link=&#8221;url:http%3A%2F%2Fmdkoswiecim.pl%2Fwp-content%2Fuploads%2F2021%2F02%2FTANGRAMY-2123.04.20-1.pdf&#8221; btn_link_text=&#8221;Tangramy&#8221;][vc_empty_space [&hellip;]<\/p>\n","protected":false},"author":1,"featured_media":0,"parent":0,"menu_order":0,"comment_status":"closed","ping_status":"closed","template":"","meta":{"footnotes":""},"class_list":["post-3558","page","type-page","status-publish","hentry"],"yoast_head":"<!-- This site is optimized with the Yoast SEO plugin v16.1.1 - https:\/\/yoast.com\/wordpress\/plugins\/seo\/ -->\n<title>Techniki uczenia si\u0119 - MDK<\/title>\n<link rel=\"canonical\" href=\"https:\/\/mdkoswiecim.pl\/index.php\/techniki-uczenia-sie\/\" \/>\n<meta property=\"og:locale\" content=\"pl_PL\" \/>\n<meta property=\"og:type\" content=\"article\" \/>\n<meta property=\"og:title\" content=\"Techniki uczenia si\u0119 - MDK\" \/>\n<meta property=\"og:description\" content=\"[vc_row][vc_column][vc_column_text]Zapraszamy do korzystania z naszych materia\u0142\u00f3w. Wystarczy klikn\u0105\u0107 w poni\u017csze linki. Powodzenia :[\/vc_column_text][stm_btn_simple btn_link=&#8221;url:http%3A%2F%2Fmdkoswiecim.pl%2Fwp-content%2Fuploads%2F2021%2F02%2Fszybkie-czytanie-8.pdf&#8221; btn_link_text=&#8221;Szybkie czytanie 8&#8243;][vc_empty_space height=&#8221;15px&#8221;][stm_btn_simple btn_link=&#8221;url:http%3A%2F%2Fmdkoswiecim.pl%2Fwp-content%2Fuploads%2F2021%2F02%2Fszybkie-czytanie-7.pdf&#8221; btn_link_text=&#8221;Szybkie czytanie 7&#8243;][vc_empty_space height=&#8221;15px&#8221;][stm_btn_simple btn_link=&#8221;url:http%3A%2F%2Fmdkoswiecim.pl%2Fwp-content%2Fuploads%2F2021%2F02%2Fszybkie-czytanie-6.pdf&#8221; btn_link_text=&#8221;Szybkie czytanie 6&#8243;][vc_empty_space height=&#8221;15px&#8221;][stm_btn_simple btn_link=&#8221;url:http%3A%2F%2Fmdkoswiecim.pl%2Fwp-content%2Fuploads%2F2021%2F02%2Fszybkie-czytanie-5.pdf&#8221; btn_link_text=&#8221;Szybkie czytanie 5&#8243;][vc_empty_space height=&#8221;15px&#8221;][stm_btn_simple btn_link=&#8221;url:http%3A%2F%2Fmdkoswiecim.pl%2Fwp-content%2Fuploads%2F2021%2F02%2FSybkie-czytanie-4.pdf&#8221; btn_link_text=&#8221;Szybkie czytanie 4&#8243;][vc_empty_space height=&#8221;15px&#8221;][stm_btn_simple btn_link=&#8221;url:http%3A%2F%2Fmdkoswiecim.pl%2Fwp-content%2Fuploads%2F2021%2F02%2Fszybkie-czytanie-3.pdf&#8221; btn_link_text=&#8221;Szybkie czytanie 3&#8243;][vc_empty_space height=&#8221;15px&#8221;][stm_btn_simple btn_link=&#8221;url:http%3A%2F%2Fmdkoswiecim.pl%2Fwp-content%2Fuploads%2F2021%2F02%2Fszybkie-czytanie-2.pdf&#8221; btn_link_text=&#8221;Szybkie czytanie 2&#8243;][vc_empty_space height=&#8221;15px&#8221;][stm_btn_simple btn_link=&#8221;url:http%3A%2F%2Fmdkoswiecim.pl%2Fwp-content%2Fuploads%2F2021%2F02%2FSzykie-czytanie-1.pdf&#8221; btn_link_text=&#8221;Szybkie czytanie 1&#8243;][vc_empty_space height=&#8221;15px&#8221;][stm_btn_simple btn_link=&#8221;url:http%3A%2F%2Fmdkoswiecim.pl%2Fwp-content%2Fuploads%2F2021%2F02%2FTANGRAMY-2123.04.20-1.pdf&#8221; btn_link_text=&#8221;Tangramy&#8221;][vc_empty_space [&hellip;]\" \/>\n<meta property=\"og:url\" content=\"https:\/\/mdkoswiecim.pl\/index.php\/techniki-uczenia-sie\/\" \/>\n<meta property=\"og:site_name\" content=\"MDK\" \/>\n<meta property=\"article:modified_time\" content=\"2021-04-07T19:27:46+00:00\" \/>\n<meta name=\"twitter:card\" content=\"summary_large_image\" \/>\n<meta name=\"twitter:label1\" content=\"Szacowany czas czytania\">\n\t<meta name=\"twitter:data1\" content=\"3 minuty\">\n<script type=\"application\/ld+json\" class=\"yoast-schema-graph\">{\"@context\":\"https:\/\/schema.org\",\"@graph\":[{\"@type\":\"WebSite\",\"@id\":\"https:\/\/mdkoswiecim.pl\/#website\",\"url\":\"https:\/\/mdkoswiecim.pl\/\",\"name\":\"MDK\",\"description\":\"M\\u0142odzie\\u017cowy Dom Kultury w O\\u015bwi\\u0119cimiu\",\"potentialAction\":[{\"@type\":\"SearchAction\",\"target\":\"https:\/\/mdkoswiecim.pl\/?s={search_term_string}\",\"query-input\":\"required name=search_term_string\"}],\"inLanguage\":\"pl-PL\"},{\"@type\":\"WebPage\",\"@id\":\"https:\/\/mdkoswiecim.pl\/index.php\/techniki-uczenia-sie\/#webpage\",\"url\":\"https:\/\/mdkoswiecim.pl\/index.php\/techniki-uczenia-sie\/\",\"name\":\"Techniki uczenia si\\u0119 - MDK\",\"isPartOf\":{\"@id\":\"https:\/\/mdkoswiecim.pl\/#website\"},\"datePublished\":\"2021-02-12T20:19:04+00:00\",\"dateModified\":\"2021-04-07T19:27:46+00:00\",\"breadcrumb\":{\"@id\":\"https:\/\/mdkoswiecim.pl\/index.php\/techniki-uczenia-sie\/#breadcrumb\"},\"inLanguage\":\"pl-PL\",\"potentialAction\":[{\"@type\":\"ReadAction\",\"target\":[\"https:\/\/mdkoswiecim.pl\/index.php\/techniki-uczenia-sie\/\"]}]},{\"@type\":\"BreadcrumbList\",\"@id\":\"https:\/\/mdkoswiecim.pl\/index.php\/techniki-uczenia-sie\/#breadcrumb\",\"itemListElement\":[{\"@type\":\"ListItem\",\"position\":1,\"item\":{\"@type\":\"WebPage\",\"@id\":\"https:\/\/mdkoswiecim.pl\/\",\"url\":\"https:\/\/mdkoswiecim.pl\/\",\"name\":\"Strona g\\u0142\\u00f3wna\"}},{\"@type\":\"ListItem\",\"position\":2,\"item\":{\"@type\":\"WebPage\",\"@id\":\"https:\/\/mdkoswiecim.pl\/index.php\/techniki-uczenia-sie\/\",\"url\":\"https:\/\/mdkoswiecim.pl\/index.php\/techniki-uczenia-sie\/\",\"name\":\"Techniki uczenia si\\u0119\"}}]}]}<\/script>\n<!-- \/ Yoast SEO plugin. -->","_links":{"self":[{"href":"https:\/\/mdkoswiecim.pl\/index.php\/wp-json\/wp\/v2\/pages\/3558","targetHints":{"allow":["GET"]}}],"collection":[{"href":"https:\/\/mdkoswiecim.pl\/index.php\/wp-json\/wp\/v2\/pages"}],"about":[{"href":"https:\/\/mdkoswiecim.pl\/index.php\/wp-json\/wp\/v2\/types\/page"}],"author":[{"embeddable":true,"href":"https:\/\/mdkoswiecim.pl\/index.php\/wp-json\/wp\/v2\/users\/1"}],"replies":[{"embeddable":true,"href":"https:\/\/mdkoswiecim.pl\/index.php\/wp-json\/wp\/v2\/comments?post=3558"}],"version-history":[{"count":4,"href":"https:\/\/mdkoswiecim.pl\/index.php\/wp-json\/wp\/v2\/pages\/3558\/revisions"}],"predecessor-version":[{"id":13658,"href":"https:\/\/mdkoswiecim.pl\/index.php\/wp-json\/wp\/v2\/pages\/3558\/revisions\/13658"}],"wp:attachment":[{"href":"https:\/\/mdkoswiecim.pl\/index.php\/wp-json\/wp\/v2\/media?parent=3558"}],"curies":[{"name":"wp","href":"https:\/\/api.w.org\/{rel}","templated":true}]}}