{"id":3521,"date":"2021-02-12T20:41:15","date_gmt":"2021-02-12T19:41:15","guid":{"rendered":"http:\/\/mdrncmp.webd.pro\/mdkfortest\/?page_id=3521"},"modified":"2021-04-07T21:07:15","modified_gmt":"2021-04-07T19:07:15","slug":"gry-logiczne","status":"publish","type":"page","link":"https:\/\/mdkoswiecim.pl\/index.php\/gry-logiczne\/","title":{"rendered":"Gry logiczne"},"content":{"rendered":"<p>[vc_row][vc_column][vc_column_text]<span style=\"font-family: verdana, geneva, sans-serif;\">Zapraszamy do zabawy. Wystarczy klikn\u0105\u0107 w plik i pobra\u0107 scenariusz gier i zabaw. Powodzenia!<\/span>[\/vc_column_text][stm_btn_simple btn_link=&#8221;url:http%3A%2F%2Fmdkoswiecim.pl%2Fwp-content%2Fuploads%2F2021%2F02%2Fwakacje.pdf&#8221; btn_link_text=&#8221;Wakacje&#8221;][vc_empty_space height=&#8221;15px&#8221;][stm_btn_simple btn_link=&#8221;url:http%3A%2F%2Fmdkoswiecim.pl%2Fwp-content%2Fuploads%2F2021%2F02%2Fpuzzlekot.pdf&#8221; btn_link_text=&#8221;Puzzle kot&#8221;][vc_empty_space height=&#8221;15px&#8221;][stm_btn_simple btn_link=&#8221;url:http%3A%2F%2Fmdkoswiecim.pl%2Fwp-content%2Fuploads%2F2021%2F02%2Fmemory-wykreslanki.pdf&#8221; btn_link_text=&#8221;Memory wykre\u015blanki&#8221;][vc_empty_space height=&#8221;15px&#8221;][stm_btn_simple btn_link=&#8221;url:http%3A%2F%2Fmdkoswiecim.pl%2Fwp-content%2Fuploads%2F2021%2F02%2Fgry-slowne-z-M.pdf&#8221; btn_link_text=&#8221;Gry s\u0142owne z M&#8221;][vc_empty_space height=&#8221;15px&#8221;][stm_btn_simple btn_link=&#8221;url:http%3A%2F%2Fmdkoswiecim.pl%2Fwp-content%2Fuploads%2F2021%2F02%2Fsudoku.pdf&#8221; btn_link_text=&#8221;Sudoku&#8221;][vc_empty_space height=&#8221;15px&#8221;][stm_btn_simple btn_link=&#8221;url:http%3A%2F%2Fmdkoswiecim.pl%2Fwp-content%2Fuploads%2F2021%2F02%2Fgry-na-kartce-2.pdf&#8221; btn_link_text=&#8221;Gry na kartce 2&#8243;][vc_empty_space height=&#8221;15px&#8221;][stm_btn_simple btn_link=&#8221;url:http%3A%2F%2Fmdkoswiecim.pl%2Fwp-content%2Fuploads%2F2021%2F02%2FGRA-na-kartce.pdf&#8221; btn_link_text=&#8221;Gry na kartce 1&#8243;][vc_empty_space height=&#8221;15px&#8221;][stm_btn_simple btn_link=&#8221;url:http%3A%2F%2Fmdkoswiecim.pl%2Fwp-content%2Fuploads%2F2021%2F02%2Fgra-planszowa.pdf&#8221; btn_link_text=&#8221;Gra planszowa&#8221;][vc_empty_space height=&#8221;15px&#8221;][stm_btn_simple btn_link=&#8221;url:http%3A%2F%2Fmdkoswiecim.pl%2Fwp-content%2Fuploads%2F2021%2F02%2FTANGRAMY-2123.04.20.pdf&#8221; btn_link_text=&#8221;Tangramy&#8221;][vc_empty_space height=&#8221;15px&#8221;][stm_btn_simple btn_link=&#8221;url:http%3A%2F%2Fmdkoswiecim.pl%2Fwp-content%2Fuploads%2F2021%2F02%2Fgry-i-techniki1416.20.pdf&#8221; btn_link_text=&#8221;Gry i techniki&#8221;][vc_empty_space height=&#8221;15px&#8221;][stm_btn_simple btn_link=&#8221;url:http%3A%2F%2Fmdkoswiecim.pl%2Fwp-content%2Fuploads%2F2021%2F02%2Fgry-logiczne-67.04.20-skonwertowany.pdf&#8221; btn_link_text=&#8221;Gry logiczne&#8221;][vc_empty_space height=&#8221;15px&#8221;][stm_btn_simple btn_link=&#8221;url:http%3A%2F%2Fmdkoswiecim.pl%2Fwp-content%2Fuploads%2F2021%2F02%2Fgry-i-techniki-czw-2.04.2020-skonwertowany.pdf&#8221; btn_link_text=&#8221;Gry i techniki&#8221;][vc_empty_space height=&#8221;15px&#8221;][stm_btn_simple btn_link=&#8221;url:http%3A%2F%2Fmdkoswiecim.pl%2Fwp-content%2Fuploads%2F2021%2F02%2Fgry-i-techniki-sr.-1.04.2020-skonwertowany.pdf&#8221; btn_link_text=&#8221;Gry i techniki \u015br.&#8221;][vc_empty_space height=&#8221;15px&#8221;][stm_btn_simple btn_link=&#8221;url:http%3A%2F%2Fmdkoswiecim.pl%2Fwp-content%2Fuploads%2F2021%2F02%2FGry-Logiczne-2-skonwertowany.pdf&#8221; btn_link_text=&#8221;Gry logiczne 2&#8243;][vc_empty_space height=&#8221;15px&#8221;][stm_btn_simple btn_link=&#8221;url:http%3A%2F%2Fmdkoswiecim.pl%2Fwp-content%2Fuploads%2F2021%2F02%2FGry-Logiczne-1-skonwertowany.pdf&#8221; btn_link_text=&#8221;Gry logiczne 1&#8243;][vc_empty_space height=&#8221;15px&#8221;][\/vc_column][\/vc_row]<\/p>\n","protected":false},"excerpt":{"rendered":"<p>[vc_row][vc_column][vc_column_text]Zapraszamy do zabawy. Wystarczy klikn\u0105\u0107 w plik i pobra\u0107 scenariusz gier i zabaw. Powodzenia![\/vc_column_text][stm_btn_simple btn_link=&#8221;url:http%3A%2F%2Fmdkoswiecim.pl%2Fwp-content%2Fuploads%2F2021%2F02%2Fwakacje.pdf&#8221; btn_link_text=&#8221;Wakacje&#8221;][vc_empty_space height=&#8221;15px&#8221;][stm_btn_simple btn_link=&#8221;url:http%3A%2F%2Fmdkoswiecim.pl%2Fwp-content%2Fuploads%2F2021%2F02%2Fpuzzlekot.pdf&#8221; btn_link_text=&#8221;Puzzle kot&#8221;][vc_empty_space height=&#8221;15px&#8221;][stm_btn_simple btn_link=&#8221;url:http%3A%2F%2Fmdkoswiecim.pl%2Fwp-content%2Fuploads%2F2021%2F02%2Fmemory-wykreslanki.pdf&#8221; btn_link_text=&#8221;Memory wykre\u015blanki&#8221;][vc_empty_space height=&#8221;15px&#8221;][stm_btn_simple btn_link=&#8221;url:http%3A%2F%2Fmdkoswiecim.pl%2Fwp-content%2Fuploads%2F2021%2F02%2Fgry-slowne-z-M.pdf&#8221; btn_link_text=&#8221;Gry s\u0142owne z M&#8221;][vc_empty_space height=&#8221;15px&#8221;][stm_btn_simple btn_link=&#8221;url:http%3A%2F%2Fmdkoswiecim.pl%2Fwp-content%2Fuploads%2F2021%2F02%2Fsudoku.pdf&#8221; btn_link_text=&#8221;Sudoku&#8221;][vc_empty_space height=&#8221;15px&#8221;][stm_btn_simple btn_link=&#8221;url:http%3A%2F%2Fmdkoswiecim.pl%2Fwp-content%2Fuploads%2F2021%2F02%2Fgry-na-kartce-2.pdf&#8221; btn_link_text=&#8221;Gry na kartce 2&#8243;][vc_empty_space height=&#8221;15px&#8221;][stm_btn_simple btn_link=&#8221;url:http%3A%2F%2Fmdkoswiecim.pl%2Fwp-content%2Fuploads%2F2021%2F02%2FGRA-na-kartce.pdf&#8221; btn_link_text=&#8221;Gry na kartce 1&#8243;][vc_empty_space height=&#8221;15px&#8221;][stm_btn_simple btn_link=&#8221;url:http%3A%2F%2Fmdkoswiecim.pl%2Fwp-content%2Fuploads%2F2021%2F02%2Fgra-planszowa.pdf&#8221; btn_link_text=&#8221;Gra planszowa&#8221;][vc_empty_space height=&#8221;15px&#8221;][stm_btn_simple btn_link=&#8221;url:http%3A%2F%2Fmdkoswiecim.pl%2Fwp-content%2Fuploads%2F2021%2F02%2FTANGRAMY-2123.04.20.pdf&#8221; btn_link_text=&#8221;Tangramy&#8221;][vc_empty_space height=&#8221;15px&#8221;][stm_btn_simple btn_link=&#8221;url:http%3A%2F%2Fmdkoswiecim.pl%2Fwp-content%2Fuploads%2F2021%2F02%2Fgry-i-techniki1416.20.pdf&#8221; btn_link_text=&#8221;Gry [&hellip;]<\/p>\n","protected":false},"author":1,"featured_media":0,"parent":0,"menu_order":0,"comment_status":"closed","ping_status":"closed","template":"","meta":{"footnotes":""},"class_list":["post-3521","page","type-page","status-publish","hentry"],"yoast_head":"<!-- This site is optimized with the Yoast SEO plugin v16.1.1 - https:\/\/yoast.com\/wordpress\/plugins\/seo\/ -->\n<title>Gry logiczne - MDK<\/title>\n<link rel=\"canonical\" href=\"https:\/\/mdkoswiecim.pl\/index.php\/gry-logiczne\/\" \/>\n<meta property=\"og:locale\" content=\"pl_PL\" \/>\n<meta property=\"og:type\" content=\"article\" \/>\n<meta property=\"og:title\" content=\"Gry logiczne - MDK\" \/>\n<meta property=\"og:description\" content=\"[vc_row][vc_column][vc_column_text]Zapraszamy do zabawy. Wystarczy klikn\u0105\u0107 w plik i pobra\u0107 scenariusz gier i zabaw. Powodzenia![\/vc_column_text][stm_btn_simple btn_link=&#8221;url:http%3A%2F%2Fmdkoswiecim.pl%2Fwp-content%2Fuploads%2F2021%2F02%2Fwakacje.pdf&#8221; btn_link_text=&#8221;Wakacje&#8221;][vc_empty_space height=&#8221;15px&#8221;][stm_btn_simple btn_link=&#8221;url:http%3A%2F%2Fmdkoswiecim.pl%2Fwp-content%2Fuploads%2F2021%2F02%2Fpuzzlekot.pdf&#8221; btn_link_text=&#8221;Puzzle kot&#8221;][vc_empty_space height=&#8221;15px&#8221;][stm_btn_simple btn_link=&#8221;url:http%3A%2F%2Fmdkoswiecim.pl%2Fwp-content%2Fuploads%2F2021%2F02%2Fmemory-wykreslanki.pdf&#8221; btn_link_text=&#8221;Memory wykre\u015blanki&#8221;][vc_empty_space height=&#8221;15px&#8221;][stm_btn_simple btn_link=&#8221;url:http%3A%2F%2Fmdkoswiecim.pl%2Fwp-content%2Fuploads%2F2021%2F02%2Fgry-slowne-z-M.pdf&#8221; btn_link_text=&#8221;Gry s\u0142owne z M&#8221;][vc_empty_space height=&#8221;15px&#8221;][stm_btn_simple btn_link=&#8221;url:http%3A%2F%2Fmdkoswiecim.pl%2Fwp-content%2Fuploads%2F2021%2F02%2Fsudoku.pdf&#8221; btn_link_text=&#8221;Sudoku&#8221;][vc_empty_space height=&#8221;15px&#8221;][stm_btn_simple btn_link=&#8221;url:http%3A%2F%2Fmdkoswiecim.pl%2Fwp-content%2Fuploads%2F2021%2F02%2Fgry-na-kartce-2.pdf&#8221; btn_link_text=&#8221;Gry na kartce 2&#8243;][vc_empty_space height=&#8221;15px&#8221;][stm_btn_simple btn_link=&#8221;url:http%3A%2F%2Fmdkoswiecim.pl%2Fwp-content%2Fuploads%2F2021%2F02%2FGRA-na-kartce.pdf&#8221; btn_link_text=&#8221;Gry na kartce 1&#8243;][vc_empty_space height=&#8221;15px&#8221;][stm_btn_simple btn_link=&#8221;url:http%3A%2F%2Fmdkoswiecim.pl%2Fwp-content%2Fuploads%2F2021%2F02%2Fgra-planszowa.pdf&#8221; btn_link_text=&#8221;Gra planszowa&#8221;][vc_empty_space height=&#8221;15px&#8221;][stm_btn_simple btn_link=&#8221;url:http%3A%2F%2Fmdkoswiecim.pl%2Fwp-content%2Fuploads%2F2021%2F02%2FTANGRAMY-2123.04.20.pdf&#8221; btn_link_text=&#8221;Tangramy&#8221;][vc_empty_space height=&#8221;15px&#8221;][stm_btn_simple btn_link=&#8221;url:http%3A%2F%2Fmdkoswiecim.pl%2Fwp-content%2Fuploads%2F2021%2F02%2Fgry-i-techniki1416.20.pdf&#8221; btn_link_text=&#8221;Gry [&hellip;]\" \/>\n<meta property=\"og:url\" content=\"https:\/\/mdkoswiecim.pl\/index.php\/gry-logiczne\/\" \/>\n<meta property=\"og:site_name\" content=\"MDK\" \/>\n<meta property=\"article:modified_time\" content=\"2021-04-07T19:07:15+00:00\" \/>\n<meta name=\"twitter:card\" content=\"summary_large_image\" \/>\n<meta name=\"twitter:label1\" content=\"Szacowany czas czytania\">\n\t<meta name=\"twitter:data1\" content=\"2 minuty\">\n<script type=\"application\/ld+json\" class=\"yoast-schema-graph\">{\"@context\":\"https:\/\/schema.org\",\"@graph\":[{\"@type\":\"WebSite\",\"@id\":\"https:\/\/mdkoswiecim.pl\/#website\",\"url\":\"https:\/\/mdkoswiecim.pl\/\",\"name\":\"MDK\",\"description\":\"M\\u0142odzie\\u017cowy Dom Kultury w O\\u015bwi\\u0119cimiu\",\"potentialAction\":[{\"@type\":\"SearchAction\",\"target\":\"https:\/\/mdkoswiecim.pl\/?s={search_term_string}\",\"query-input\":\"required name=search_term_string\"}],\"inLanguage\":\"pl-PL\"},{\"@type\":\"WebPage\",\"@id\":\"https:\/\/mdkoswiecim.pl\/index.php\/gry-logiczne\/#webpage\",\"url\":\"https:\/\/mdkoswiecim.pl\/index.php\/gry-logiczne\/\",\"name\":\"Gry logiczne - MDK\",\"isPartOf\":{\"@id\":\"https:\/\/mdkoswiecim.pl\/#website\"},\"datePublished\":\"2021-02-12T19:41:15+00:00\",\"dateModified\":\"2021-04-07T19:07:15+00:00\",\"breadcrumb\":{\"@id\":\"https:\/\/mdkoswiecim.pl\/index.php\/gry-logiczne\/#breadcrumb\"},\"inLanguage\":\"pl-PL\",\"potentialAction\":[{\"@type\":\"ReadAction\",\"target\":[\"https:\/\/mdkoswiecim.pl\/index.php\/gry-logiczne\/\"]}]},{\"@type\":\"BreadcrumbList\",\"@id\":\"https:\/\/mdkoswiecim.pl\/index.php\/gry-logiczne\/#breadcrumb\",\"itemListElement\":[{\"@type\":\"ListItem\",\"position\":1,\"item\":{\"@type\":\"WebPage\",\"@id\":\"https:\/\/mdkoswiecim.pl\/\",\"url\":\"https:\/\/mdkoswiecim.pl\/\",\"name\":\"Strona g\\u0142\\u00f3wna\"}},{\"@type\":\"ListItem\",\"position\":2,\"item\":{\"@type\":\"WebPage\",\"@id\":\"https:\/\/mdkoswiecim.pl\/index.php\/gry-logiczne\/\",\"url\":\"https:\/\/mdkoswiecim.pl\/index.php\/gry-logiczne\/\",\"name\":\"Gry logiczne\"}}]}]}<\/script>\n<!-- \/ Yoast SEO plugin. -->","_links":{"self":[{"href":"https:\/\/mdkoswiecim.pl\/index.php\/wp-json\/wp\/v2\/pages\/3521","targetHints":{"allow":["GET"]}}],"collection":[{"href":"https:\/\/mdkoswiecim.pl\/index.php\/wp-json\/wp\/v2\/pages"}],"about":[{"href":"https:\/\/mdkoswiecim.pl\/index.php\/wp-json\/wp\/v2\/types\/page"}],"author":[{"embeddable":true,"href":"https:\/\/mdkoswiecim.pl\/index.php\/wp-json\/wp\/v2\/users\/1"}],"replies":[{"embeddable":true,"href":"https:\/\/mdkoswiecim.pl\/index.php\/wp-json\/wp\/v2\/comments?post=3521"}],"version-history":[{"count":9,"href":"https:\/\/mdkoswiecim.pl\/index.php\/wp-json\/wp\/v2\/pages\/3521\/revisions"}],"predecessor-version":[{"id":13654,"href":"https:\/\/mdkoswiecim.pl\/index.php\/wp-json\/wp\/v2\/pages\/3521\/revisions\/13654"}],"wp:attachment":[{"href":"https:\/\/mdkoswiecim.pl\/index.php\/wp-json\/wp\/v2\/media?parent=3521"}],"curies":[{"name":"wp","href":"https:\/\/api.w.org\/{rel}","templated":true}]}}