{"id":3497,"date":"2021-02-11T21:17:05","date_gmt":"2021-02-11T20:17:05","guid":{"rendered":"http:\/\/mdrncmp.webd.pro\/mdkfortest\/?page_id=3497"},"modified":"2021-02-11T21:17:05","modified_gmt":"2021-02-11T20:17:05","slug":"szachy","status":"publish","type":"page","link":"https:\/\/mdkoswiecim.pl\/index.php\/szachy\/","title":{"rendered":"Szachy"},"content":{"rendered":"<p>[vc_row][vc_column][vc_column_text]<span style=\"font-family: verdana, geneva, sans-serif;\"><strong>SPOTKANIE Z SZACHAMI \u2026<\/strong><\/span><\/p>\n<p><span style=\"font-family: verdana, geneva, sans-serif;\"><strong>Zadanie \u2013 konkurs przeznaczony jest dla wszystkich zainteresowanych, nie tylko uczestnik\u00f3w sekcji szachowej MDK<\/strong><\/span><\/p>\n<p><span style=\"font-family: verdana, geneva, sans-serif;\">Roz\u0142\u00f3\u017c na szachownicy 5 hetman\u00f3w (mo\u017cesz do tego wykorzysta\u0107 pionki) tak, aby ka\u017cde pole by\u0142o atakowane przynajmniej przez jednego z nich. Zapisz i prze\u015blij adresy p\u00f3l (wsp\u00f3\u0142rz\u0119dne), na kt\u00f3rych stoj\u0105 hetmany.<\/span><\/p>\n<p><span style=\"font-family: verdana, geneva, sans-serif;\">Rozwi\u0105zania prosz\u0119 przesy\u0142a\u0107 na adres mailowy do ko\u0144ca kwietnia 2020r.<\/span><\/p>\n<p><span style=\"font-family: verdana, geneva, sans-serif;\"><a href=\"mailto:mdk.tk@powiat.oswiecim.pl\">mdk.tk@powiat.oswiecim.pl<\/a><\/span><\/p>\n<p><span style=\"font-family: verdana, geneva, sans-serif;\">W\u015br\u00f3d os\u00f3b, kt\u00f3re przy\u015bl\u0105 prawid\u0142owe odpowiedzi, zostanie rozlosowana s\u0142odka nagroda\u2026 czekolada<\/span>[\/vc_column_text][vc_zigzag color=&#8221;mulled_wine&#8221; el_border_width=&#8221;20&#8243;][vc_column_text]<span style=\"font-family: verdana, geneva, sans-serif;\">Witam Was serdecznie,<\/span><\/p>\n<p><span style=\"font-family: verdana, geneva, sans-serif;\">nie mo\u017cemy teraz spotyka\u0107 si\u0119 osobi\u015bcie, dlatego pozwoli\u0142em sobie przes\u0142a\u0107 na podane podczas zapis\u00f3w na zaj\u0119cia szachowe adresy mailowe\u00a0 Waszych rodzic\u00f3w propozycje zada\u0144 szachowych. Mam nadziej\u0119, \u017ce znajdziecie chwil\u0119, by po\u0107wiczy\u0107 nowe umiej\u0119tno\u015bci, a mo\u017ce nawet zaprosicie do wsp\u00f3lnej rozgrywki szachowej rodze\u0144stwo, Waszych rodzic\u00f3w, dziadk\u00f3w \u2013 tych, z kt\u00f3rymi obecnie sp\u0119dzacie czas.\u00a0 Pozdrawiam Was serdecznie i \u017cycz\u0119 du\u017co zdrowia. Tomasz Kantyka<\/span>[\/vc_column_text][\/vc_column][\/vc_row]<\/p>\n","protected":false},"excerpt":{"rendered":"<p>[vc_row][vc_column][vc_column_text]SPOTKANIE Z SZACHAMI \u2026 Zadanie \u2013 konkurs przeznaczony jest dla wszystkich zainteresowanych, nie tylko uczestnik\u00f3w sekcji szachowej MDK Roz\u0142\u00f3\u017c na szachownicy 5 hetman\u00f3w (mo\u017cesz do tego wykorzysta\u0107 pionki) tak, aby ka\u017cde pole by\u0142o atakowane przynajmniej przez jednego z nich. Zapisz i prze\u015blij adresy p\u00f3l (wsp\u00f3\u0142rz\u0119dne), na kt\u00f3rych stoj\u0105 hetmany. Rozwi\u0105zania prosz\u0119 przesy\u0142a\u0107 na adres mailowy [&hellip;]<\/p>\n","protected":false},"author":1,"featured_media":0,"parent":0,"menu_order":0,"comment_status":"closed","ping_status":"closed","template":"","meta":{"footnotes":""},"class_list":["post-3497","page","type-page","status-publish","hentry"],"yoast_head":"<!-- This site is optimized with the Yoast SEO plugin v16.1.1 - https:\/\/yoast.com\/wordpress\/plugins\/seo\/ -->\n<title>Szachy - MDK<\/title>\n<link rel=\"canonical\" href=\"https:\/\/mdkoswiecim.pl\/index.php\/szachy\/\" \/>\n<meta property=\"og:locale\" content=\"pl_PL\" \/>\n<meta property=\"og:type\" content=\"article\" \/>\n<meta property=\"og:title\" content=\"Szachy - MDK\" \/>\n<meta property=\"og:description\" content=\"[vc_row][vc_column][vc_column_text]SPOTKANIE Z SZACHAMI \u2026 Zadanie \u2013 konkurs przeznaczony jest dla wszystkich zainteresowanych, nie tylko uczestnik\u00f3w sekcji szachowej MDK Roz\u0142\u00f3\u017c na szachownicy 5 hetman\u00f3w (mo\u017cesz do tego wykorzysta\u0107 pionki) tak, aby ka\u017cde pole by\u0142o atakowane przynajmniej przez jednego z nich. Zapisz i prze\u015blij adresy p\u00f3l (wsp\u00f3\u0142rz\u0119dne), na kt\u00f3rych stoj\u0105 hetmany. Rozwi\u0105zania prosz\u0119 przesy\u0142a\u0107 na adres mailowy [&hellip;]\" \/>\n<meta property=\"og:url\" content=\"https:\/\/mdkoswiecim.pl\/index.php\/szachy\/\" \/>\n<meta property=\"og:site_name\" content=\"MDK\" \/>\n<meta name=\"twitter:card\" content=\"summary_large_image\" \/>\n<meta name=\"twitter:label1\" content=\"Szacowany czas czytania\">\n\t<meta name=\"twitter:data1\" content=\"1 minuta\">\n<script type=\"application\/ld+json\" class=\"yoast-schema-graph\">{\"@context\":\"https:\/\/schema.org\",\"@graph\":[{\"@type\":\"WebSite\",\"@id\":\"https:\/\/mdkoswiecim.pl\/#website\",\"url\":\"https:\/\/mdkoswiecim.pl\/\",\"name\":\"MDK\",\"description\":\"M\\u0142odzie\\u017cowy Dom Kultury w O\\u015bwi\\u0119cimiu\",\"potentialAction\":[{\"@type\":\"SearchAction\",\"target\":\"https:\/\/mdkoswiecim.pl\/?s={search_term_string}\",\"query-input\":\"required name=search_term_string\"}],\"inLanguage\":\"pl-PL\"},{\"@type\":\"WebPage\",\"@id\":\"https:\/\/mdkoswiecim.pl\/index.php\/szachy\/#webpage\",\"url\":\"https:\/\/mdkoswiecim.pl\/index.php\/szachy\/\",\"name\":\"Szachy - MDK\",\"isPartOf\":{\"@id\":\"https:\/\/mdkoswiecim.pl\/#website\"},\"datePublished\":\"2021-02-11T20:17:05+00:00\",\"dateModified\":\"2021-02-11T20:17:05+00:00\",\"breadcrumb\":{\"@id\":\"https:\/\/mdkoswiecim.pl\/index.php\/szachy\/#breadcrumb\"},\"inLanguage\":\"pl-PL\",\"potentialAction\":[{\"@type\":\"ReadAction\",\"target\":[\"https:\/\/mdkoswiecim.pl\/index.php\/szachy\/\"]}]},{\"@type\":\"BreadcrumbList\",\"@id\":\"https:\/\/mdkoswiecim.pl\/index.php\/szachy\/#breadcrumb\",\"itemListElement\":[{\"@type\":\"ListItem\",\"position\":1,\"item\":{\"@type\":\"WebPage\",\"@id\":\"https:\/\/mdkoswiecim.pl\/\",\"url\":\"https:\/\/mdkoswiecim.pl\/\",\"name\":\"Strona g\\u0142\\u00f3wna\"}},{\"@type\":\"ListItem\",\"position\":2,\"item\":{\"@type\":\"WebPage\",\"@id\":\"https:\/\/mdkoswiecim.pl\/index.php\/szachy\/\",\"url\":\"https:\/\/mdkoswiecim.pl\/index.php\/szachy\/\",\"name\":\"Szachy\"}}]}]}<\/script>\n<!-- \/ Yoast SEO plugin. -->","_links":{"self":[{"href":"https:\/\/mdkoswiecim.pl\/index.php\/wp-json\/wp\/v2\/pages\/3497","targetHints":{"allow":["GET"]}}],"collection":[{"href":"https:\/\/mdkoswiecim.pl\/index.php\/wp-json\/wp\/v2\/pages"}],"about":[{"href":"https:\/\/mdkoswiecim.pl\/index.php\/wp-json\/wp\/v2\/types\/page"}],"author":[{"embeddable":true,"href":"https:\/\/mdkoswiecim.pl\/index.php\/wp-json\/wp\/v2\/users\/1"}],"replies":[{"embeddable":true,"href":"https:\/\/mdkoswiecim.pl\/index.php\/wp-json\/wp\/v2\/comments?post=3497"}],"version-history":[{"count":1,"href":"https:\/\/mdkoswiecim.pl\/index.php\/wp-json\/wp\/v2\/pages\/3497\/revisions"}],"predecessor-version":[{"id":3498,"href":"https:\/\/mdkoswiecim.pl\/index.php\/wp-json\/wp\/v2\/pages\/3497\/revisions\/3498"}],"wp:attachment":[{"href":"https:\/\/mdkoswiecim.pl\/index.php\/wp-json\/wp\/v2\/media?parent=3497"}],"curies":[{"name":"wp","href":"https:\/\/api.w.org\/{rel}","templated":true}]}}