{"id":3454,"date":"2021-02-11T20:43:39","date_gmt":"2021-02-11T19:43:39","guid":{"rendered":"http:\/\/mdrncmp.webd.pro\/mdkfortest\/?page_id=3454"},"modified":"2021-02-25T20:48:39","modified_gmt":"2021-02-25T19:48:39","slug":"dzial-zajec-plastycznych","status":"publish","type":"page","link":"https:\/\/mdkoswiecim.pl\/index.php\/dzial-zajec-plastycznych\/","title":{"rendered":"Dzia\u0142 zaj\u0119\u0107 plastycznych"},"content":{"rendered":"<p>[vc_row][vc_column][vc_column_text]<span style=\"font-family: verdana, geneva, sans-serif;\">Propozycja zabaw plastycznych.<\/span><br \/><span style=\"font-family: verdana, geneva, sans-serif;\">Na robienie kartek \u015bwi\u0105tecznych na zaj\u0119ciach zwykle nie starcza nam czasu. Dzisiaj proponuj\u0119 w zwi\u0105zku z nadchodz\u0105 Wielkanoc\u0105 zabaw\u0119 w wykonanie kartek. Potrzebne s\u0105:<\/span><br \/><span style=\"font-family: verdana, geneva, sans-serif;\">\u2013 farby akwarelowe<\/span><br \/><span style=\"font-family: verdana, geneva, sans-serif;\">\u2013 kartki<\/span><br \/><span style=\"font-family: verdana, geneva, sans-serif;\">\u2013 p\u0119dzle<\/span><br \/><span style=\"font-family: verdana, geneva, sans-serif;\">\u2013 woda<\/span><br \/><span style=\"font-family: verdana, geneva, sans-serif;\">\u2013 s\u00f3l kuchenna<\/span><br \/><span style=\"font-family: verdana, geneva, sans-serif;\">\u2013 folia<\/span><br \/><span style=\"font-family: verdana, geneva, sans-serif;\">Wykonujemy podk\u0142ady pokrywaj\u0105c kartk\u0119 farbami akwarelowymi w r\u00f3\u017cny spos\u00f3b;<\/span><br \/><span style=\"font-family: verdana, geneva, sans-serif;\">\u2013 mokre w mokrym: pokrywamy kartk\u0119 wod\u0105 i robimy plam\u0119 farby, powinna si\u0119 rozlewa\u0107;<\/span><br \/><span style=\"font-family: verdana, geneva, sans-serif;\">\u2013 chlapi\u0105c p\u0119dzlem;<\/span><br \/><span style=\"font-family: verdana, geneva, sans-serif;\">\u2013 na\u0142o\u017cy\u0107 rozwodnion\u0105 akwarel\u0119 i posypa\u0107 sol\u0105 kuchenn\u0105;<\/span><br \/><span style=\"font-family: verdana, geneva, sans-serif;\">\u2013 eksperymentowa\u0107<\/span><br \/><span style=\"font-family: verdana, geneva, sans-serif;\">Przygotowane podk\u0142ady zostawi\u0107 do wyschni\u0119cia.<\/span><br \/><span style=\"font-family: verdana, geneva, sans-serif;\">Wycina\u0107 formy, kszta\u0142ty, zwr\u00f3\u0107cie uwag\u0119, \u017ce ja u\u017cy\u0142am bardzo prostych form.<\/span><br \/><span style=\"font-family: verdana, geneva, sans-serif;\">W ten spos\u00f3b mo\u017cna wykona\u0107 prac\u0119 na ka\u017cdy temat, od kartki \u015bwi\u0105tecznej po pejza\u017c.<\/span><br \/><span style=\"font-family: verdana, geneva, sans-serif;\">Potem mo\u017cna pr\u00f3bowa\u0107 uk\u0142ada\u0107 obrazek na r\u00f3\u017cnych t\u0142ach np. czarnym, czy kolorowym.<\/span><br \/><span style=\"font-family: verdana, geneva, sans-serif;\">To tylko sugestia. Wybierzcie swoj\u0105 drog\u0119!<\/span><br \/><span style=\"font-family: verdana, geneva, sans-serif;\">Bardzo czekam na zdj\u0119cia Waszych prac!<\/span><\/p>\n<p><span style=\"font-family: verdana, geneva, sans-serif;\">Pozdrawiam<\/span><br \/><span style=\"font-family: verdana, geneva, sans-serif;\">Agnieszka Mucha<\/span>[\/vc_column_text][\/vc_column][\/vc_row][vc_row][vc_column width=&#8221;1\/4&#8243;][vc_single_image image=&#8221;3458&#8243; img_size=&#8221;large&#8221; alignment=&#8221;center&#8221;][\/vc_column][vc_column width=&#8221;1\/4&#8243;][vc_single_image image=&#8221;3457&#8243; img_size=&#8221;large&#8221; alignment=&#8221;center&#8221;][\/vc_column][vc_column width=&#8221;1\/4&#8243;][vc_single_image image=&#8221;3456&#8243; img_size=&#8221;large&#8221; alignment=&#8221;center&#8221;][\/vc_column][vc_column width=&#8221;1\/4&#8243;][vc_single_image image=&#8221;3455&#8243; img_size=&#8221;large&#8221; alignment=&#8221;center&#8221;][\/vc_column][\/vc_row][vc_row][vc_column][vc_zigzag color=&#8221;mulled_wine&#8221; el_border_width=&#8221;20&#8243;][\/vc_column][\/vc_row][vc_row][vc_column][vc_column_text]<span style=\"font-family: verdana, geneva, sans-serif;\"><strong>Linki do zaj\u0119\u0107 rozwijaj\u0105cych:<\/strong><\/span><\/p>\n<div><span style=\"font-family: verdana, geneva, sans-serif;\">Propozycja zaj\u0119\u0107 dla starszych artyst\u00f3w \u2013 rysunek twarzy \u2013 mo\u017ce doskonalenie umiej\u0119tno\u015bci<\/span><\/div>\n<p>[\/vc_column_text][vc_video link=&#8221;https:\/\/www.youtube.com\/watch?v=fmiIUBOd6jo&#8221; align=&#8221;center&#8221;][vc_column_text]<span style=\"font-family: verdana, geneva, sans-serif;\">i eksperymenty malarskie \u2013 \u015bwietna zabawa!<\/span>[\/vc_column_text][vc_video link=&#8221;https:\/\/www.youtube.com\/watch?v=2HcNn6lFark&amp;list=RDCMUCx_CB8CEZZIuioi9egMH5DA&amp;start_radio=1&amp;t=0&#8243; align=&#8221;center&#8221;][vc_column_text]<span style=\"font-family: verdana, geneva, sans-serif;\">Kwiaty z patyczk\u00f3w higienicznych<\/span>[\/vc_column_text][stm_link link=&#8221;url:https%3A%2F%2Fwww.youtube.com%2Fwatch%3Fv%3DimuDCCq9jww&#8221; link_text=&#8221;https:\/\/www.youtube.com\/watch?v=imuDCCq9jww&#8221;][vc_column_text]<span style=\"font-family: verdana, geneva, sans-serif;\">India\u0144ska ozdoba z w\u0142\u00f3czki<\/span>[\/vc_column_text][vc_video link=&#8221;https:\/\/www.youtube.com\/watch?v=ZXWYEYKCBk4&amp;list=PLieBE_nprVQQI59o3d-ROy4nKxOxxzBDu&amp;index=4&amp;t=0s&#8221; align=&#8221;center&#8221;][vc_column_text]<span style=\"font-family: verdana, geneva, sans-serif;\">Pi\u00f3rko (li\u015b\u0107) z we\u0142ny<\/span>[\/vc_column_text][vc_video link=&#8221;https:\/\/www.youtube.com\/watch?v=rgVg73l3zgI&#8221; align=&#8221;center&#8221;][vc_column_text]<span style=\"font-family: verdana, geneva, sans-serif;\">Ozdoby wielkanocne z w\u0142\u00f3czki<\/span>[\/vc_column_text][vc_video link=&#8221;https:\/\/www.youtube.com\/watch?v=KcGTlehOMXM&#8221; align=&#8221;center&#8221;][vc_column_text]<span style=\"font-family: verdana, geneva, sans-serif;\">Pomys\u0142y na etui na telefon<\/span>[\/vc_column_text][vc_video link=&#8221;https:\/\/www.youtube.com\/watch?v=MODg8fZyuDY&#8221; align=&#8221;center&#8221;][vc_column_text]<span style=\"font-family: verdana, geneva, sans-serif;\">Kwiatuszki z papieru toaletowego<\/span>[\/vc_column_text][vc_video link=&#8221;https:\/\/www.youtube.com\/watch?v=gk4qY61AzvE&#8221; align=&#8221;center&#8221;][vc_column_text]<span style=\"font-family: verdana, geneva, sans-serif;\">Misie z w\u0142\u00f3czki<\/span>[\/vc_column_text][vc_video link=&#8221;https:\/\/www.youtube.com\/watch?v=6IA8xnY-dH4&#8243; align=&#8221;center&#8221;][\/vc_column][\/vc_row][vc_row][vc_column][vc_column_text]<\/p>\n<h1 class=\"western\"><span style=\"font-family: verdana, geneva, sans-serif; font-size: 14pt;\"><strong><span class=\"font\"><span class=\"size\">Poni\u017cej podaj\u0119 propozycje zaj\u0119\u0107 plastycznych dla dzieci z kr\u00f3tkimi filmami instrukta\u017cowymi zwi\u0105zane z wykonywaniem ozd\u00f3b wielkanocnych:<\/span><\/span><\/strong><\/span><\/h1>\n<h1 class=\"western\"><span style=\"font-family: verdana, geneva, sans-serif; font-size: 14pt;\"><strong><span class=\"font\"><span class=\"size\">1. Kurki z opakowa\u0144 na jajka:<\/span><\/span><\/strong><\/span><\/h1>\n<p>[\/vc_column_text][vc_video link=&#8221;https:\/\/www.youtube.com\/watch?v=xLKqVpCcoDg&#8221; align=&#8221;center&#8221;][vc_column_text]<\/p>\n<h1 class=\"western\"><span style=\"font-size: 14pt; font-family: verdana, geneva, sans-serif;\"><strong><span class=\"font\"><span class=\"size\">2. Zaj\u0105czki z rolek po papierze:\u00a0<\/span><\/span><\/strong><\/span><\/h1>\n<p>[\/vc_column_text][vc_video link=&#8221;https:\/\/www.youtube.com\/watch?v=x9WDjHAtaXw&#8221; align=&#8221;center&#8221;][vc_column_text]<span style=\"font-family: verdana, geneva, sans-serif; font-size: 14pt;\"><strong><span class=\"font\"><span class=\"size\">3. Baranek wielkanocny:\u00a0<\/span><\/span><\/strong><\/span>[\/vc_column_text][vc_video link=&#8221;https:\/\/www.youtube.com\/watch?v=VBxAsP_9GXU&#8221; align=&#8221;center&#8221;][vc_column_text]<\/p>\n<h1 class=\"western\"><span style=\"font-family: verdana, geneva, sans-serif; font-size: 14pt;\"><strong><span class=\"font\"><span class=\"size\">4. Kr\u00f3lik ze skarpety:<\/span><\/span><\/strong><\/span><\/h1>\n<p>[\/vc_column_text][vc_video link=&#8221;https:\/\/www.youtube.com\/watch?v=gjeKwVjQ8VQ&#8221; align=&#8221;center&#8221;][\/vc_column][\/vc_row][vc_row][vc_column][vc_column_text]<span style=\"font-family: verdana, geneva, sans-serif;\">Proponuj\u0119 zabaw\u0119 plastyczn\u0105 polegaj\u0105c\u0105 na dorysowaniu ci\u0105gu dalszego do wybranego fragmentu, wycinka fotografii. Mo\u017ce to by\u0107 fragment krajobrazu, reprodukcji itp. Zabawa polega na tym by zaplanowa\u0107 ca\u0142\u0105 kompozycj\u0119 z uwzgl\u0119dnieniem wybranego fragmentu i dorysowanie ci\u0105gu dalszego, staraj\u0105c si\u0119 by wycinek sta\u0142 si\u0119 cz\u0119\u015bci\u0105 obrazka. Nie wyr\u00f3\u017cnia\u0142 si\u0119 kolorem, kszta\u0142tem, a sta\u0142 si\u0119 cz\u0119\u015bci\u0105 kompozycji. Pole do interpretacji mamy szerokie od realnych przedstawie\u0144 a\u017c po abstrakcj\u0119. Zapraszam do zabawy!<\/span>[\/vc_column_text][vc_single_image image=&#8221;3478&#8243; img_size=&#8221;large&#8221; alignment=&#8221;center&#8221;][vc_single_image image=&#8221;3481&#8243; img_size=&#8221;large&#8221; alignment=&#8221;center&#8221;][vc_single_image image=&#8221;3479&#8243; img_size=&#8221;large&#8221; alignment=&#8221;center&#8221;][\/vc_column][\/vc_row][vc_row][vc_column][vc_column_text]<span style=\"font-family: verdana, geneva, sans-serif;\">I jeszcze jedna zabawa plastyczna.<\/span>[\/vc_column_text][vc_single_image image=&#8221;3485&#8243; img_size=&#8221;large&#8221; alignment=&#8221;center&#8221;][vc_single_image image=&#8221;3486&#8243; img_size=&#8221;large&#8221; alignment=&#8221;center&#8221;][vc_single_image image=&#8221;3484&#8243; img_size=&#8221;large&#8221; alignment=&#8221;center&#8221;][vc_single_image image=&#8221;3483&#8243; img_size=&#8221;large&#8221; alignment=&#8221;center&#8221;][\/vc_column][\/vc_row]<\/p>\n<div style=\"width: 480px;\" class=\"wp-video\"><video class=\"wp-video-shortcode\" id=\"video-3454-1\" width=\"480\" height=\"720\" preload=\"metadata\" controls=\"controls\"><source type=\"video\/mp4\" src=\"https:\/\/mdkoswiecim.pl\/wp-content\/uploads\/2021\/02\/Film-A.-Mucha-1.mp4?_=1\" \/><a href=\"https:\/\/mdkoswiecim.pl\/wp-content\/uploads\/2021\/02\/Film-A.-Mucha-1.mp4\">https:\/\/mdkoswiecim.pl\/wp-content\/uploads\/2021\/02\/Film-A.-Mucha-1.mp4<\/a><\/video><\/div>\n<div style=\"width: 1110px;\" class=\"wp-video\"><video class=\"wp-video-shortcode\" id=\"video-3454-2\" width=\"1110\" height=\"826\" preload=\"metadata\" controls=\"controls\"><source type=\"video\/mp4\" src=\"https:\/\/mdkoswiecim.pl\/wp-content\/uploads\/2021\/02\/czrodziejska-technika-kopia.mp4-1.mp4?_=2\" \/><a href=\"https:\/\/mdkoswiecim.pl\/wp-content\/uploads\/2021\/02\/czrodziejska-technika-kopia.mp4-1.mp4\">https:\/\/mdkoswiecim.pl\/wp-content\/uploads\/2021\/02\/czrodziejska-technika-kopia.mp4-1.mp4<\/a><\/video><\/div>\n<div style=\"width: 1110px;\" class=\"wp-video\"><video class=\"wp-video-shortcode\" id=\"video-3454-3\" width=\"1110\" height=\"624\" preload=\"metadata\" controls=\"controls\"><source type=\"video\/mp4\" src=\"https:\/\/mdkoswiecim.pl\/wp-content\/uploads\/2021\/02\/A.-Mucha-kontrast-1.mp4?_=3\" \/><a href=\"https:\/\/mdkoswiecim.pl\/wp-content\/uploads\/2021\/02\/A.-Mucha-kontrast-1.mp4\">https:\/\/mdkoswiecim.pl\/wp-content\/uploads\/2021\/02\/A.-Mucha-kontrast-1.mp4<\/a><\/video><\/div>\n<div style=\"width: 1110px;\" class=\"wp-video\"><video class=\"wp-video-shortcode\" id=\"video-3454-4\" width=\"1110\" height=\"624\" preload=\"metadata\" controls=\"controls\"><source type=\"video\/mp4\" src=\"https:\/\/mdkoswiecim.pl\/wp-content\/uploads\/2021\/02\/20201116-113323-1zmniejszone-1.m4v?_=4\" \/><a href=\"https:\/\/mdkoswiecim.pl\/wp-content\/uploads\/2021\/02\/20201116-113323-1zmniejszone-1.m4v\">https:\/\/mdkoswiecim.pl\/wp-content\/uploads\/2021\/02\/20201116-113323-1zmniejszone-1.m4v<\/a><\/video><\/div>\n<div style=\"width: 1110px;\" class=\"wp-video\"><video class=\"wp-video-shortcode\" id=\"video-3454-5\" width=\"1110\" height=\"624\" preload=\"metadata\" controls=\"controls\"><source type=\"video\/mp4\" src=\"https:\/\/mdkoswiecim.pl\/wp-content\/uploads\/2021\/02\/relief-wypukly-1.mp4?_=5\" \/><a href=\"https:\/\/mdkoswiecim.pl\/wp-content\/uploads\/2021\/02\/relief-wypukly-1.mp4\">https:\/\/mdkoswiecim.pl\/wp-content\/uploads\/2021\/02\/relief-wypukly-1.mp4<\/a><\/video><\/div>\n\n\n<p><\/p>\n","protected":false},"excerpt":{"rendered":"<p>[vc_row][vc_column][vc_column_text]Propozycja zabaw plastycznych.Na robienie kartek \u015bwi\u0105tecznych na zaj\u0119ciach zwykle nie starcza nam czasu. Dzisiaj proponuj\u0119 w zwi\u0105zku z nadchodz\u0105 Wielkanoc\u0105 zabaw\u0119 w wykonanie kartek. Potrzebne s\u0105:\u2013 farby akwarelowe\u2013 kartki\u2013 p\u0119dzle\u2013 woda\u2013 s\u00f3l kuchenna\u2013 foliaWykonujemy podk\u0142ady pokrywaj\u0105c kartk\u0119 farbami akwarelowymi w r\u00f3\u017cny spos\u00f3b;\u2013 mokre w mokrym: pokrywamy kartk\u0119 wod\u0105 i robimy plam\u0119 farby, powinna si\u0119 rozlewa\u0107;\u2013 [&hellip;]<\/p>\n","protected":false},"author":1,"featured_media":0,"parent":0,"menu_order":0,"comment_status":"closed","ping_status":"closed","template":"","meta":{"footnotes":""},"class_list":["post-3454","page","type-page","status-publish","hentry"],"yoast_head":"<!-- This site is optimized with the Yoast SEO plugin v16.1.1 - https:\/\/yoast.com\/wordpress\/plugins\/seo\/ -->\n<title>Dzia\u0142 zaj\u0119\u0107 plastycznych - MDK<\/title>\n<link rel=\"canonical\" href=\"https:\/\/mdkoswiecim.pl\/index.php\/dzial-zajec-plastycznych\/\" \/>\n<meta property=\"og:locale\" content=\"pl_PL\" \/>\n<meta property=\"og:type\" content=\"article\" \/>\n<meta property=\"og:title\" content=\"Dzia\u0142 zaj\u0119\u0107 plastycznych - MDK\" \/>\n<meta property=\"og:description\" content=\"[vc_row][vc_column][vc_column_text]Propozycja zabaw plastycznych.Na robienie kartek \u015bwi\u0105tecznych na zaj\u0119ciach zwykle nie starcza nam czasu. Dzisiaj proponuj\u0119 w zwi\u0105zku z nadchodz\u0105 Wielkanoc\u0105 zabaw\u0119 w wykonanie kartek. Potrzebne s\u0105:\u2013 farby akwarelowe\u2013 kartki\u2013 p\u0119dzle\u2013 woda\u2013 s\u00f3l kuchenna\u2013 foliaWykonujemy podk\u0142ady pokrywaj\u0105c kartk\u0119 farbami akwarelowymi w r\u00f3\u017cny spos\u00f3b;\u2013 mokre w mokrym: pokrywamy kartk\u0119 wod\u0105 i robimy plam\u0119 farby, powinna si\u0119 rozlewa\u0107;\u2013 [&hellip;]\" \/>\n<meta property=\"og:url\" content=\"https:\/\/mdkoswiecim.pl\/index.php\/dzial-zajec-plastycznych\/\" \/>\n<meta property=\"og:site_name\" content=\"MDK\" \/>\n<meta property=\"article:modified_time\" content=\"2021-02-25T19:48:39+00:00\" \/>\n<meta name=\"twitter:card\" content=\"summary_large_image\" \/>\n<meta name=\"twitter:label1\" content=\"Szacowany czas czytania\">\n\t<meta name=\"twitter:data1\" content=\"4 minuty\">\n<script type=\"application\/ld+json\" class=\"yoast-schema-graph\">{\"@context\":\"https:\/\/schema.org\",\"@graph\":[{\"@type\":\"WebSite\",\"@id\":\"https:\/\/mdkoswiecim.pl\/#website\",\"url\":\"https:\/\/mdkoswiecim.pl\/\",\"name\":\"MDK\",\"description\":\"M\\u0142odzie\\u017cowy Dom Kultury w O\\u015bwi\\u0119cimiu\",\"potentialAction\":[{\"@type\":\"SearchAction\",\"target\":\"https:\/\/mdkoswiecim.pl\/?s={search_term_string}\",\"query-input\":\"required name=search_term_string\"}],\"inLanguage\":\"pl-PL\"},{\"@type\":\"WebPage\",\"@id\":\"https:\/\/mdkoswiecim.pl\/index.php\/dzial-zajec-plastycznych\/#webpage\",\"url\":\"https:\/\/mdkoswiecim.pl\/index.php\/dzial-zajec-plastycznych\/\",\"name\":\"Dzia\\u0142 zaj\\u0119\\u0107 plastycznych - MDK\",\"isPartOf\":{\"@id\":\"https:\/\/mdkoswiecim.pl\/#website\"},\"datePublished\":\"2021-02-11T19:43:39+00:00\",\"dateModified\":\"2021-02-25T19:48:39+00:00\",\"breadcrumb\":{\"@id\":\"https:\/\/mdkoswiecim.pl\/index.php\/dzial-zajec-plastycznych\/#breadcrumb\"},\"inLanguage\":\"pl-PL\",\"potentialAction\":[{\"@type\":\"ReadAction\",\"target\":[\"https:\/\/mdkoswiecim.pl\/index.php\/dzial-zajec-plastycznych\/\"]}]},{\"@type\":\"BreadcrumbList\",\"@id\":\"https:\/\/mdkoswiecim.pl\/index.php\/dzial-zajec-plastycznych\/#breadcrumb\",\"itemListElement\":[{\"@type\":\"ListItem\",\"position\":1,\"item\":{\"@type\":\"WebPage\",\"@id\":\"https:\/\/mdkoswiecim.pl\/\",\"url\":\"https:\/\/mdkoswiecim.pl\/\",\"name\":\"Strona g\\u0142\\u00f3wna\"}},{\"@type\":\"ListItem\",\"position\":2,\"item\":{\"@type\":\"WebPage\",\"@id\":\"https:\/\/mdkoswiecim.pl\/index.php\/dzial-zajec-plastycznych\/\",\"url\":\"https:\/\/mdkoswiecim.pl\/index.php\/dzial-zajec-plastycznych\/\",\"name\":\"Dzia\\u0142 zaj\\u0119\\u0107 plastycznych\"}}]}]}<\/script>\n<!-- \/ Yoast SEO plugin. -->","_links":{"self":[{"href":"https:\/\/mdkoswiecim.pl\/index.php\/wp-json\/wp\/v2\/pages\/3454","targetHints":{"allow":["GET"]}}],"collection":[{"href":"https:\/\/mdkoswiecim.pl\/index.php\/wp-json\/wp\/v2\/pages"}],"about":[{"href":"https:\/\/mdkoswiecim.pl\/index.php\/wp-json\/wp\/v2\/types\/page"}],"author":[{"embeddable":true,"href":"https:\/\/mdkoswiecim.pl\/index.php\/wp-json\/wp\/v2\/users\/1"}],"replies":[{"embeddable":true,"href":"https:\/\/mdkoswiecim.pl\/index.php\/wp-json\/wp\/v2\/comments?post=3454"}],"version-history":[{"count":23,"href":"https:\/\/mdkoswiecim.pl\/index.php\/wp-json\/wp\/v2\/pages\/3454\/revisions"}],"predecessor-version":[{"id":13394,"href":"https:\/\/mdkoswiecim.pl\/index.php\/wp-json\/wp\/v2\/pages\/3454\/revisions\/13394"}],"wp:attachment":[{"href":"https:\/\/mdkoswiecim.pl\/index.php\/wp-json\/wp\/v2\/media?parent=3454"}],"curies":[{"name":"wp","href":"https:\/\/api.w.org\/{rel}","templated":true}]}}