{"id":3437,"date":"2021-02-11T20:02:05","date_gmt":"2021-02-11T19:02:05","guid":{"rendered":"http:\/\/mdrncmp.webd.pro\/mdkfortest\/?page_id=3437"},"modified":"2024-07-24T13:02:46","modified_gmt":"2024-07-24T11:02:46","slug":"sekcje","status":"publish","type":"page","link":"https:\/\/mdkoswiecim.pl\/index.php\/sekcje\/","title":{"rendered":"Sekcje"},"content":{"rendered":"<p>[vc_row][vc_column][vc_column_text]<span style=\"font-family: verdana, geneva, sans-serif; font-size: 10pt;\"><strong>NASZE ZAJ\u0118CIA 2024\/2025<\/strong><\/span><\/p>\n<p>&nbsp;<\/p>\n<p><span style=\"font-family: verdana, geneva, sans-serif; color: #cc99ff; font-size: 10pt;\"><strong>PLASTYCZNE I R\u0118KODZIELNICZE<\/strong><\/span><\/p>\n<p><span style=\"font-family: verdana, geneva, sans-serif; font-size: 10pt;\"><strong>PLASTYKA I PLASTYCZNE FORMY PRZESTRZENNE<\/strong><\/span><\/p>\n<ul>\n<li><span style=\"font-family: verdana, geneva, sans-serif; font-size: 10pt;\">ciekawe techniki plastyczne, malarskie, rysunkowe;<\/span><\/li>\n<li><span style=\"font-family: verdana, geneva, sans-serif; font-size: 10pt;\">udzia\u0142 w konkursach krajowych i zagranicznych;<\/span><\/li>\n<li><span style=\"font-family: verdana, geneva, sans-serif; font-size: 10pt;\">formy przestrzenne wykonane z masy solnej, gliny, papieru;<\/span><\/li>\n<li><span style=\"font-family: verdana, geneva, sans-serif; font-size: 10pt;\">tw\u00f3rcze zabawy pozwalaj\u0105ce realizowa\u0107 w\u0142asne pomys\u0142y;<\/span><\/li>\n<\/ul>\n<p>&nbsp;<\/p>\n<p><span style=\"font-family: verdana, geneva, sans-serif; font-size: 10pt;\"><strong>RYSUNEK\/MALARSTWO<\/strong><\/span><\/p>\n<ul>\n<li><span style=\"font-family: verdana, geneva, sans-serif; font-size: 10pt;\">rysunek przestrzenny, perspektywa;<\/span><\/li>\n<li><span style=\"font-family: verdana, geneva, sans-serif; font-size: 10pt;\">studium martwej natury, rysunek postaci;<\/span><\/li>\n<li><span style=\"font-family: verdana, geneva, sans-serif; font-size: 10pt;\">wst\u0119pne przygotowanie do egzamin\u00f3w na uczelnie artystyczne w zakresie sztuk plastycznych;<\/span><\/li>\n<\/ul>\n<p>&nbsp;<\/p>\n<p><span style=\"font-family: verdana, geneva, sans-serif; font-size: 10pt;\"><strong>PROJEKTOWANIE MODY<\/strong><\/span><\/p>\n<ul>\n<li><span style=\"font-family: verdana, geneva, sans-serif; font-size: 10pt;\">rysunek \u017curnalowy;<\/span><\/li>\n<li><span style=\"font-family: verdana, geneva, sans-serif; font-size: 10pt;\">projektowanie odzie\u017cy i przedmiot\u00f3w u\u017cytkowych;<\/span><\/li>\n<li><span style=\"font-family: verdana, geneva, sans-serif; font-size: 10pt;\">przer\u00f3bka ubra\u0144;<\/span><\/li>\n<\/ul>\n<p>&nbsp;<\/p>\n<p><span style=\"font-family: verdana, geneva, sans-serif; font-size: 10pt;\"><strong>GRAFIKA WARSZTATOWA<\/strong><\/span><\/p>\n<ul>\n<li><span style=\"font-family: verdana, geneva, sans-serif; font-size: 10pt;\">poznawanie tajemnic grafiki artystycznej;<\/span><\/li>\n<li><span style=\"font-family: verdana, geneva, sans-serif; font-size: 10pt;\">proste formy druku wypuk\u0142ego (linoryt, gipsoryt);<\/span><\/li>\n<li><span style=\"font-family: verdana, geneva, sans-serif; font-size: 10pt;\">wg\u0142\u0119bnego (suchoryt, plastikoryt);<\/span><\/li>\n<li><span style=\"font-family: verdana, geneva, sans-serif; font-size: 10pt;\">techniki pokrewne (monotypia, kolograf);<\/span><\/li>\n<\/ul>\n<p>&nbsp;<\/p>\n<p><span style=\"font-family: verdana, geneva, sans-serif; font-size: 10pt;\"><strong>R\u0118KODZIE\u0141O ARTYSTYCZNE<\/strong><\/span><\/p>\n<ul>\n<li><span style=\"font-family: verdana, geneva, sans-serif; font-size: 10pt;\">\u015bciegi hafciarskie, sploty makramy;<\/span><\/li>\n<li><span style=\"font-family: verdana, geneva, sans-serif; font-size: 10pt;\">podstawy szyde\u0142kowania;<\/span><\/li>\n<li><span style=\"font-family: verdana, geneva, sans-serif; font-size: 10pt;\">wykonywanie torebek, bransoletek, serwetek, ozd\u00f3b z nici, we\u0142ny, sznurka;<\/span><\/li>\n<\/ul>\n<p>&nbsp;<\/p>\n<p><span style=\"font-family: verdana, geneva, sans-serif; font-size: 10pt;\"><strong>CERAMIKA<\/strong><\/span><\/p>\n<ul>\n<li><span style=\"font-family: verdana, geneva, sans-serif; font-size: 10pt;\">naczynia u\u017cytkowe;<\/span><\/li>\n<li><span style=\"font-family: verdana, geneva, sans-serif; font-size: 10pt;\">bi\u017cuteria;<\/span><\/li>\n<li><span style=\"font-family: verdana, geneva, sans-serif; font-size: 10pt;\">elementy wystroju wn\u0119trz;<\/span><\/li>\n<\/ul>\n<p>&nbsp;<\/p>\n<p><span style=\"font-family: verdana, geneva, sans-serif; color: #99cc00; font-size: 10pt;\"><strong>MUZYCZNE<\/strong><\/span><\/p>\n<p><span style=\"font-family: verdana, geneva, sans-serif; font-size: 10pt;\"><strong>GRA NA GITARZE, GRA NA KEYBOARDZIE, UKULELE, \u015aPIEW<br \/>\n<\/strong><\/span><\/p>\n<ul>\n<li><span style=\"font-family: verdana, geneva, sans-serif; font-size: 10pt;\">nauka i doskonalenie gry na instrumentach;<\/span><\/li>\n<li><span style=\"font-family: verdana, geneva, sans-serif; font-size: 10pt;\">akordy i schematy rytmiczne;<\/span><\/li>\n<li><span style=\"font-family: verdana, geneva, sans-serif; font-size: 10pt;\">wykonywanie utwor\u00f3w indywidualnie i zespo\u0142owo;<\/span><\/li>\n<\/ul>\n<p>&nbsp;<\/p>\n<p><span style=\"font-family: verdana, geneva, sans-serif; font-size: 10pt;\"><strong>ZESP\u00d3\u0141 MUZYCZNY<\/strong><\/span><\/p>\n<ul>\n<li><span style=\"font-family: verdana, geneva, sans-serif; font-size: 10pt;\">kszta\u0142towanie warsztatu artystycznego;<\/span><\/li>\n<li><span style=\"font-family: verdana, geneva, sans-serif; font-size: 10pt;\">przygotowanie sceniczne;<\/span><\/li>\n<li><span style=\"font-family: verdana, geneva, sans-serif; font-size: 10pt;\">udzia\u0142 w koncertach i konkursach;<\/span><\/li>\n<\/ul>\n<p><span style=\"font-family: verdana, geneva, sans-serif; font-size: 10pt;\"><strong>\u00a0<\/strong><\/span><\/p>\n<p><span style=\"font-family: verdana, geneva, sans-serif; color: #0000ff; font-size: 10pt;\"><strong>EDUKACYJNE<\/strong><\/span><\/p>\n<p><span style=\"font-family: verdana, geneva, sans-serif; font-size: 10pt;\"><strong>\u00a0<\/strong><\/span><\/p>\n<p><span style=\"font-family: verdana, geneva, sans-serif; font-size: 10pt;\"><strong>ZAJ\u0118CIA J\u0118ZYKOWE \u2013 J\u0118ZYK ANGIELSKI<\/strong><\/span><\/p>\n<ul>\n<li><span style=\"font-family: verdana, geneva, sans-serif; font-size: 10pt;\">rozszerzanie s\u0142ownictwa poznanego na lekcjach j\u0119zyka obcego;<\/span><\/li>\n<li><span style=\"font-family: verdana, geneva, sans-serif; font-size: 10pt;\">przygotowanie uczni\u00f3w do skutecznego u\u017cywania j\u0119zyka obcego w codziennych sytuacjach;<\/span><\/li>\n<li><span style=\"font-family: verdana, geneva, sans-serif; font-size: 10pt;\">kszta\u0142towanie poczucia w\u0142asnej warto\u015bci przez budowanie pozytywnej samooceny i wiary we w\u0142asne mo\u017cliwo\u015bci;<\/span><\/li>\n<\/ul>\n<p><span style=\"font-family: verdana, geneva, sans-serif; font-size: 10pt;\"><strong>\u00a0<\/strong><\/span><\/p>\n<p><span style=\"font-family: verdana, geneva, sans-serif; font-size: 10pt;\"><strong>TEATR I RECYTACJA<\/strong><\/span><\/p>\n<ul>\n<li><span style=\"font-family: verdana, geneva, sans-serif; font-size: 10pt;\">\u0107wiczenia dykcyjne;<\/span><\/li>\n<li><span style=\"font-family: verdana, geneva, sans-serif; font-size: 10pt;\">drama, warsztaty sceniczne;<\/span><\/li>\n<li><span style=\"font-family: verdana, geneva, sans-serif; font-size: 10pt;\">adaptacja tekstu dla potrzeb teatru m\u0142odego widza;<\/span><\/li>\n<\/ul>\n<p>&nbsp;<\/p>\n<p><span style=\"font-family: verdana, geneva, sans-serif; font-size: 10pt;\"><strong>TECHNIKI UCZENIA SI\u0118<\/strong><\/span><\/p>\n<ul>\n<li><span style=\"font-family: verdana, geneva, sans-serif; font-size: 10pt;\">wzmacnianie motywacji, koncentracja i relaks, sposoby na stres;<\/span><\/li>\n<li><span style=\"font-family: verdana, geneva, sans-serif; font-size: 10pt;\">mnemotechniki, szybkie czytanie, notowanie nielinearne;<\/span><\/li>\n<li><span style=\"font-family: verdana, geneva, sans-serif; font-size: 10pt;\">zwi\u0119kszanie pojemno\u015bci i gotowo\u015bci pami\u0119ci, umiej\u0119tno\u015bci syntezy i analizy informacji;<\/span><\/li>\n<li><span style=\"font-family: verdana, geneva, sans-serif; font-size: 10pt;\">rozwijanie wyobra\u017ani, my\u015blenia tw\u00f3rczego, kojarzenia, spostrzegawczo\u015bci;<\/span><\/li>\n<\/ul>\n<p>&nbsp;<\/p>\n<p><span style=\"font-family: verdana, geneva, sans-serif; font-size: 10pt;\"><strong>GRY LOGICZNE<\/strong><\/span><\/p>\n<ul>\n<li><span style=\"font-family: verdana, geneva, sans-serif; font-size: 10pt;\">gry umys\u0142owe, zagadki, \u0142amig\u0142\u00f3wki, kalambury;<\/span><\/li>\n<li><span style=\"font-family: verdana, geneva, sans-serif; font-size: 10pt;\">rozwijanie tw\u00f3rczego my\u015blenia;<\/span><\/li>\n<li><span style=\"font-family: verdana, geneva, sans-serif; font-size: 10pt;\">\u0107wiczenia spostrzegawczo\u015bci i pami\u0119ci;<\/span><\/li>\n<\/ul>\n<p><span style=\"font-family: verdana, geneva, sans-serif; font-size: 10pt;\"><strong>\u00a0<\/strong><\/span><\/p>\n<p><span style=\"font-family: verdana, geneva, sans-serif; color: #ff0000; font-size: 10pt;\"><strong>SPORTOWE<\/strong><\/span><\/p>\n<p><span style=\"font-family: verdana, geneva, sans-serif; font-size: 10pt;\"><strong>CHEARLEADERKI<br \/>\n<\/strong><\/span><\/p>\n<p><span style=\"font-family: verdana, geneva, sans-serif; font-size: 10pt;\">CHEERLEADERS<\/span><\/p>\n<ul>\n<li><span style=\"font-family: verdana, geneva, sans-serif; font-size: 10pt;\">wspomaganie harmonijnego rozwoju uczni\u00f3w<\/span><\/li>\n<li><span style=\"font-family: verdana, geneva, sans-serif; font-size: 10pt;\">nauczanie element\u00f3w gimnastyczno- akrobatycznych<\/span><\/li>\n<li><span style=\"font-family: verdana, geneva, sans-serif; font-size: 10pt;\">rozwijanie umiej\u0119tno\u015bci tanecznych<\/span><\/li>\n<li><span style=\"font-family: verdana, geneva, sans-serif; font-size: 10pt;\">tworzenie uk\u0142ad\u00f3w choreograficznych cheer dance, pom dance, cheer<\/span><\/li>\n<li><span style=\"font-family: verdana, geneva, sans-serif; font-size: 10pt;\">podnoszenie sprawno\u015bci fizycznej, kszta\u0142towanie prawid\u0142owej sylwetki<\/span><\/li>\n<\/ul>\n<p>&nbsp;<\/p>\n<p><span style=\"font-family: verdana, geneva, sans-serif; font-size: 10pt;\"><strong>TANIEC<\/strong><\/span><\/p>\n<ul>\n<li><span style=\"font-family: verdana, geneva, sans-serif; font-size: 10pt;\">wspomaganie harmonijnego rozwoju uczni\u00f3w<\/span><\/li>\n<li><span style=\"font-family: verdana, geneva, sans-serif; font-size: 10pt;\">promowanie zdrowego stylu \u017cycia, wspomaganie pracy podstawowych uk\u0142ad\u00f3w organizmu: kr\u0105\u017ceniowego i oddechowego<\/span><\/li>\n<li><span style=\"font-family: verdana, geneva, sans-serif; font-size: 10pt;\">podnoszenie sprawno\u015bci fizycznej, poprawa koordynacji, wzmacnianie mi\u0119\u015bni<\/span><\/li>\n<\/ul>\n<p>&nbsp;<\/p>\n<p><span style=\"font-family: verdana, geneva, sans-serif; font-size: 10pt;\"><strong>SZACHY<\/strong><\/span><\/p>\n<ul>\n<li><span style=\"font-family: verdana, geneva, sans-serif; font-size: 10pt;\">poznawanie zasad gry, doskonalenie umiej\u0119tno\u015bci;<\/span><\/li>\n<li><span style=\"font-family: verdana, geneva, sans-serif; font-size: 10pt;\">rozwijanie koncentracji, przewidywania, my\u015blenia logicznego i dedukcyjnego;<\/span><\/li>\n<li><span style=\"font-family: verdana, geneva, sans-serif; font-size: 10pt;\">udzia\u0142 w turniejach szachowych.<\/span><\/li>\n<\/ul>\n<p><span style=\"font-family: verdana, geneva, sans-serif; font-size: 10pt;\"><strong>BADMINTON<\/strong><\/span><\/p>\n<ul>\n<li><span style=\"font-family: verdana, geneva, sans-serif; font-size: 10pt;\">poznawanie zasad gry, doskonalenie umiej\u0119tno\u015bci;<\/span><\/li>\n<li><span style=\"font-family: verdana, geneva, sans-serif; font-size: 10pt;\">rozwijanie koncentracji, przewidywania;<\/span><\/li>\n<li><span style=\"font-family: verdana, geneva, sans-serif; font-size: 10pt;\">wspomaganie harmonijnego rozwoju uczni\u00f3w;<\/span><\/li>\n<li><\/li>\n<li><span style=\"font-family: verdana, geneva, sans-serif; font-size: 10pt;\">udzia\u0142 w turniejach badmintona.<\/span><\/li>\n<\/ul>\n<p><span style=\"font-family: verdana, geneva, sans-serif; font-size: 10pt;\">Szczeg\u00f3\u0142owe informacje w sekretariacie MDK:<\/span><br \/>\n<span style=\"font-family: verdana, geneva, sans-serif; font-size: 10pt;\"><strong>ul. K. Olszewskiego 1,<br \/>\n<\/strong><strong>tel. 33 842 42 64,<br \/>\n<\/strong><strong>mdk@mdkoswiecim.pl<\/strong><\/span><\/p>\n<p><span style=\"font-family: verdana, geneva, sans-serif; font-size: 10pt;\"><strong>www.mdkoswiecim.pl<\/strong><\/span>[\/vc_column_text][\/vc_column][\/vc_row]<\/p>\n","protected":false},"excerpt":{"rendered":"<p>[vc_row][vc_column][vc_column_text]NASZE ZAJ\u0118CIA 2024\/2025 &nbsp; PLASTYCZNE I R\u0118KODZIELNICZE PLASTYKA I PLASTYCZNE FORMY PRZESTRZENNE ciekawe techniki plastyczne, malarskie, rysunkowe; udzia\u0142 w konkursach krajowych i zagranicznych; formy przestrzenne wykonane z masy solnej, gliny, papieru; tw\u00f3rcze zabawy pozwalaj\u0105ce realizowa\u0107 w\u0142asne pomys\u0142y; &nbsp; RYSUNEK\/MALARSTWO rysunek przestrzenny, perspektywa; studium martwej natury, rysunek postaci; wst\u0119pne przygotowanie do egzamin\u00f3w na uczelnie artystyczne w [&hellip;]<\/p>\n","protected":false},"author":1,"featured_media":0,"parent":0,"menu_order":0,"comment_status":"closed","ping_status":"closed","template":"","meta":{"footnotes":""},"class_list":["post-3437","page","type-page","status-publish","hentry"],"yoast_head":"<!-- This site is optimized with the Yoast SEO plugin v16.1.1 - https:\/\/yoast.com\/wordpress\/plugins\/seo\/ -->\n<title>Sekcje - MDK<\/title>\n<link rel=\"canonical\" href=\"https:\/\/mdkoswiecim.pl\/index.php\/sekcje\/\" \/>\n<meta property=\"og:locale\" content=\"pl_PL\" \/>\n<meta property=\"og:type\" content=\"article\" \/>\n<meta property=\"og:title\" content=\"Sekcje - MDK\" \/>\n<meta property=\"og:description\" content=\"[vc_row][vc_column][vc_column_text]NASZE ZAJ\u0118CIA 2024\/2025 &nbsp; PLASTYCZNE I R\u0118KODZIELNICZE PLASTYKA I PLASTYCZNE FORMY PRZESTRZENNE ciekawe techniki plastyczne, malarskie, rysunkowe; udzia\u0142 w konkursach krajowych i zagranicznych; formy przestrzenne wykonane z masy solnej, gliny, papieru; tw\u00f3rcze zabawy pozwalaj\u0105ce realizowa\u0107 w\u0142asne pomys\u0142y; &nbsp; RYSUNEK\/MALARSTWO rysunek przestrzenny, perspektywa; studium martwej natury, rysunek postaci; wst\u0119pne przygotowanie do egzamin\u00f3w na uczelnie artystyczne w [&hellip;]\" \/>\n<meta property=\"og:url\" content=\"https:\/\/mdkoswiecim.pl\/index.php\/sekcje\/\" \/>\n<meta property=\"og:site_name\" content=\"MDK\" \/>\n<meta property=\"article:modified_time\" content=\"2024-07-24T11:02:46+00:00\" \/>\n<meta name=\"twitter:card\" content=\"summary_large_image\" \/>\n<meta name=\"twitter:label1\" content=\"Szacowany czas czytania\">\n\t<meta name=\"twitter:data1\" content=\"2 minuty\">\n<script type=\"application\/ld+json\" class=\"yoast-schema-graph\">{\"@context\":\"https:\/\/schema.org\",\"@graph\":[{\"@type\":\"WebSite\",\"@id\":\"https:\/\/mdkoswiecim.pl\/#website\",\"url\":\"https:\/\/mdkoswiecim.pl\/\",\"name\":\"MDK\",\"description\":\"M\\u0142odzie\\u017cowy Dom Kultury w O\\u015bwi\\u0119cimiu\",\"potentialAction\":[{\"@type\":\"SearchAction\",\"target\":\"https:\/\/mdkoswiecim.pl\/?s={search_term_string}\",\"query-input\":\"required name=search_term_string\"}],\"inLanguage\":\"pl-PL\"},{\"@type\":\"WebPage\",\"@id\":\"https:\/\/mdkoswiecim.pl\/index.php\/sekcje\/#webpage\",\"url\":\"https:\/\/mdkoswiecim.pl\/index.php\/sekcje\/\",\"name\":\"Sekcje - MDK\",\"isPartOf\":{\"@id\":\"https:\/\/mdkoswiecim.pl\/#website\"},\"datePublished\":\"2021-02-11T19:02:05+00:00\",\"dateModified\":\"2024-07-24T11:02:46+00:00\",\"breadcrumb\":{\"@id\":\"https:\/\/mdkoswiecim.pl\/index.php\/sekcje\/#breadcrumb\"},\"inLanguage\":\"pl-PL\",\"potentialAction\":[{\"@type\":\"ReadAction\",\"target\":[\"https:\/\/mdkoswiecim.pl\/index.php\/sekcje\/\"]}]},{\"@type\":\"BreadcrumbList\",\"@id\":\"https:\/\/mdkoswiecim.pl\/index.php\/sekcje\/#breadcrumb\",\"itemListElement\":[{\"@type\":\"ListItem\",\"position\":1,\"item\":{\"@type\":\"WebPage\",\"@id\":\"https:\/\/mdkoswiecim.pl\/\",\"url\":\"https:\/\/mdkoswiecim.pl\/\",\"name\":\"Strona g\\u0142\\u00f3wna\"}},{\"@type\":\"ListItem\",\"position\":2,\"item\":{\"@type\":\"WebPage\",\"@id\":\"https:\/\/mdkoswiecim.pl\/index.php\/sekcje\/\",\"url\":\"https:\/\/mdkoswiecim.pl\/index.php\/sekcje\/\",\"name\":\"Sekcje\"}}]}]}<\/script>\n<!-- \/ Yoast SEO plugin. -->","_links":{"self":[{"href":"https:\/\/mdkoswiecim.pl\/index.php\/wp-json\/wp\/v2\/pages\/3437","targetHints":{"allow":["GET"]}}],"collection":[{"href":"https:\/\/mdkoswiecim.pl\/index.php\/wp-json\/wp\/v2\/pages"}],"about":[{"href":"https:\/\/mdkoswiecim.pl\/index.php\/wp-json\/wp\/v2\/types\/page"}],"author":[{"embeddable":true,"href":"https:\/\/mdkoswiecim.pl\/index.php\/wp-json\/wp\/v2\/users\/1"}],"replies":[{"embeddable":true,"href":"https:\/\/mdkoswiecim.pl\/index.php\/wp-json\/wp\/v2\/comments?post=3437"}],"version-history":[{"count":6,"href":"https:\/\/mdkoswiecim.pl\/index.php\/wp-json\/wp\/v2\/pages\/3437\/revisions"}],"predecessor-version":[{"id":19690,"href":"https:\/\/mdkoswiecim.pl\/index.php\/wp-json\/wp\/v2\/pages\/3437\/revisions\/19690"}],"wp:attachment":[{"href":"https:\/\/mdkoswiecim.pl\/index.php\/wp-json\/wp\/v2\/media?parent=3437"}],"curies":[{"name":"wp","href":"https:\/\/api.w.org\/{rel}","templated":true}]}}