{"id":3090,"date":"2021-02-03T18:16:58","date_gmt":"2021-02-03T17:16:58","guid":{"rendered":"http:\/\/mdrncmp.webd.pro\/mdkfortest\/?page_id=3090"},"modified":"2021-02-03T18:16:58","modified_gmt":"2021-02-03T17:16:58","slug":"klauzula-informacyjna","status":"publish","type":"page","link":"https:\/\/mdkoswiecim.pl\/index.php\/rodo\/klauzula-informacyjna\/","title":{"rendered":"Klauzula informacyjna"},"content":{"rendered":"<p>[vc_row][vc_column][vc_column_text]Zgodnie z art. 13 ust. 1 i ust. 2 rozporz\u0105dzenia Parlamentu Europejskiego i Rady (UE) 2016\/679 z 27 kwietnia 2016 r. w sprawie ochrony os\u00f3b fizycznych w zwi\u0105zku z\u00a0przetwarzaniem danych osobowych i w sprawie swobodnego przep\u0142ywu takich danych oraz uchylenia dyrektywy 95\/46\/WE (Dz. Urz. UE. L. 2016.119.1), dalej RODO, informujemy, \u017ce:<\/p>\n<ul>\n<li>Administratorem danych osobowych uczestnik\u00f3w konkurs\u00f3w, wydarze\u0144 i zaj\u0119\u0107 organizowanych przez MDK w\u00a0O\u015bwi\u0119cimiu jest M\u0142odzie\u017cowy Dom Kultury w\u00a0O\u015bwi\u0119cimiu z siedzib\u0105: 32-600 O\u015bwi\u0119cim, ul.\u00a0Olszewskiego 1. Administrator prowadzi operacje przetwarzania danych osobowych uczestnik\u00f3w konkurs\u00f3w.<\/li>\n<li>Dane kontaktowe Administratora:\u00a0<em>mdk@powiat.oswiecim.pl<\/em>.<\/li>\n<li>Administrator wyznaczy\u0142 inspektora ochrony danych, z kt\u00f3rym mo\u017cna si\u0119 skontaktowa\u0107 poprzez e-mail:\u00a0<a href=\"mailto:iod@powiat.oswiecim.pl\">iod@powiat.oswiecim.pl<\/a>. Z inspektorem ochrony danych mo\u017cna si\u0119 kontaktowa\u0107 we wszystkich sprawach dotycz\u0105cych przetwarzania danych osobowych oraz korzystania z praw zwi\u0105zanych z\u00a0przetwarzaniem danych.<\/li>\n<li>Wizerunek uczestnik\u00f3w konkurs\u00f3w, wydarze\u0144 oraz zaj\u0119\u0107 edukacyjnych itp. b\u0119dzie przetwarzany wy\u0142\u0105cznie w celu promocji dzia\u0142a\u0144 M\u0142odzie\u017cowego Domu Kultury w O\u015bwi\u0119cimiu. Podstaw\u0105 przetwarzania danych osobowych w MDK jest art.6 ust.1 pkt. a) RODO.<\/li>\n<li>Wizerunek uczestnik\u00f3w zaj\u0119\u0107, konkurs\u00f3w, wydarze\u0144 w MDK mo\u017ce zosta\u0107 udost\u0119pniony innym podmiotom (Starostwo Powiatowe w O\u015bwi\u0119cimiu, ul. Wyspia\u0144skiego 10, 32-600 O\u015bwi\u0119cim) wy\u0142\u0105cznie w celu realizacji, ewaluacji, kontroli, monitoringu i\u00a0sprawozdawczo\u015bci oraz promocji dzia\u0142a\u0144 edukacyjnych MDK.<\/li>\n<li>Podanie danych jest dobrowolne.<\/li>\n<li>Ka\u017cdy uczestnik zaj\u0119\u0107, konkurs\u00f3w i wydarze\u0144 w MDK ma prawo dost\u0119pu do tre\u015bci swoich danych i ich poprawiania oraz do ich usuni\u0119cia, lub ograniczenia przetwarzania danych osobowych, wniesienia sprzeciwu wobec takiego przetwarzania, wniesienia skarg do organu nadzorczego (tj.:\u00a0Prezesa Urz\u0119du Ochrony Danych Osobowych, ul. Stawki 2, 00 \u2013 193 Warszawa.), cofni\u0119cia zgody na przetwarzanie danych osobowych, bez wp\u0142ywu na zgodno\u015b\u0107 z\u00a0prawem przetwarzania, kt\u00f3rego dokonano na podstawie zgody przed jej cofni\u0119ciem.<\/li>\n<li>Dane osobowe uczestnik\u00f3w zaj\u0119\u0107, wydarze\u0144 i konkurs\u00f3w w MDK nie podlegaj\u0105 zautomatyzowanemu podejmowaniu decyzji, w\u00a0tym profilowaniu.<\/li>\n<\/ul>\n<p>[\/vc_column_text][\/vc_column][\/vc_row]<\/p>\n","protected":false},"excerpt":{"rendered":"<p>[vc_row][vc_column][vc_column_text]Zgodnie z art. 13 ust. 1 i ust. 2 rozporz\u0105dzenia Parlamentu Europejskiego i Rady (UE) 2016\/679 z 27 kwietnia 2016 r. w sprawie ochrony os\u00f3b fizycznych w zwi\u0105zku z\u00a0przetwarzaniem danych osobowych i w sprawie swobodnego przep\u0142ywu takich danych oraz uchylenia dyrektywy 95\/46\/WE (Dz. Urz. UE. L. 2016.119.1), dalej RODO, informujemy, \u017ce: Administratorem danych osobowych uczestnik\u00f3w [&hellip;]<\/p>\n","protected":false},"author":1,"featured_media":0,"parent":3077,"menu_order":0,"comment_status":"closed","ping_status":"closed","template":"","meta":{"footnotes":""},"class_list":["post-3090","page","type-page","status-publish","hentry"],"yoast_head":"<!-- This site is optimized with the Yoast SEO plugin v16.1.1 - https:\/\/yoast.com\/wordpress\/plugins\/seo\/ -->\n<title>Klauzula informacyjna - MDK<\/title>\n<link rel=\"canonical\" href=\"https:\/\/mdkoswiecim.pl\/index.php\/rodo\/klauzula-informacyjna\/\" \/>\n<meta property=\"og:locale\" content=\"pl_PL\" \/>\n<meta property=\"og:type\" content=\"article\" \/>\n<meta property=\"og:title\" content=\"Klauzula informacyjna - MDK\" \/>\n<meta property=\"og:description\" content=\"[vc_row][vc_column][vc_column_text]Zgodnie z art. 13 ust. 1 i ust. 2 rozporz\u0105dzenia Parlamentu Europejskiego i Rady (UE) 2016\/679 z 27 kwietnia 2016 r. w sprawie ochrony os\u00f3b fizycznych w zwi\u0105zku z\u00a0przetwarzaniem danych osobowych i w sprawie swobodnego przep\u0142ywu takich danych oraz uchylenia dyrektywy 95\/46\/WE (Dz. Urz. UE. L. 2016.119.1), dalej RODO, informujemy, \u017ce: Administratorem danych osobowych uczestnik\u00f3w [&hellip;]\" \/>\n<meta property=\"og:url\" content=\"https:\/\/mdkoswiecim.pl\/index.php\/rodo\/klauzula-informacyjna\/\" \/>\n<meta property=\"og:site_name\" content=\"MDK\" \/>\n<meta name=\"twitter:card\" content=\"summary_large_image\" \/>\n<meta name=\"twitter:label1\" content=\"Szacowany czas czytania\">\n\t<meta name=\"twitter:data1\" content=\"2 minuty\">\n<script type=\"application\/ld+json\" class=\"yoast-schema-graph\">{\"@context\":\"https:\/\/schema.org\",\"@graph\":[{\"@type\":\"WebSite\",\"@id\":\"https:\/\/mdkoswiecim.pl\/#website\",\"url\":\"https:\/\/mdkoswiecim.pl\/\",\"name\":\"MDK\",\"description\":\"M\\u0142odzie\\u017cowy Dom Kultury w O\\u015bwi\\u0119cimiu\",\"potentialAction\":[{\"@type\":\"SearchAction\",\"target\":\"https:\/\/mdkoswiecim.pl\/?s={search_term_string}\",\"query-input\":\"required name=search_term_string\"}],\"inLanguage\":\"pl-PL\"},{\"@type\":\"WebPage\",\"@id\":\"https:\/\/mdkoswiecim.pl\/index.php\/rodo\/klauzula-informacyjna\/#webpage\",\"url\":\"https:\/\/mdkoswiecim.pl\/index.php\/rodo\/klauzula-informacyjna\/\",\"name\":\"Klauzula informacyjna - MDK\",\"isPartOf\":{\"@id\":\"https:\/\/mdkoswiecim.pl\/#website\"},\"datePublished\":\"2021-02-03T17:16:58+00:00\",\"dateModified\":\"2021-02-03T17:16:58+00:00\",\"breadcrumb\":{\"@id\":\"https:\/\/mdkoswiecim.pl\/index.php\/rodo\/klauzula-informacyjna\/#breadcrumb\"},\"inLanguage\":\"pl-PL\",\"potentialAction\":[{\"@type\":\"ReadAction\",\"target\":[\"https:\/\/mdkoswiecim.pl\/index.php\/rodo\/klauzula-informacyjna\/\"]}]},{\"@type\":\"BreadcrumbList\",\"@id\":\"https:\/\/mdkoswiecim.pl\/index.php\/rodo\/klauzula-informacyjna\/#breadcrumb\",\"itemListElement\":[{\"@type\":\"ListItem\",\"position\":1,\"item\":{\"@type\":\"WebPage\",\"@id\":\"https:\/\/mdkoswiecim.pl\/\",\"url\":\"https:\/\/mdkoswiecim.pl\/\",\"name\":\"Strona g\\u0142\\u00f3wna\"}},{\"@type\":\"ListItem\",\"position\":2,\"item\":{\"@type\":\"WebPage\",\"@id\":\"https:\/\/mdkoswiecim.pl\/index.php\/rodo\/\",\"url\":\"https:\/\/mdkoswiecim.pl\/index.php\/rodo\/\",\"name\":\"RODO\"}},{\"@type\":\"ListItem\",\"position\":3,\"item\":{\"@type\":\"WebPage\",\"@id\":\"https:\/\/mdkoswiecim.pl\/index.php\/rodo\/klauzula-informacyjna\/\",\"url\":\"https:\/\/mdkoswiecim.pl\/index.php\/rodo\/klauzula-informacyjna\/\",\"name\":\"Klauzula informacyjna\"}}]}]}<\/script>\n<!-- \/ Yoast SEO plugin. -->","_links":{"self":[{"href":"https:\/\/mdkoswiecim.pl\/index.php\/wp-json\/wp\/v2\/pages\/3090","targetHints":{"allow":["GET"]}}],"collection":[{"href":"https:\/\/mdkoswiecim.pl\/index.php\/wp-json\/wp\/v2\/pages"}],"about":[{"href":"https:\/\/mdkoswiecim.pl\/index.php\/wp-json\/wp\/v2\/types\/page"}],"author":[{"embeddable":true,"href":"https:\/\/mdkoswiecim.pl\/index.php\/wp-json\/wp\/v2\/users\/1"}],"replies":[{"embeddable":true,"href":"https:\/\/mdkoswiecim.pl\/index.php\/wp-json\/wp\/v2\/comments?post=3090"}],"version-history":[{"count":2,"href":"https:\/\/mdkoswiecim.pl\/index.php\/wp-json\/wp\/v2\/pages\/3090\/revisions"}],"predecessor-version":[{"id":3092,"href":"https:\/\/mdkoswiecim.pl\/index.php\/wp-json\/wp\/v2\/pages\/3090\/revisions\/3092"}],"up":[{"embeddable":true,"href":"https:\/\/mdkoswiecim.pl\/index.php\/wp-json\/wp\/v2\/pages\/3077"}],"wp:attachment":[{"href":"https:\/\/mdkoswiecim.pl\/index.php\/wp-json\/wp\/v2\/media?parent=3090"}],"curies":[{"name":"wp","href":"https:\/\/api.w.org\/{rel}","templated":true}]}}