{"id":3074,"date":"2021-02-03T17:59:55","date_gmt":"2021-02-03T16:59:55","guid":{"rendered":"http:\/\/mdrncmp.webd.pro\/mdkfortest\/?page_id=3074"},"modified":"2021-04-07T21:34:33","modified_gmt":"2021-04-07T19:34:33","slug":"klauzula-informacyjna-covid-19","status":"publish","type":"page","link":"https:\/\/mdkoswiecim.pl\/index.php\/rodo\/klauzula-informacyjna-covid-19\/","title":{"rendered":"Klauzula informacyjna COVID-19"},"content":{"rendered":"<p>[vc_row][vc_column][vc_column_text]Szanowni Pa\u0144stwo, informujemy, i\u017c zgodnie z art. 17 ustawy z dnia 2 marca 2020 r. o\u00a0szczeg\u00f3lnych rozwi\u0105zaniach zwi\u0105zanych z zapobieganiem, przeciwdzia\u0142aniem i\u00a0zwalczaniem COVID-19, innych chor\u00f3b zaka\u017anych oraz wywo\u0142anych nimi sytuacji kryzysowych (Dz.U. z\u00a02020 r. poz. 374), realizuj\u0105c wytyczne dla organizator\u00f3w imprez kulturalnych i rozrywkowych w trakcie epidemii wirusa SARS-CoV-2 w Polsce M\u0142odzie\u017cowy Dom Kultury w O\u015bwi\u0119cimiu pobiera od Pa\u0144stwa dane kontaktowe w postaci imienia, nazwiska i nr telefonu na wypadek stwierdzenia u kt\u00f3rego\u015b z uczestnik\u00f3w zaj\u0119\u0107 i\u00a0wydarze\u0144 organizowanych w MDK zaka\u017cenia SARS-CoV-2 w celu poinformowania Pa\u0144stwa o\u00a0ewentualnym kontakcie z osoba zaka\u017con\u0105.<\/p>\n<p><strong>KLAUZULA INFORMACYJNA<\/strong><\/p>\n<p><strong>dotycz\u0105ca gromadzenia danych osobowych <\/strong><\/p>\n<p><strong>w trakcie epidemii wirusa SARS-COV-2.<\/strong><\/p>\n<ol>\n<li>Administratorem danych osobowych uczestnik\u00f3w konkurs\u00f3w, wydarze\u0144 i zaj\u0119\u0107 organizowanych przez MDK w\u00a0O\u015bwi\u0119cimiu jest M\u0142odzie\u017cowy Dom Kultury w\u00a0O\u015bwi\u0119cimiu z siedzib\u0105: 32-600 O\u015bwi\u0119cim, ul.\u00a0Olszewskiego 1. Administrator prowadzi operacje przetwarzania danych osobowych uczestnik\u00f3w konkurs\u00f3w.<\/li>\n<li>Dane kontaktowe Administratora: <a href=\"mailto:mdk@powiat.oswiecim.pl\"><em>mdk@powiat.oswiecim.pl<\/em><\/a>.<\/li>\n<li>Administrator wyznaczy\u0142 inspektora ochrony danych, z kt\u00f3rym mo\u017cna si\u0119 skontaktowa\u0107 poprzez e-mail: <a href=\"mailto:iod@powiat.oswiecim.pl\">iod@powiat.oswiecim.pl<\/a>. Z inspektorem ochrony danych mo\u017cna si\u0119 kontaktowa\u0107 we wszystkich sprawach dotycz\u0105cych przetwarzania danych osobowych oraz korzystania z praw zwi\u0105zanych z\u00a0przetwarzaniem danych.<\/li>\n<li>Dane osobowe przetwarzane s\u0105 na podstawie przepis\u00f3w prawa w zale\u017cno\u015bci od celu przetwarzania:<\/li>\n<\/ol>\n<p>CEL PRZETWARZANIA:<\/p>\n<p>Poinformowanie osoby o mo\u017cliwo\u015bci kontaktu z osob\u0105 zaka\u017con\u0105 SARS-CoV-2<\/p>\n<p>PODSTAWY PRAWNE:<\/p>\n<p>art. 6 ust. 1 lit. c RODO, tj. przetwarzanie jest niezb\u0119dne do wype\u0142nienia obowi\u0105zku prawnego ci\u0105\u017c\u0105cego na administratorze:<\/p>\n<ul>\n<li>17 ustawy z dnia 2 marca 2020 r. o szczeg\u00f3lnych rozwi\u0105zaniach zwi\u0105zanych z zapobieganiem, przeciwdzia\u0142aniem i zwalczaniem COVID-19, innych chor\u00f3b zaka\u017anych oraz wywo\u0142anych nimi sytuacji kryzysowych (Dz.U. z 2020 r. poz. 374),<\/li>\n<li>wytyczne dla organizator\u00f3w imprez kulturalnych i rozrywkowych w trakcie epidemii wirusa SARS-CoV-2 w Polsce.<\/li>\n<\/ul>\n<ol start=\"5\">\n<li>Odbiorc\u0105 zebranych danych osobowych s\u0105 wy\u0142\u0105cznie podmioty upowa\u017cnione do\u00a0otrzymania tych danych na podstawie obowi\u0105zuj\u0105cych przepis\u00f3w prawa m.in. G\u0142\u00f3wny Inspektor Sanitarny lub powiatowa stacja sanitarna.<\/li>\n<li>Dane osobowe przechowywane b\u0119d\u0105 przez okres 14 dni od ich zebrania.<\/li>\n<li>W zwi\u0105zku z przetwarzaniem danych osobowych przez MDK, ka\u017cdej osobie przys\u0142uguj\u0105 nast\u0119puj\u0105ce prawa:<\/li>\n<li>prawo \u017c\u0105dania dost\u0119pu do danych osobowych<\/li>\n<li>prawo \u017c\u0105dania ich sprostowania<\/li>\n<li>prawo \u017c\u0105dania ich usuni\u0119cia (w przypadkach okre\u015blonych przez art. 17 ust 1 z\u00a0zastrze\u017ceniem art. 17 ust. 3 RODO )<\/li>\n<li>prawo \u017c\u0105dania ograniczenia ich przetwarzania.<\/li>\n<li>Aby zrealizowa\u0107 swoje prawa, ka\u017cda osoba powinna zwr\u00f3ci\u0107 si\u0119 do MDK z\u00a0odpowiednim wnioskiem. W tym celu prosimy pisa\u0107 na adres poczty e-mail MDK, listownie na adres MDK lub bezpo\u015brednio na adres e-mail inspektora ochrony danych osobowych. MDK zrealizuje przys\u0142uguj\u0105ce osobie prawa o ile nie b\u0119d\u0105 istnia\u0142y przes\u0142anki RODO lub na MDK nie b\u0119dzie ci\u0105\u017cy\u0142 obowi\u0105zek prawny wynikaj\u0105cy z\u00a0odr\u0119bnych przepis\u00f3w zwalniaj\u0105cy MDK z obowi\u0105zku realizacji \u017c\u0105da\u0144 osoby. W\u00a0takim przypadku osoba sk\u0142adaj\u0105ca wniosek otrzyma pisemn\u0105 lub elektroniczn\u0105 informacje o powodach niezrealizowania przys\u0142uguj\u0105cego jej prawa.<\/li>\n<li>Ka\u017cdej osobie, kt\u00f3ra uzna, \u017ce MDK przetwarza jej dane w spos\u00f3b naruszaj\u0105cy przepisy og\u00f3lnego rozporz\u0105dzenia o ochronie danych osobowych z dnia 27 kwietnia 2016 r (RODO), przys\u0142uguje prawo wniesienia skargi do organu nadzorczego w\u0142a\u015bciwego dla ochrony danych osobowych ze wzgl\u0119du na miejsce pobytu osoby, wykonywania pracy lub miejsca pope\u0142nienia domniemanego naruszenia. Na\u00a0terytorium Polski organem takim jest Urz\u0105d Ochrony Danych Osobowych, ul.\u00a0Stawki 2, 00-193 Warszawa.<\/li>\n<li>Podanie danych osobowych jest dobrowolne. Jednak ich niepodanie b\u0119dzie skutkowa\u0142o brakiem mo\u017cliwo\u015bci korzystania z oferty MDK.<\/li>\n<li>Dane osobowe zebrane przez MDK b\u0119d\u0105 podlega\u0142y zautomatyzowanemu przetwarzaniu danych tj. przy pomocy program\u00f3w komputerowych.<\/li>\n<\/ol>\n<p>[\/vc_column_text][stm_btn_simple btn_link=&#8221;url:http%3A%2F%2Fmdkoswiecim.pl%2Fwp-content%2Fuploads%2F2021%2F02%2Fklauzula-RODO-COVID-19.docx&#8221; btn_link_text=&#8221;DO POBRANIA (.docx)&#8221;][vc_column_text][\/vc_column_text][\/vc_column][\/vc_row]<\/p>\n","protected":false},"excerpt":{"rendered":"<p>[vc_row][vc_column][vc_column_text]Szanowni Pa\u0144stwo, informujemy, i\u017c zgodnie z art. 17 ustawy z dnia 2 marca 2020 r. o\u00a0szczeg\u00f3lnych rozwi\u0105zaniach zwi\u0105zanych z zapobieganiem, przeciwdzia\u0142aniem i\u00a0zwalczaniem COVID-19, innych chor\u00f3b zaka\u017anych oraz wywo\u0142anych nimi sytuacji kryzysowych (Dz.U. z\u00a02020 r. poz. 374), realizuj\u0105c wytyczne dla organizator\u00f3w imprez kulturalnych i rozrywkowych w trakcie epidemii wirusa SARS-CoV-2 w Polsce M\u0142odzie\u017cowy Dom Kultury w [&hellip;]<\/p>\n","protected":false},"author":1,"featured_media":0,"parent":3077,"menu_order":0,"comment_status":"closed","ping_status":"closed","template":"","meta":{"footnotes":""},"class_list":["post-3074","page","type-page","status-publish","hentry"],"yoast_head":"<!-- This site is optimized with the Yoast SEO plugin v16.1.1 - https:\/\/yoast.com\/wordpress\/plugins\/seo\/ -->\n<title>Klauzula informacyjna COVID-19 - MDK<\/title>\n<link rel=\"canonical\" href=\"https:\/\/mdkoswiecim.pl\/index.php\/rodo\/klauzula-informacyjna-covid-19\/\" \/>\n<meta property=\"og:locale\" content=\"pl_PL\" \/>\n<meta property=\"og:type\" content=\"article\" \/>\n<meta property=\"og:title\" content=\"Klauzula informacyjna COVID-19 - MDK\" \/>\n<meta property=\"og:description\" content=\"[vc_row][vc_column][vc_column_text]Szanowni Pa\u0144stwo, informujemy, i\u017c zgodnie z art. 17 ustawy z dnia 2 marca 2020 r. o\u00a0szczeg\u00f3lnych rozwi\u0105zaniach zwi\u0105zanych z zapobieganiem, przeciwdzia\u0142aniem i\u00a0zwalczaniem COVID-19, innych chor\u00f3b zaka\u017anych oraz wywo\u0142anych nimi sytuacji kryzysowych (Dz.U. z\u00a02020 r. poz. 374), realizuj\u0105c wytyczne dla organizator\u00f3w imprez kulturalnych i rozrywkowych w trakcie epidemii wirusa SARS-CoV-2 w Polsce M\u0142odzie\u017cowy Dom Kultury w [&hellip;]\" \/>\n<meta property=\"og:url\" content=\"https:\/\/mdkoswiecim.pl\/index.php\/rodo\/klauzula-informacyjna-covid-19\/\" \/>\n<meta property=\"og:site_name\" content=\"MDK\" \/>\n<meta property=\"article:modified_time\" content=\"2021-04-07T19:34:33+00:00\" \/>\n<meta name=\"twitter:card\" content=\"summary_large_image\" \/>\n<meta name=\"twitter:label1\" content=\"Szacowany czas czytania\">\n\t<meta name=\"twitter:data1\" content=\"3 minuty\">\n<script type=\"application\/ld+json\" class=\"yoast-schema-graph\">{\"@context\":\"https:\/\/schema.org\",\"@graph\":[{\"@type\":\"WebSite\",\"@id\":\"https:\/\/mdkoswiecim.pl\/#website\",\"url\":\"https:\/\/mdkoswiecim.pl\/\",\"name\":\"MDK\",\"description\":\"M\\u0142odzie\\u017cowy Dom Kultury w O\\u015bwi\\u0119cimiu\",\"potentialAction\":[{\"@type\":\"SearchAction\",\"target\":\"https:\/\/mdkoswiecim.pl\/?s={search_term_string}\",\"query-input\":\"required name=search_term_string\"}],\"inLanguage\":\"pl-PL\"},{\"@type\":\"WebPage\",\"@id\":\"https:\/\/mdkoswiecim.pl\/index.php\/rodo\/klauzula-informacyjna-covid-19\/#webpage\",\"url\":\"https:\/\/mdkoswiecim.pl\/index.php\/rodo\/klauzula-informacyjna-covid-19\/\",\"name\":\"Klauzula informacyjna COVID-19 - MDK\",\"isPartOf\":{\"@id\":\"https:\/\/mdkoswiecim.pl\/#website\"},\"datePublished\":\"2021-02-03T16:59:55+00:00\",\"dateModified\":\"2021-04-07T19:34:33+00:00\",\"breadcrumb\":{\"@id\":\"https:\/\/mdkoswiecim.pl\/index.php\/rodo\/klauzula-informacyjna-covid-19\/#breadcrumb\"},\"inLanguage\":\"pl-PL\",\"potentialAction\":[{\"@type\":\"ReadAction\",\"target\":[\"https:\/\/mdkoswiecim.pl\/index.php\/rodo\/klauzula-informacyjna-covid-19\/\"]}]},{\"@type\":\"BreadcrumbList\",\"@id\":\"https:\/\/mdkoswiecim.pl\/index.php\/rodo\/klauzula-informacyjna-covid-19\/#breadcrumb\",\"itemListElement\":[{\"@type\":\"ListItem\",\"position\":1,\"item\":{\"@type\":\"WebPage\",\"@id\":\"https:\/\/mdkoswiecim.pl\/\",\"url\":\"https:\/\/mdkoswiecim.pl\/\",\"name\":\"Strona g\\u0142\\u00f3wna\"}},{\"@type\":\"ListItem\",\"position\":2,\"item\":{\"@type\":\"WebPage\",\"@id\":\"https:\/\/mdkoswiecim.pl\/index.php\/rodo\/\",\"url\":\"https:\/\/mdkoswiecim.pl\/index.php\/rodo\/\",\"name\":\"RODO\"}},{\"@type\":\"ListItem\",\"position\":3,\"item\":{\"@type\":\"WebPage\",\"@id\":\"https:\/\/mdkoswiecim.pl\/index.php\/rodo\/klauzula-informacyjna-covid-19\/\",\"url\":\"https:\/\/mdkoswiecim.pl\/index.php\/rodo\/klauzula-informacyjna-covid-19\/\",\"name\":\"Klauzula informacyjna COVID-19\"}}]}]}<\/script>\n<!-- \/ Yoast SEO plugin. -->","_links":{"self":[{"href":"https:\/\/mdkoswiecim.pl\/index.php\/wp-json\/wp\/v2\/pages\/3074","targetHints":{"allow":["GET"]}}],"collection":[{"href":"https:\/\/mdkoswiecim.pl\/index.php\/wp-json\/wp\/v2\/pages"}],"about":[{"href":"https:\/\/mdkoswiecim.pl\/index.php\/wp-json\/wp\/v2\/types\/page"}],"author":[{"embeddable":true,"href":"https:\/\/mdkoswiecim.pl\/index.php\/wp-json\/wp\/v2\/users\/1"}],"replies":[{"embeddable":true,"href":"https:\/\/mdkoswiecim.pl\/index.php\/wp-json\/wp\/v2\/comments?post=3074"}],"version-history":[{"count":7,"href":"https:\/\/mdkoswiecim.pl\/index.php\/wp-json\/wp\/v2\/pages\/3074\/revisions"}],"predecessor-version":[{"id":13664,"href":"https:\/\/mdkoswiecim.pl\/index.php\/wp-json\/wp\/v2\/pages\/3074\/revisions\/13664"}],"up":[{"embeddable":true,"href":"https:\/\/mdkoswiecim.pl\/index.php\/wp-json\/wp\/v2\/pages\/3077"}],"wp:attachment":[{"href":"https:\/\/mdkoswiecim.pl\/index.php\/wp-json\/wp\/v2\/media?parent=3074"}],"curies":[{"name":"wp","href":"https:\/\/api.w.org\/{rel}","templated":true}]}}