{"id":2357,"date":"2016-08-18T12:52:11","date_gmt":"2016-08-18T09:52:11","guid":{"rendered":"https:\/\/smartyschool.stylemixthemes.com\/es\/about\/"},"modified":"2021-03-01T19:21:01","modified_gmt":"2021-03-01T18:21:01","slug":"o-nas","status":"publish","type":"page","link":"https:\/\/mdkoswiecim.pl\/index.php\/o-nas\/","title":{"rendered":"O nas"},"content":{"rendered":"<p>[vc_row el_class=&#8221;stm-row_table&#8221; css=&#8221;.vc_custom_1471583510200{margin-bottom: 45px !important;}&#8221;][vc_column offset=&#8221;vc_col-lg-9 vc_col-md-offset-0 vc_col-md-9 vc_col-sm-offset-0 vc_col-xs-12&#8243;][stm_title title_tag=&#8221;div&#8221; title_color=&#8221;custom&#8221; page_title_enable=&#8221;true&#8221; title_font_size=&#8221;36px&#8221; title_line_height=&#8221;54px&#8221; title_color_custom=&#8221;#000000&#8243; title_margin_b=&#8221;21px&#8221; title_margin_t=&#8221;17px&#8221;][\/stm_title][vc_column_text css=&#8221;.vc_custom_1612379295945{margin-bottom: 29px !important;}&#8221;]<span style=\"font-family: verdana, geneva, sans-serif;\">M\u0142odzie\u017cowy Dom Kultury w O\u015bwi\u0119cimiu jest publiczn\u0105 plac\u00f3wk\u0105 wychowania pozaszkolnego, prowadzon\u0105 od 1999 roku przez Starostwo Powiatowe w O\u015bwi\u0119cimiu, a nadzorowan\u0105 przez Kuratorium O\u015bwiaty w Krakowie, Delegatura w Wadowicach. Prowadzi dzia\u0142alno\u015b\u0107 w sta\u0142ych sekcjach zainteresowa\u0144 oraz organizuje imprezy otwarte dla dzieci i m\u0142odzie\u017cy z terenu miasta i powiatu.<\/span>[\/vc_column_text][vc_row_inner][vc_column_inner width=&#8221;1\/2&#8243;][vc_single_image image=&#8221;3083&#8243; img_size=&#8221;435&#215;280&#8243; el_class=&#8221;img-responsive&#8221;][\/vc_column_inner][vc_column_inner width=&#8221;1\/2&#8243;][vc_column_text]<span style=\"font-family: verdana, geneva, sans-serif;\">Plac\u00f3wka powsta\u0142a w 1955 roku, kiedy to decyzj\u0105 Miejskiej Rady Narodowej w O\u015bwi\u0119cimiu zosta\u0142 powo\u0142any Dom Harcerza. Dom spe\u0142nia\u0142 g\u0142\u00f3wnie funkcje opieku\u0144cze, staraj\u0105c si\u0119 zapewni\u0107 bezpiecze\u0144stwo i zaj\u0119cie licznej grupie dzieci i m\u0142odzie\u017cy pozostaj\u0105cej bez nadzoru i opieki doros\u0142ych. Dysponowa\u0142\u00a0 pomieszczeniami\u00a0 w piwnicy Szko\u0142y Podstawowej nr 2 w O\u015bwi\u0119cimiu.<\/span>[\/vc_column_text][stm_btn_simple btn_icon_enable=&#8221;true&#8221; btn_link=&#8221;url:http%3A%2F%2Fmdrncmp.webd.pro%2Fmdkfortest%2Findex.php%2Fo-nas%2Fhistoria%2F|title:Historia&#8221; btn_link_text=&#8221;Wi\u0119cej w zak\u0142adce &#8220;Historia&#8220;&#8221;][\/vc_column_inner][\/vc_row_inner][\/vc_column][vc_column width=&#8221;1\/3&#8243; offset=&#8221;vc_col-lg-3 vc_col-md-3 vc_hidden-sm vc_col-xs-12 vc_hidden-xs&#8221;][stm_wp_custommenu nav_menu=&#8221;29&#8243; css=&#8221;.vc_custom_1499080549108{margin-top: 36px !important;}&#8221;][\/vc_column][\/vc_row][vc_row css=&#8221;.vc_custom_1471527651705{padding-top: 34px !important;}&#8221;][vc_column][stm_title title_tag=&#8221;div&#8221; title_color=&#8221;custom&#8221; title=&#8221;Nasza plac\u00f3wka&#8221; title_color_custom=&#8221;#000000&#8243; title_font_size=&#8221;30px&#8221; title_line_height=&#8221;42px&#8221; title_margin_b=&#8221;26px&#8221;][\/stm_title][vc_column_text css=&#8221;.vc_custom_1612379755935{margin-bottom: 23px !important;}&#8221;]<span style=\"font-family: verdana, geneva, sans-serif;\">M\u0142odzie\u017cowy Dom Kultury w O\u015bwi\u0119cimiu jest publiczn\u0105 plac\u00f3wk\u0105 o\u015bwiatowo-wychowawcz\u0105 prowadzon\u0105 przez Powiat O\u015bwi\u0119cimski. Swoim dzia\u0142aniem obejmuje dzieci i m\u0142odzie\u017c ca\u0142ego powiatu. Ka\u017cdego roku w sekcjach sta\u0142ych MDK dzia\u0142a ponad 800 uczestnik\u00f3w w wieku szkolnym. Zaj\u0119cia MDK odbywaj\u0105 si\u0119 nie tylko w siedzibie g\u0142\u00f3wnej przy ulicy Olszewskiego 1, ale te\u017c w wielu szko\u0142ach i plac\u00f3wkach ca\u0142ego powiatu. Celem takiego rozwi\u0105zania jest zwi\u0119kszenie mo\u017cliwo\u015bci udzia\u0142u w naszych zaj\u0119ciach.<\/span><br \/>\n<span style=\"font-family: verdana, geneva, sans-serif;\">Od wielu lat nasze sekcje i organizowane przez nas imprezy ciesz\u0105 si\u0119 nieustaj\u0105cym zainteresowaniem. Dzieci i m\u0142odzie\u017c maj\u0105 tu mo\u017cliwo\u015b\u0107 rozwijania zainteresowa\u0144 i uzdolnie\u0144 oraz spotkania podobnych sobie pasjonat\u00f3w z innych szk\u00f3\u0142. Jest to wi\u0119c wspania\u0142a okazja do integracji r\u00f3wie\u015bniczej.<\/span><br \/>\n<span style=\"font-family: verdana, geneva, sans-serif;\">Nasza bogata oferta obejmuje zaj\u0119cia z r\u00f3\u017cnych dziedzin:<\/span><br \/>\n<span style=\"font-family: verdana, geneva, sans-serif;\"><strong>PLASTYCZNE I R\u0118KODZIELNICZE<\/strong>: PLASTYKA, RYSUNEK, GRAFIKA, MODELARSTWO, HAFT-SZYDE\u0141KOWANIE, GRAFIKA KOMPUTEROWA, DECOUPAGE, PROJEKTOWANIE MODY, CERAMIKA;<\/span><br \/>\n<span style=\"font-family: verdana, geneva, sans-serif;\"><strong>MUZYCZNE<\/strong>:\u00a0 GRA NA GITARZE, GRA NA KEYBOARDZIE, ZESP\u00d3\u0141 WOKALNY, ZESP\u00d3\u0141 WOKALNO \u2013 INSTRUMENTALNY;<\/span><br \/>\n<span style=\"font-family: verdana, geneva, sans-serif;\"><strong>EDUKACYJNE<\/strong>: GRY LOGICZNE,\u00a0 TECHNIKI UCZENIA SI\u0118, TEATR, ANALIZA TEKST\u00d3W KULTURY;<\/span><br \/>\n<span style=\"font-family: verdana, geneva, sans-serif;\"><strong>SPORTOWE<\/strong>: TANIEC ZESPO\u0141OWY, TANIEC TOWARZYSKI, SZACHY.<\/span><\/p>\n<p><span style=\"font-family: verdana, geneva, sans-serif;\">Opr\u00f3cz zaj\u0119\u0107 sta\u0142ych MDK organizuje liczne spotkania tematyczne, warsztaty, koncerty, wystawy, przegl\u0105dy oraz turnieje, zar\u00f3wno w tygodniu, jak i w dni wolne od nauki szkolnej. W ci\u0105gu ca\u0142ego roku odbywaj\u0105 si\u0119 liczne imprezy kulturalne, zar\u00f3wno w\u0142asne, jak i organizowane wsp\u00f3lnie z innymi instytucjami. R\u00f3wnie\u017c ferie zimowe i wakacje obfituj\u0105 w ciekawe wydarzenia. Dzi\u0119ki nim m\u0142odzie\u017c mo\u017ce bezpiecznie sp\u0119dzi\u0107 czas rozwijaj\u0105c swoje zainteresowania i uzdolnienia.<\/span><\/p>\n<p><span style=\"font-family: verdana, geneva, sans-serif;\">Wszystkie zaj\u0119cia organizowane przez MDK s\u0105 bezp\u0142atne i maj\u0105 charakter otwarty, dzi\u0119ki czemu ka\u017cdy m\u0142ody cz\u0142owiek ma mo\u017cliwo\u015b\u0107 skorzystania z nich.\u00a0 W naszej siedzibie m\u0142odzie\u017c mo\u017ce znale\u017a\u0107 informacje o ofertach szk\u00f3\u0142 ponadgimnazjalnych i wy\u017cszych, a tak\u017ce propozycje wypoczynku i rozrywki.<\/span><\/p>\n<p><span style=\"font-family: verdana, geneva, sans-serif;\">MDK jest organizatorem eliminacji rejonowych i powiatowych wielu konkurs\u00f3w (w tym og\u00f3lnopolskich i wojew\u00f3dzkich). W\u015br\u00f3d nich dominuj\u0105 konkursy plastyczne i recytatorskie.<\/span><\/p>\n<p><span style=\"font-family: verdana, geneva, sans-serif;\">M\u0142odzie\u017cowy Dom Kultury w O\u015bwi\u0119cimiu realizuje powiatowe projekty edukacyjno-kulturalne, w tym m. in.: SOLIDARNI, KREATYWNI, warsztaty artystyczne, warsztaty naukowe dla najlepszych uczni\u00f3w szk\u00f3\u0142 ponadgimnazjalnych, wyjazdy dla najaktywniejszych wolontariuszy, wsp\u00f3lne przedsi\u0119wzi\u0119cia m\u0142odzie\u017cy szk\u00f3\u0142 powiatowych z m\u0142odzie\u017c\u0105 innych kraj\u00f3w.<\/span><\/p>\n<p><span style=\"font-family: verdana, geneva, sans-serif;\">Nasi podopieczni cz\u0119sto tworz\u0105 opraw\u0119 muzyczn\u0105 i plastyczn\u0105 licznych imprez, w tym wojew\u00f3dzkich, powiatowych i lokalnych.<\/span>[\/vc_column_text][stm_btn_simple btn_icon_enable=&#8221;true&#8221; btn_link=&#8221;url:http%3A%2F%2Fmdrncmp.webd.pro%2Fmdkfortest%2Findex.php%2Fsekcje%2F|title:Zobacz%20nasze%20sekcje&#8221; btn_link_text=&#8221;Zobacz nasze sekcje&#8221;][vc_separator][\/vc_column][\/vc_row]<\/p>\n","protected":false},"excerpt":{"rendered":"<p>[vc_row el_class=&#8221;stm-row_table&#8221; css=&#8221;.vc_custom_1471583510200{margin-bottom: 45px !important;}&#8221;][vc_column offset=&#8221;vc_col-lg-9 vc_col-md-offset-0 vc_col-md-9 vc_col-sm-offset-0 vc_col-xs-12&#8243;][stm_title title_tag=&#8221;div&#8221; title_color=&#8221;custom&#8221; page_title_enable=&#8221;true&#8221; title_font_size=&#8221;36px&#8221; title_line_height=&#8221;54px&#8221; title_color_custom=&#8221;#000000&#8243; title_margin_b=&#8221;21px&#8221; title_margin_t=&#8221;17px&#8221;][\/stm_title][vc_column_text css=&#8221;.vc_custom_1612379295945{margin-bottom: 29px !important;}&#8221;]M\u0142odzie\u017cowy Dom Kultury w O\u015bwi\u0119cimiu jest publiczn\u0105 plac\u00f3wk\u0105 wychowania pozaszkolnego, prowadzon\u0105 od 1999 roku przez Starostwo Powiatowe w O\u015bwi\u0119cimiu, a nadzorowan\u0105 przez Kuratorium O\u015bwiaty w Krakowie, Delegatura w Wadowicach. Prowadzi dzia\u0142alno\u015b\u0107 w sta\u0142ych sekcjach zainteresowa\u0144 [&hellip;]<\/p>\n","protected":false},"author":1,"featured_media":0,"parent":0,"menu_order":1,"comment_status":"closed","ping_status":"closed","template":"","meta":{"footnotes":""},"class_list":["post-2357","page","type-page","status-publish","hentry"],"yoast_head":"<!-- This site is optimized with the Yoast SEO plugin v16.1.1 - https:\/\/yoast.com\/wordpress\/plugins\/seo\/ -->\n<title>O nas - MDK<\/title>\n<link rel=\"canonical\" href=\"https:\/\/mdkoswiecim.pl\/index.php\/o-nas\/\" \/>\n<meta property=\"og:locale\" content=\"pl_PL\" \/>\n<meta property=\"og:type\" content=\"article\" \/>\n<meta property=\"og:title\" content=\"O nas - MDK\" \/>\n<meta property=\"og:description\" content=\"[vc_row el_class=&#8221;stm-row_table&#8221; css=&#8221;.vc_custom_1471583510200{margin-bottom: 45px !important;}&#8221;][vc_column offset=&#8221;vc_col-lg-9 vc_col-md-offset-0 vc_col-md-9 vc_col-sm-offset-0 vc_col-xs-12&#8243;][stm_title title_tag=&#8221;div&#8221; title_color=&#8221;custom&#8221; page_title_enable=&#8221;true&#8221; title_font_size=&#8221;36px&#8221; title_line_height=&#8221;54px&#8221; title_color_custom=&#8221;#000000&#8243; title_margin_b=&#8221;21px&#8221; title_margin_t=&#8221;17px&#8221;][\/stm_title][vc_column_text css=&#8221;.vc_custom_1612379295945{margin-bottom: 29px !important;}&#8221;]M\u0142odzie\u017cowy Dom Kultury w O\u015bwi\u0119cimiu jest publiczn\u0105 plac\u00f3wk\u0105 wychowania pozaszkolnego, prowadzon\u0105 od 1999 roku przez Starostwo Powiatowe w O\u015bwi\u0119cimiu, a nadzorowan\u0105 przez Kuratorium O\u015bwiaty w Krakowie, Delegatura w Wadowicach. Prowadzi dzia\u0142alno\u015b\u0107 w sta\u0142ych sekcjach zainteresowa\u0144 [&hellip;]\" \/>\n<meta property=\"og:url\" content=\"https:\/\/mdkoswiecim.pl\/index.php\/o-nas\/\" \/>\n<meta property=\"og:site_name\" content=\"MDK\" \/>\n<meta property=\"article:modified_time\" content=\"2021-03-01T18:21:01+00:00\" \/>\n<meta name=\"twitter:card\" content=\"summary_large_image\" \/>\n<meta name=\"twitter:label1\" content=\"Szacowany czas czytania\">\n\t<meta name=\"twitter:data1\" content=\"4 minuty\">\n<script type=\"application\/ld+json\" class=\"yoast-schema-graph\">{\"@context\":\"https:\/\/schema.org\",\"@graph\":[{\"@type\":\"WebSite\",\"@id\":\"https:\/\/mdkoswiecim.pl\/#website\",\"url\":\"https:\/\/mdkoswiecim.pl\/\",\"name\":\"MDK\",\"description\":\"M\\u0142odzie\\u017cowy Dom Kultury w O\\u015bwi\\u0119cimiu\",\"potentialAction\":[{\"@type\":\"SearchAction\",\"target\":\"https:\/\/mdkoswiecim.pl\/?s={search_term_string}\",\"query-input\":\"required name=search_term_string\"}],\"inLanguage\":\"pl-PL\"},{\"@type\":\"WebPage\",\"@id\":\"https:\/\/mdkoswiecim.pl\/index.php\/o-nas\/#webpage\",\"url\":\"https:\/\/mdkoswiecim.pl\/index.php\/o-nas\/\",\"name\":\"O nas - MDK\",\"isPartOf\":{\"@id\":\"https:\/\/mdkoswiecim.pl\/#website\"},\"datePublished\":\"2016-08-18T09:52:11+00:00\",\"dateModified\":\"2021-03-01T18:21:01+00:00\",\"breadcrumb\":{\"@id\":\"https:\/\/mdkoswiecim.pl\/index.php\/o-nas\/#breadcrumb\"},\"inLanguage\":\"pl-PL\",\"potentialAction\":[{\"@type\":\"ReadAction\",\"target\":[\"https:\/\/mdkoswiecim.pl\/index.php\/o-nas\/\"]}]},{\"@type\":\"BreadcrumbList\",\"@id\":\"https:\/\/mdkoswiecim.pl\/index.php\/o-nas\/#breadcrumb\",\"itemListElement\":[{\"@type\":\"ListItem\",\"position\":1,\"item\":{\"@type\":\"WebPage\",\"@id\":\"https:\/\/mdkoswiecim.pl\/\",\"url\":\"https:\/\/mdkoswiecim.pl\/\",\"name\":\"Strona g\\u0142\\u00f3wna\"}},{\"@type\":\"ListItem\",\"position\":2,\"item\":{\"@type\":\"WebPage\",\"@id\":\"https:\/\/mdkoswiecim.pl\/index.php\/o-nas\/\",\"url\":\"https:\/\/mdkoswiecim.pl\/index.php\/o-nas\/\",\"name\":\"O nas\"}}]}]}<\/script>\n<!-- \/ Yoast SEO plugin. -->","_links":{"self":[{"href":"https:\/\/mdkoswiecim.pl\/index.php\/wp-json\/wp\/v2\/pages\/2357","targetHints":{"allow":["GET"]}}],"collection":[{"href":"https:\/\/mdkoswiecim.pl\/index.php\/wp-json\/wp\/v2\/pages"}],"about":[{"href":"https:\/\/mdkoswiecim.pl\/index.php\/wp-json\/wp\/v2\/types\/page"}],"author":[{"embeddable":true,"href":"https:\/\/mdkoswiecim.pl\/index.php\/wp-json\/wp\/v2\/users\/1"}],"replies":[{"embeddable":true,"href":"https:\/\/mdkoswiecim.pl\/index.php\/wp-json\/wp\/v2\/comments?post=2357"}],"version-history":[{"count":18,"href":"https:\/\/mdkoswiecim.pl\/index.php\/wp-json\/wp\/v2\/pages\/2357\/revisions"}],"predecessor-version":[{"id":13420,"href":"https:\/\/mdkoswiecim.pl\/index.php\/wp-json\/wp\/v2\/pages\/2357\/revisions\/13420"}],"wp:attachment":[{"href":"https:\/\/mdkoswiecim.pl\/index.php\/wp-json\/wp\/v2\/media?parent=2357"}],"curies":[{"name":"wp","href":"https:\/\/api.w.org\/{rel}","templated":true}]}}