{"id":16171,"date":"2022-11-23T12:40:52","date_gmt":"2022-11-23T11:40:52","guid":{"rendered":"https:\/\/mdkoswiecim.pl\/?page_id=16171"},"modified":"2024-10-08T12:29:28","modified_gmt":"2024-10-08T10:29:28","slug":"rada-rodzicow","status":"publish","type":"page","link":"https:\/\/mdkoswiecim.pl\/index.php\/rada-rodzicow\/","title":{"rendered":"Rada Rodzic\u00f3w"},"content":{"rendered":"\n<p><strong>Szanowni Rodzice<\/strong><\/p>\n\n\n\n<p>Rada rodzic\u00f3w M\u0142odzie\u017cowego Domu Kultury w O\u015bwi\u0119cimiu zwraca si\u0119 z ogromna pro\u015bb\u0105 o dokonanie wp\u0142at na tzw. &#8220;Komitet rodzicielski&#8221;.<\/p>\n\n\n\n<p>Sk\u0142adka wynosi <strong>70 z\u0142<\/strong> na semestr.<\/p>\n\n\n\n<p>Op\u0142ata za wypo\u017cyczenie instrumentu: 15 z\u0142 za miesi\u0105c.<\/p>\n\n\n\n<p>P\u0142atno\u015bci mo\u017cna dokona\u0107 na konto Rady Rodzic\u00f3w: <\/p>\n\n\n\n<p>odbiorca: <strong>Rada Rodzic\u00f3w M\u0142odzie\u017cowego Domu Kultury w O\u015bwi\u0119cimiu <\/strong><\/p>\n\n\n\n<p><strong>nr. konta: 39 1240 1170 1111 0010 0093 3183<\/strong><\/p>\n\n\n\n<p>Jednocze\u015bnie przegniemy poinformowa\u0107, \u017ce wp\u0142acane przez Pa\u0144stwa pieni\u0105dze wracaj\u0105 do Waszych dzieci w postaci finansowania imprez dla uczestnik\u00f3w sekcji MDK, wyjazd\u00f3w, materia\u0142\u00f3w i pomocy do zaj\u0119\u0107, nagr\u00f3d, itp.<\/p>\n","protected":false},"excerpt":{"rendered":"<p>Szanowni Rodzice Rada rodzic\u00f3w M\u0142odzie\u017cowego Domu Kultury w O\u015bwi\u0119cimiu zwraca si\u0119 z ogromna pro\u015bb\u0105 o dokonanie wp\u0142at na tzw. &#8220;Komitet rodzicielski&#8221;. Sk\u0142adka wynosi 70 z\u0142 na semestr. Op\u0142ata za wypo\u017cyczenie instrumentu: 15 z\u0142 za miesi\u0105c. P\u0142atno\u015bci mo\u017cna dokona\u0107 na konto Rady Rodzic\u00f3w: odbiorca: Rada Rodzic\u00f3w M\u0142odzie\u017cowego Domu Kultury w O\u015bwi\u0119cimiu nr. konta: 39 1240 1170 [&hellip;]<\/p>\n","protected":false},"author":2,"featured_media":0,"parent":0,"menu_order":0,"comment_status":"closed","ping_status":"closed","template":"","meta":{"footnotes":""},"class_list":["post-16171","page","type-page","status-publish","hentry"],"yoast_head":"<!-- This site is optimized with the Yoast SEO plugin v16.1.1 - https:\/\/yoast.com\/wordpress\/plugins\/seo\/ -->\n<title>Rada Rodzic\u00f3w - MDK<\/title>\n<link rel=\"canonical\" href=\"https:\/\/mdkoswiecim.pl\/index.php\/rada-rodzicow\/\" \/>\n<meta property=\"og:locale\" content=\"pl_PL\" \/>\n<meta property=\"og:type\" content=\"article\" \/>\n<meta property=\"og:title\" content=\"Rada Rodzic\u00f3w - MDK\" \/>\n<meta property=\"og:description\" content=\"Szanowni Rodzice Rada rodzic\u00f3w M\u0142odzie\u017cowego Domu Kultury w O\u015bwi\u0119cimiu zwraca si\u0119 z ogromna pro\u015bb\u0105 o dokonanie wp\u0142at na tzw. &#8220;Komitet rodzicielski&#8221;. Sk\u0142adka wynosi 70 z\u0142 na semestr. Op\u0142ata za wypo\u017cyczenie instrumentu: 15 z\u0142 za miesi\u0105c. P\u0142atno\u015bci mo\u017cna dokona\u0107 na konto Rady Rodzic\u00f3w: odbiorca: Rada Rodzic\u00f3w M\u0142odzie\u017cowego Domu Kultury w O\u015bwi\u0119cimiu nr. konta: 39 1240 1170 [&hellip;]\" \/>\n<meta property=\"og:url\" content=\"https:\/\/mdkoswiecim.pl\/index.php\/rada-rodzicow\/\" \/>\n<meta property=\"og:site_name\" content=\"MDK\" \/>\n<meta property=\"article:modified_time\" content=\"2024-10-08T10:29:28+00:00\" \/>\n<meta name=\"twitter:card\" content=\"summary_large_image\" \/>\n<meta name=\"twitter:label1\" content=\"Szacowany czas czytania\">\n\t<meta name=\"twitter:data1\" content=\"1 minuta\">\n<script type=\"application\/ld+json\" class=\"yoast-schema-graph\">{\"@context\":\"https:\/\/schema.org\",\"@graph\":[{\"@type\":\"WebSite\",\"@id\":\"https:\/\/mdkoswiecim.pl\/#website\",\"url\":\"https:\/\/mdkoswiecim.pl\/\",\"name\":\"MDK\",\"description\":\"M\\u0142odzie\\u017cowy Dom Kultury w O\\u015bwi\\u0119cimiu\",\"potentialAction\":[{\"@type\":\"SearchAction\",\"target\":\"https:\/\/mdkoswiecim.pl\/?s={search_term_string}\",\"query-input\":\"required name=search_term_string\"}],\"inLanguage\":\"pl-PL\"},{\"@type\":\"WebPage\",\"@id\":\"https:\/\/mdkoswiecim.pl\/index.php\/rada-rodzicow\/#webpage\",\"url\":\"https:\/\/mdkoswiecim.pl\/index.php\/rada-rodzicow\/\",\"name\":\"Rada Rodzic\\u00f3w - MDK\",\"isPartOf\":{\"@id\":\"https:\/\/mdkoswiecim.pl\/#website\"},\"datePublished\":\"2022-11-23T11:40:52+00:00\",\"dateModified\":\"2024-10-08T10:29:28+00:00\",\"breadcrumb\":{\"@id\":\"https:\/\/mdkoswiecim.pl\/index.php\/rada-rodzicow\/#breadcrumb\"},\"inLanguage\":\"pl-PL\",\"potentialAction\":[{\"@type\":\"ReadAction\",\"target\":[\"https:\/\/mdkoswiecim.pl\/index.php\/rada-rodzicow\/\"]}]},{\"@type\":\"BreadcrumbList\",\"@id\":\"https:\/\/mdkoswiecim.pl\/index.php\/rada-rodzicow\/#breadcrumb\",\"itemListElement\":[{\"@type\":\"ListItem\",\"position\":1,\"item\":{\"@type\":\"WebPage\",\"@id\":\"https:\/\/mdkoswiecim.pl\/\",\"url\":\"https:\/\/mdkoswiecim.pl\/\",\"name\":\"Strona g\\u0142\\u00f3wna\"}},{\"@type\":\"ListItem\",\"position\":2,\"item\":{\"@type\":\"WebPage\",\"@id\":\"https:\/\/mdkoswiecim.pl\/index.php\/rada-rodzicow\/\",\"url\":\"https:\/\/mdkoswiecim.pl\/index.php\/rada-rodzicow\/\",\"name\":\"Rada Rodzic\\u00f3w\"}}]}]}<\/script>\n<!-- \/ Yoast SEO plugin. -->","_links":{"self":[{"href":"https:\/\/mdkoswiecim.pl\/index.php\/wp-json\/wp\/v2\/pages\/16171","targetHints":{"allow":["GET"]}}],"collection":[{"href":"https:\/\/mdkoswiecim.pl\/index.php\/wp-json\/wp\/v2\/pages"}],"about":[{"href":"https:\/\/mdkoswiecim.pl\/index.php\/wp-json\/wp\/v2\/types\/page"}],"author":[{"embeddable":true,"href":"https:\/\/mdkoswiecim.pl\/index.php\/wp-json\/wp\/v2\/users\/2"}],"replies":[{"embeddable":true,"href":"https:\/\/mdkoswiecim.pl\/index.php\/wp-json\/wp\/v2\/comments?post=16171"}],"version-history":[{"count":3,"href":"https:\/\/mdkoswiecim.pl\/index.php\/wp-json\/wp\/v2\/pages\/16171\/revisions"}],"predecessor-version":[{"id":19971,"href":"https:\/\/mdkoswiecim.pl\/index.php\/wp-json\/wp\/v2\/pages\/16171\/revisions\/19971"}],"wp:attachment":[{"href":"https:\/\/mdkoswiecim.pl\/index.php\/wp-json\/wp\/v2\/media?parent=16171"}],"curies":[{"name":"wp","href":"https:\/\/api.w.org\/{rel}","templated":true}]}}