{"id":13515,"date":"2021-03-08T19:39:58","date_gmt":"2021-03-08T18:39:58","guid":{"rendered":"http:\/\/mdrncmp.webd.pro\/mdkfortest\/?page_id=13515"},"modified":"2021-03-08T19:39:58","modified_gmt":"2021-03-08T18:39:58","slug":"cheerleaders","status":"publish","type":"page","link":"https:\/\/mdkoswiecim.pl\/index.php\/cheerleaders\/","title":{"rendered":"Cheerleaders"},"content":{"rendered":"<p>[vc_row][vc_column][vc_column_text]<span style=\"font-size: 36pt;\"><strong>Co tu robimy?<\/strong><\/span>[\/vc_column_text][\/vc_column][\/vc_row][vc_row][vc_column width=&#8221;1\/2&#8243;][vc_column_text]<\/p>\n<ul>\n<li>wspomaganie harmonijnego rozwoju uczni\u00f3w<\/li>\n<li>nauczanie element\u00f3w gimnastyczno- akrobatycznych<\/li>\n<li>rozwijanie umiej\u0119tno\u015bci tanecznych<\/li>\n<li>tworzenie uk\u0142ad\u00f3w choreograficznych cheer dance, pom dance, cheer<\/li>\n<li>podnoszenie sprawno\u015bci fizycznej, kszta\u0142towanie prawid\u0142owej sylwetki<\/li>\n<\/ul>\n<p>[\/vc_column_text][\/vc_column][vc_column width=&#8221;1\/2&#8243;][vc_single_image image=&#8221;3655&#8243; img_size=&#8221;large&#8221;][\/vc_column][\/vc_row][vc_row][vc_column][vc_column_text]<span style=\"font-size: 36pt;\"><strong>Kto prowadzi zaj\u0119cia?<\/strong><\/span>[\/vc_column_text][stm_teachers teachers_sort_by=&#8221;department&#8221; teachers_department=&#8221;cheerleaders&#8221;][\/vc_column][\/vc_row]<\/p>\n","protected":false},"excerpt":{"rendered":"<p>[vc_row][vc_column][vc_column_text]Co tu robimy?[\/vc_column_text][\/vc_column][\/vc_row][vc_row][vc_column width=&#8221;1\/2&#8243;][vc_column_text] wspomaganie harmonijnego rozwoju uczni\u00f3w nauczanie element\u00f3w gimnastyczno- akrobatycznych rozwijanie umiej\u0119tno\u015bci tanecznych tworzenie uk\u0142ad\u00f3w choreograficznych cheer dance, pom dance, cheer podnoszenie sprawno\u015bci fizycznej, kszta\u0142towanie prawid\u0142owej sylwetki [\/vc_column_text][\/vc_column][vc_column width=&#8221;1\/2&#8243;][vc_single_image image=&#8221;3655&#8243; img_size=&#8221;large&#8221;][\/vc_column][\/vc_row][vc_row][vc_column][vc_column_text]Kto prowadzi zaj\u0119cia?[\/vc_column_text][stm_teachers teachers_sort_by=&#8221;department&#8221; teachers_department=&#8221;cheerleaders&#8221;][\/vc_column][\/vc_row]<\/p>\n","protected":false},"author":1,"featured_media":0,"parent":0,"menu_order":0,"comment_status":"closed","ping_status":"closed","template":"","meta":{"footnotes":""},"class_list":["post-13515","page","type-page","status-publish","hentry"],"yoast_head":"<!-- This site is optimized with the Yoast SEO plugin v16.1.1 - https:\/\/yoast.com\/wordpress\/plugins\/seo\/ -->\n<title>Cheerleaders - MDK<\/title>\n<link rel=\"canonical\" href=\"https:\/\/mdkoswiecim.pl\/index.php\/cheerleaders\/\" \/>\n<meta property=\"og:locale\" content=\"pl_PL\" \/>\n<meta property=\"og:type\" content=\"article\" \/>\n<meta property=\"og:title\" content=\"Cheerleaders - MDK\" \/>\n<meta property=\"og:description\" content=\"[vc_row][vc_column][vc_column_text]Co tu robimy?[\/vc_column_text][\/vc_column][\/vc_row][vc_row][vc_column width=&#8221;1\/2&#8243;][vc_column_text] wspomaganie harmonijnego rozwoju uczni\u00f3w nauczanie element\u00f3w gimnastyczno- akrobatycznych rozwijanie umiej\u0119tno\u015bci tanecznych tworzenie uk\u0142ad\u00f3w choreograficznych cheer dance, pom dance, cheer podnoszenie sprawno\u015bci fizycznej, kszta\u0142towanie prawid\u0142owej sylwetki [\/vc_column_text][\/vc_column][vc_column width=&#8221;1\/2&#8243;][vc_single_image image=&#8221;3655&#8243; img_size=&#8221;large&#8221;][\/vc_column][\/vc_row][vc_row][vc_column][vc_column_text]Kto prowadzi zaj\u0119cia?[\/vc_column_text][stm_teachers teachers_sort_by=&#8221;department&#8221; teachers_department=&#8221;cheerleaders&#8221;][\/vc_column][\/vc_row]\" \/>\n<meta property=\"og:url\" content=\"https:\/\/mdkoswiecim.pl\/index.php\/cheerleaders\/\" \/>\n<meta property=\"og:site_name\" content=\"MDK\" \/>\n<meta name=\"twitter:card\" content=\"summary_large_image\" \/>\n<meta name=\"twitter:label1\" content=\"Szacowany czas czytania\">\n\t<meta name=\"twitter:data1\" content=\"1 minuta\">\n<script type=\"application\/ld+json\" class=\"yoast-schema-graph\">{\"@context\":\"https:\/\/schema.org\",\"@graph\":[{\"@type\":\"WebSite\",\"@id\":\"https:\/\/mdkoswiecim.pl\/#website\",\"url\":\"https:\/\/mdkoswiecim.pl\/\",\"name\":\"MDK\",\"description\":\"M\\u0142odzie\\u017cowy Dom Kultury w O\\u015bwi\\u0119cimiu\",\"potentialAction\":[{\"@type\":\"SearchAction\",\"target\":\"https:\/\/mdkoswiecim.pl\/?s={search_term_string}\",\"query-input\":\"required name=search_term_string\"}],\"inLanguage\":\"pl-PL\"},{\"@type\":\"WebPage\",\"@id\":\"https:\/\/mdkoswiecim.pl\/index.php\/cheerleaders\/#webpage\",\"url\":\"https:\/\/mdkoswiecim.pl\/index.php\/cheerleaders\/\",\"name\":\"Cheerleaders - MDK\",\"isPartOf\":{\"@id\":\"https:\/\/mdkoswiecim.pl\/#website\"},\"datePublished\":\"2021-03-08T18:39:58+00:00\",\"dateModified\":\"2021-03-08T18:39:58+00:00\",\"breadcrumb\":{\"@id\":\"https:\/\/mdkoswiecim.pl\/index.php\/cheerleaders\/#breadcrumb\"},\"inLanguage\":\"pl-PL\",\"potentialAction\":[{\"@type\":\"ReadAction\",\"target\":[\"https:\/\/mdkoswiecim.pl\/index.php\/cheerleaders\/\"]}]},{\"@type\":\"BreadcrumbList\",\"@id\":\"https:\/\/mdkoswiecim.pl\/index.php\/cheerleaders\/#breadcrumb\",\"itemListElement\":[{\"@type\":\"ListItem\",\"position\":1,\"item\":{\"@type\":\"WebPage\",\"@id\":\"https:\/\/mdkoswiecim.pl\/\",\"url\":\"https:\/\/mdkoswiecim.pl\/\",\"name\":\"Strona g\\u0142\\u00f3wna\"}},{\"@type\":\"ListItem\",\"position\":2,\"item\":{\"@type\":\"WebPage\",\"@id\":\"https:\/\/mdkoswiecim.pl\/index.php\/cheerleaders\/\",\"url\":\"https:\/\/mdkoswiecim.pl\/index.php\/cheerleaders\/\",\"name\":\"Cheerleaders\"}}]}]}<\/script>\n<!-- \/ Yoast SEO plugin. -->","_links":{"self":[{"href":"https:\/\/mdkoswiecim.pl\/index.php\/wp-json\/wp\/v2\/pages\/13515","targetHints":{"allow":["GET"]}}],"collection":[{"href":"https:\/\/mdkoswiecim.pl\/index.php\/wp-json\/wp\/v2\/pages"}],"about":[{"href":"https:\/\/mdkoswiecim.pl\/index.php\/wp-json\/wp\/v2\/types\/page"}],"author":[{"embeddable":true,"href":"https:\/\/mdkoswiecim.pl\/index.php\/wp-json\/wp\/v2\/users\/1"}],"replies":[{"embeddable":true,"href":"https:\/\/mdkoswiecim.pl\/index.php\/wp-json\/wp\/v2\/comments?post=13515"}],"version-history":[{"count":1,"href":"https:\/\/mdkoswiecim.pl\/index.php\/wp-json\/wp\/v2\/pages\/13515\/revisions"}],"predecessor-version":[{"id":13517,"href":"https:\/\/mdkoswiecim.pl\/index.php\/wp-json\/wp\/v2\/pages\/13515\/revisions\/13517"}],"wp:attachment":[{"href":"https:\/\/mdkoswiecim.pl\/index.php\/wp-json\/wp\/v2\/media?parent=13515"}],"curies":[{"name":"wp","href":"https:\/\/api.w.org\/{rel}","templated":true}]}}