{"id":13486,"date":"2021-03-08T19:11:36","date_gmt":"2021-03-08T18:11:36","guid":{"rendered":"http:\/\/mdrncmp.webd.pro\/mdkfortest\/?page_id=13486"},"modified":"2021-04-07T21:36:56","modified_gmt":"2021-04-07T19:36:56","slug":"grafika-warsztatowa","status":"publish","type":"page","link":"https:\/\/mdkoswiecim.pl\/index.php\/grafika-warsztatowa\/","title":{"rendered":"Grafika warsztatowa"},"content":{"rendered":"<p>[vc_row][vc_column][vc_column_text]<span style=\"font-size: 36pt;\"><strong>Co tu robimy?<\/strong><\/span>[\/vc_column_text][\/vc_column][\/vc_row][vc_row][vc_column width=&#8221;1\/2&#8243;][vc_column_text]<\/p>\n<ul>\n<li>poznawanie tajemnic grafiki artystycznej;<\/li>\n<li>proste formy druku wypuk\u0142ego (linoryt, gipsoryt);<\/li>\n<li>wg\u0142\u0119bnego (suchoryt, plastikoryt);<\/li>\n<li>techniki pokrewne (monotypia, kolograf);<\/li>\n<\/ul>\n<p>[\/vc_column_text][\/vc_column][vc_column width=&#8221;1\/2&#8243;][vc_single_image image=&#8221;3644&#8243; img_size=&#8221;large&#8221;][\/vc_column][\/vc_row][vc_row][vc_column][vc_column_text]<span style=\"font-size: 36pt;\"><strong>Kto prowadzi zaj\u0119cia?<\/strong><\/span>[\/vc_column_text][stm_teachers teachers_sort_by=&#8221;department&#8221; teachers_department=&#8221;grafika-warsztatowa&#8221;][\/vc_column][\/vc_row][vc_row][vc_column][vc_column_text]<span style=\"font-size: 36pt;\"><strong>Materia\u0142y do zaj\u0119\u0107<\/strong><\/span>[\/vc_column_text][stm_btn_simple btn_size=&#8221;size-custom&#8221; btn_link=&#8221;url:http%3A%2F%2Fmdkoswiecim.pl%2Findex.php%2Fdzial-zajec-plastycznych%2F|title:Dzia%C5%82%20zaj%C4%99%C4%87%20plastycznych&#8221; btn_link_text=&#8221;Zobacz w dziale zaj\u0119\u0107 plastycznych&#8221; btn_custom_width=&#8221;100%&#8221; btn_custom_height=&#8221;36px&#8221;][vc_empty_space][\/vc_column][\/vc_row]<\/p>\n","protected":false},"excerpt":{"rendered":"<p>[vc_row][vc_column][vc_column_text]Co tu robimy?[\/vc_column_text][\/vc_column][\/vc_row][vc_row][vc_column width=&#8221;1\/2&#8243;][vc_column_text] poznawanie tajemnic grafiki artystycznej; proste formy druku wypuk\u0142ego (linoryt, gipsoryt); wg\u0142\u0119bnego (suchoryt, plastikoryt); techniki pokrewne (monotypia, kolograf); [\/vc_column_text][\/vc_column][vc_column width=&#8221;1\/2&#8243;][vc_single_image image=&#8221;3644&#8243; img_size=&#8221;large&#8221;][\/vc_column][\/vc_row][vc_row][vc_column][vc_column_text]Kto prowadzi zaj\u0119cia?[\/vc_column_text][stm_teachers teachers_sort_by=&#8221;department&#8221; teachers_department=&#8221;grafika-warsztatowa&#8221;][\/vc_column][\/vc_row][vc_row][vc_column][vc_column_text]Materia\u0142y do zaj\u0119\u0107[\/vc_column_text][stm_btn_simple btn_size=&#8221;size-custom&#8221; btn_link=&#8221;url:http%3A%2F%2Fmdkoswiecim.pl%2Findex.php%2Fdzial-zajec-plastycznych%2F|title:Dzia%C5%82%20zaj%C4%99%C4%87%20plastycznych&#8221; btn_link_text=&#8221;Zobacz w dziale zaj\u0119\u0107 plastycznych&#8221; btn_custom_width=&#8221;100%&#8221; btn_custom_height=&#8221;36px&#8221;][vc_empty_space][\/vc_column][\/vc_row]<\/p>\n","protected":false},"author":1,"featured_media":0,"parent":0,"menu_order":0,"comment_status":"closed","ping_status":"closed","template":"","meta":{"footnotes":""},"class_list":["post-13486","page","type-page","status-publish","hentry"],"yoast_head":"<!-- This site is optimized with the Yoast SEO plugin v16.1.1 - https:\/\/yoast.com\/wordpress\/plugins\/seo\/ -->\n<title>Grafika warsztatowa - MDK<\/title>\n<link rel=\"canonical\" href=\"https:\/\/mdkoswiecim.pl\/index.php\/grafika-warsztatowa\/\" \/>\n<meta property=\"og:locale\" content=\"pl_PL\" \/>\n<meta property=\"og:type\" content=\"article\" \/>\n<meta property=\"og:title\" content=\"Grafika warsztatowa - MDK\" \/>\n<meta property=\"og:description\" content=\"[vc_row][vc_column][vc_column_text]Co tu robimy?[\/vc_column_text][\/vc_column][\/vc_row][vc_row][vc_column width=&#8221;1\/2&#8243;][vc_column_text] poznawanie tajemnic grafiki artystycznej; proste formy druku wypuk\u0142ego (linoryt, gipsoryt); wg\u0142\u0119bnego (suchoryt, plastikoryt); techniki pokrewne (monotypia, kolograf); [\/vc_column_text][\/vc_column][vc_column width=&#8221;1\/2&#8243;][vc_single_image image=&#8221;3644&#8243; img_size=&#8221;large&#8221;][\/vc_column][\/vc_row][vc_row][vc_column][vc_column_text]Kto prowadzi zaj\u0119cia?[\/vc_column_text][stm_teachers teachers_sort_by=&#8221;department&#8221; teachers_department=&#8221;grafika-warsztatowa&#8221;][\/vc_column][\/vc_row][vc_row][vc_column][vc_column_text]Materia\u0142y do zaj\u0119\u0107[\/vc_column_text][stm_btn_simple btn_size=&#8221;size-custom&#8221; btn_link=&#8221;url:http%3A%2F%2Fmdkoswiecim.pl%2Findex.php%2Fdzial-zajec-plastycznych%2F|title:Dzia%C5%82%20zaj%C4%99%C4%87%20plastycznych&#8221; btn_link_text=&#8221;Zobacz w dziale zaj\u0119\u0107 plastycznych&#8221; btn_custom_width=&#8221;100%&#8221; btn_custom_height=&#8221;36px&#8221;][vc_empty_space][\/vc_column][\/vc_row]\" \/>\n<meta property=\"og:url\" content=\"https:\/\/mdkoswiecim.pl\/index.php\/grafika-warsztatowa\/\" \/>\n<meta property=\"og:site_name\" content=\"MDK\" \/>\n<meta property=\"article:modified_time\" content=\"2021-04-07T19:36:56+00:00\" \/>\n<meta name=\"twitter:card\" content=\"summary_large_image\" \/>\n<meta name=\"twitter:label1\" content=\"Szacowany czas czytania\">\n\t<meta name=\"twitter:data1\" content=\"1 minuta\">\n<script type=\"application\/ld+json\" class=\"yoast-schema-graph\">{\"@context\":\"https:\/\/schema.org\",\"@graph\":[{\"@type\":\"WebSite\",\"@id\":\"https:\/\/mdkoswiecim.pl\/#website\",\"url\":\"https:\/\/mdkoswiecim.pl\/\",\"name\":\"MDK\",\"description\":\"M\\u0142odzie\\u017cowy Dom Kultury w O\\u015bwi\\u0119cimiu\",\"potentialAction\":[{\"@type\":\"SearchAction\",\"target\":\"https:\/\/mdkoswiecim.pl\/?s={search_term_string}\",\"query-input\":\"required name=search_term_string\"}],\"inLanguage\":\"pl-PL\"},{\"@type\":\"WebPage\",\"@id\":\"https:\/\/mdkoswiecim.pl\/index.php\/grafika-warsztatowa\/#webpage\",\"url\":\"https:\/\/mdkoswiecim.pl\/index.php\/grafika-warsztatowa\/\",\"name\":\"Grafika warsztatowa - MDK\",\"isPartOf\":{\"@id\":\"https:\/\/mdkoswiecim.pl\/#website\"},\"datePublished\":\"2021-03-08T18:11:36+00:00\",\"dateModified\":\"2021-04-07T19:36:56+00:00\",\"breadcrumb\":{\"@id\":\"https:\/\/mdkoswiecim.pl\/index.php\/grafika-warsztatowa\/#breadcrumb\"},\"inLanguage\":\"pl-PL\",\"potentialAction\":[{\"@type\":\"ReadAction\",\"target\":[\"https:\/\/mdkoswiecim.pl\/index.php\/grafika-warsztatowa\/\"]}]},{\"@type\":\"BreadcrumbList\",\"@id\":\"https:\/\/mdkoswiecim.pl\/index.php\/grafika-warsztatowa\/#breadcrumb\",\"itemListElement\":[{\"@type\":\"ListItem\",\"position\":1,\"item\":{\"@type\":\"WebPage\",\"@id\":\"https:\/\/mdkoswiecim.pl\/\",\"url\":\"https:\/\/mdkoswiecim.pl\/\",\"name\":\"Strona g\\u0142\\u00f3wna\"}},{\"@type\":\"ListItem\",\"position\":2,\"item\":{\"@type\":\"WebPage\",\"@id\":\"https:\/\/mdkoswiecim.pl\/index.php\/grafika-warsztatowa\/\",\"url\":\"https:\/\/mdkoswiecim.pl\/index.php\/grafika-warsztatowa\/\",\"name\":\"Grafika warsztatowa\"}}]}]}<\/script>\n<!-- \/ Yoast SEO plugin. -->","_links":{"self":[{"href":"https:\/\/mdkoswiecim.pl\/index.php\/wp-json\/wp\/v2\/pages\/13486","targetHints":{"allow":["GET"]}}],"collection":[{"href":"https:\/\/mdkoswiecim.pl\/index.php\/wp-json\/wp\/v2\/pages"}],"about":[{"href":"https:\/\/mdkoswiecim.pl\/index.php\/wp-json\/wp\/v2\/types\/page"}],"author":[{"embeddable":true,"href":"https:\/\/mdkoswiecim.pl\/index.php\/wp-json\/wp\/v2\/users\/1"}],"replies":[{"embeddable":true,"href":"https:\/\/mdkoswiecim.pl\/index.php\/wp-json\/wp\/v2\/comments?post=13486"}],"version-history":[{"count":2,"href":"https:\/\/mdkoswiecim.pl\/index.php\/wp-json\/wp\/v2\/pages\/13486\/revisions"}],"predecessor-version":[{"id":13668,"href":"https:\/\/mdkoswiecim.pl\/index.php\/wp-json\/wp\/v2\/pages\/13486\/revisions\/13668"}],"wp:attachment":[{"href":"https:\/\/mdkoswiecim.pl\/index.php\/wp-json\/wp\/v2\/media?parent=13486"}],"curies":[{"name":"wp","href":"https:\/\/api.w.org\/{rel}","templated":true}]}}